{"id":1454,"date":"2019-05-13T08:54:33","date_gmt":"2019-05-13T06:54:33","guid":{"rendered":"https:\/\/glueck-wunsch.de\/testimonial381b\/?page_id=1454"},"modified":"2023-03-07T15:05:03","modified_gmt":"2023-03-07T14:05:03","slug":"kinder-und-familien-christuskirche","status":"publish","type":"page","link":"https:\/\/glueck-wunsch.de\/testimonial381b\/kinder-und-familien-christuskirche\/","title":{"rendered":"Kinder und Familien"},"content":{"rendered":"\n<p>In unserer Gemeinde gibt es viele Veranstaltungen f\u00fcr Kinder:  <br>Kinderkino, Disko f\u00fcr Kinder, Kinderbibeltage, Lesenacht f\u00fcr Kinder, Zeltnacht f\u00fcr Kinder<br>Mehr dazu unter Aktuelles und im Kalender<\/p>\n\n\n\n<p><\/p>\n\n\n\n<h2 class=\"wp-block-heading\">Spielgruppe f\u00fcr Kleinkinder<\/h2>\n\n\n\n<p>Dienstags und Donnerstags. 9-12 Uhr<br>Ansprechpartnerin: Veronika Reff, Telefon: 0221 \u2013 6 20 92 99 (Anmeldung erforderlich)<\/p>\n\n\n\n<h2 class=\"wp-block-heading\">Kindergruppe (6 \u2013 12-J\u00e4hrige)<\/h2>\n\n\n\n<p>Freitags, 16:45 Uhr im Gemeindehaus der Christuskirche<br>Kinder von 6 bis 12 Jahren treffen sich zum Spielen, Basteln und noch viel mehr <\/p>\n\n\n\n<h2 class=\"wp-block-heading\">Krabbelgottesdienste<\/h2>\n\n\n\n<p>In der Regel jeden 3. Samstag im Monat feiern wir um 16:00 Uhr in der Christuskirche einen Krabbelgottesdienst. <br>Ansprechpartner: Pfarrer Ulrich Kock-Blunk, Telefon: 0221 \u2013 68 21 55<br>N\u00e4heres finden Sie im\u00a0<a href=\"https:\/\/glueck-wunsch.de\/testimonial381b\/kalender\/\">Terminkalender<\/a><\/p>\n\n\n\n<h2 class=\"wp-block-heading\">Spatzenkantorei<\/h2>\n\n\n\n<p>Proben:&nbsp;dienstags, 15:30 bis 16:15 Uhr im Gemeindehaus der Christuskirche<\/p>\n\n\n\n<p>Kinder von 5 bis 7 Jahren k\u00f6nnen sich spielerisch im Singen erfahren und ihre Stimmen erproben. &nbsp;Zusammen mit anderen Kindern studieren sie \u00fcber das Jahr Lieder und szenische Werke mit Musik ein und f\u00fchren sie auf.<br>Leitung:&nbsp;<a href=\"mailto:mechthild.brand@koeln.de\">Mechthild Brand<\/a><\/p>\n\n\n\n<h2 class=\"wp-block-heading\">Kinderkantorei<\/h2>\n\n\n\n<p>Proben: montags, 16:45-17:30 Uhr im Gemeindehaus Christuskirche<\/p>\n\n\n\n<p>Gr\u00f6\u00dfere Kinder (8-12 Jahre) entwickeln ihre musikalischen F\u00e4higkeiten in der Kinderkantorei. Sie lernen aufeinander zu h\u00f6ren und ihre eigene Stimme in den Gesamtklang einzubringen, werden vertraut mit geistlichen und weltlichen Liedern, singen ein- und zweistimmige St\u00fccke und manchmal auch ein Solo. Sie studieren f\u00fcr Musical- und Krippenspielauff\u00fchrungen szenische Werke mit Musik ein, bei denen die Kinder vom Klavier oder von einer Band begleitet werden.<br>Dabei stehen der Spa\u00df und das lebendige Miteinander mit im Vordergrund.<br>Leitung:&nbsp;<a href=\"mailto:mechthild.brand@koeln.de\">Mechthild Brand<\/a><\/p>\n\n\n\n<p><\/p>\n\n\n\n<h2 class=\"wp-block-heading\">Kindertagesst\u00e4tte<\/h2>\n\n\n\n<p>Unsere <a href=\"http:\/\/www.dellbrueck-holweide.kirche-koeln.de\/jm\/index.php\/versoehnungskirche\/kindertagessetaette\">Kindertagesst\u00e4tte<\/a> &#8222;Fair-eint&#8220; finden Sie in der <br>Buschfeldstra\u00dfe 30, 51067 K\u00f6ln, Telefon 0221 \u2013 63 12 65<\/p>\n\n\n\n<h2 class=\"wp-block-heading\"><\/h2>\n","protected":false},"excerpt":{"rendered":"<p>In unserer Gemeinde gibt es viele Veranstaltungen f\u00fcr Kinder: Kinderkino, Disko f\u00fcr Kinder, Kinderbibeltage, Lesenacht f\u00fcr Kinder, Zeltnacht f\u00fcr KinderMehr dazu unter Aktuelles und im Kalender Spielgruppe f\u00fcr Kleinkinder Dienstags und Donnerstags. 9-12 UhrAnsprechpartnerin: Veronika Reff, Telefon: 0221 \u2013 6 20 92 99 (Anmeldung erforderlich) Kindergruppe (6 \u2013 12-J\u00e4hrige) Freitags, 16:45 Uhr im Gemeindehaus der [&hellip;]<\/p>\n","protected":false},"author":21,"featured_media":0,"parent":0,"menu_order":0,"comment_status":"closed","ping_status":"closed","template":"","meta":{"_uag_custom_page_level_css":"","ocean_post_layout":"","ocean_both_sidebars_style":"","ocean_both_sidebars_content_width":0,"ocean_both_sidebars_sidebars_width":0,"ocean_sidebar":"0","ocean_second_sidebar":"0","ocean_disable_margins":"enable","ocean_add_body_class":"","ocean_shortcode_before_top_bar":"","ocean_shortcode_after_top_bar":"","ocean_shortcode_before_header":"","ocean_shortcode_after_header":"","ocean_has_shortcode":"","ocean_shortcode_after_title":"","ocean_shortcode_before_footer_widgets":"","ocean_shortcode_after_footer_widgets":"","ocean_shortcode_before_footer_bottom":"","ocean_shortcode_after_footer_bottom":"","ocean_display_top_bar":"default","ocean_display_header":"default","ocean_header_style":"","ocean_center_header_left_menu":"0","ocean_custom_header_template":"0","ocean_custom_logo":0,"ocean_custom_retina_logo":0,"ocean_custom_logo_max_width":0,"ocean_custom_logo_tablet_max_width":0,"ocean_custom_logo_mobile_max_width":0,"ocean_custom_logo_max_height":0,"ocean_custom_logo_tablet_max_height":0,"ocean_custom_logo_mobile_max_height":0,"ocean_header_custom_menu":"0","ocean_menu_typo_font_family":"0","ocean_menu_typo_font_subset":"","ocean_menu_typo_font_size":0,"ocean_menu_typo_font_size_tablet":0,"ocean_menu_typo_font_size_mobile":0,"ocean_menu_typo_font_size_unit":"px","ocean_menu_typo_font_weight":"","ocean_menu_typo_font_weight_tablet":"","ocean_menu_typo_font_weight_mobile":"","ocean_menu_typo_transform":"","ocean_menu_typo_transform_tablet":"","ocean_menu_typo_transform_mobile":"","ocean_menu_typo_line_height":0,"ocean_menu_typo_line_height_tablet":0,"ocean_menu_typo_line_height_mobile":0,"ocean_menu_typo_line_height_unit":"","ocean_menu_typo_spacing":0,"ocean_menu_typo_spacing_tablet":0,"ocean_menu_typo_spacing_mobile":0,"ocean_menu_typo_spacing_unit":"","ocean_menu_link_color":"","ocean_menu_link_color_hover":"","ocean_menu_link_color_active":"","ocean_menu_link_background":"","ocean_menu_link_hover_background":"","ocean_menu_link_active_background":"","ocean_menu_social_links_bg":"","ocean_menu_social_hover_links_bg":"","ocean_menu_social_links_color":"","ocean_menu_social_hover_links_color":"","ocean_disable_title":"default","ocean_disable_heading":"default","ocean_post_title":"","ocean_post_subheading":"","ocean_post_title_style":"","ocean_post_title_background_color":"","ocean_post_title_background":0,"ocean_post_title_bg_image_position":"","ocean_post_title_bg_image_attachment":"","ocean_post_title_bg_image_repeat":"","ocean_post_title_bg_image_size":"","ocean_post_title_height":0,"ocean_post_title_bg_overlay":0.5,"ocean_post_title_bg_overlay_color":"","ocean_disable_breadcrumbs":"default","ocean_breadcrumbs_color":"","ocean_breadcrumbs_separator_color":"","ocean_breadcrumbs_links_color":"","ocean_breadcrumbs_links_hover_color":"","ocean_display_footer_widgets":"default","ocean_display_footer_bottom":"default","ocean_custom_footer_template":"0","footnotes":""},"class_list":["post-1454","page","type-page","status-publish","hentry","entry"],"featured_image_src":null,"uagb_featured_image_src":{"full":false,"thumbnail":false,"medium":false,"medium_large":false,"large":false,"1536x1536":false,"2048x2048":false,"ocean-thumb-m":false,"ocean-thumb-ml":false,"ocean-thumb-l":false},"uagb_author_info":{"display_name":"Nora Mieke","author_link":"https:\/\/glueck-wunsch.de\/testimonial381b\/author\/admin-mieke\/"},"uagb_comment_info":0,"uagb_excerpt":"In unserer Gemeinde gibt es viele Veranstaltungen f\u00fcr Kinder: Kinderkino, Disko f\u00fcr Kinder, Kinderbibeltage, Lesenacht f\u00fcr Kinder, Zeltnacht f\u00fcr KinderMehr dazu unter Aktuelles und im Kalender Spielgruppe f\u00fcr Kleinkinder Dienstags und Donnerstags. 9-12 UhrAnsprechpartnerin: Veronika Reff, Telefon: 0221 \u2013 6 20 92 99 (Anmeldung erforderlich) Kindergruppe (6 \u2013 12-J\u00e4hrige) Freitags, 16:45 Uhr im Gemeindehaus der&hellip;","_links":{"self":[{"href":"https:\/\/glueck-wunsch.de\/testimonial381b\/wp-json\/wp\/v2\/pages\/1454","targetHints":{"allow":["GET"]}}],"collection":[{"href":"https:\/\/glueck-wunsch.de\/testimonial381b\/wp-json\/wp\/v2\/pages"}],"about":[{"href":"https:\/\/glueck-wunsch.de\/testimonial381b\/wp-json\/wp\/v2\/types\/page"}],"author":[{"embeddable":true,"href":"https:\/\/glueck-wunsch.de\/testimonial381b\/wp-json\/wp\/v2\/users\/21"}],"replies":[{"embeddable":true,"href":"https:\/\/glueck-wunsch.de\/testimonial381b\/wp-json\/wp\/v2\/comments?post=1454"}],"version-history":[{"count":3,"href":"https:\/\/glueck-wunsch.de\/testimonial381b\/wp-json\/wp\/v2\/pages\/1454\/revisions"}],"predecessor-version":[{"id":3977,"href":"https:\/\/glueck-wunsch.de\/testimonial381b\/wp-json\/wp\/v2\/pages\/1454\/revisions\/3977"}],"wp:attachment":[{"href":"https:\/\/glueck-wunsch.de\/testimonial381b\/wp-json\/wp\/v2\/media?parent=1454"}],"curies":[{"name":"wp","href":"https:\/\/api.w.org\/{rel}","templated":true}]}}