{"id":1529,"date":"2019-05-30T21:55:35","date_gmt":"2019-05-30T19:55:35","guid":{"rendered":"https:\/\/glueck-wunsch.de\/testimonial381b\/?page_id=1529"},"modified":"2019-06-02T22:47:20","modified_gmt":"2019-06-02T20:47:20","slug":"okumenischer-hospizdienst","status":"publish","type":"page","link":"https:\/\/glueck-wunsch.de\/testimonial381b\/okumenischer-hospizdienst\/","title":{"rendered":"\u00d6kumenischer Hospizdienst"},"content":{"rendered":"\n<p>Im \u00d6kumenischen Hospizdienst K\u00f6ln-Dellbr\u00fcck\/Holweide e.V. setzen sich ehrenamtlich Mitarbeitende mit viel Engagement und Freude daf\u00fcr ein, dass schwerstkranken und sterbenden Menschen in den Stadtteilen Dellbr\u00fcck und Holweide ein Leben in W\u00fcrde und Selbstbestimmung bis zuletzt in der gewohnten Umgebung erm\u00f6glicht wird.<\/p>\n\n\n\n<p>Wenn Sie mehr \u00fcber die Arbeit des Hospizdienstes wissen m\u00f6chten, Interesse an einem  Besuch haben oder bestimmte Fragen loswerden m\u00f6chten, kommen Sie einfach zur Sprechstunde. Frau Ulrike Lenhart steht gerne f\u00fcr ein unverbindliches und kostenfreies Gespr\u00e4ch zur Verf\u00fcgung.<\/p>\n\n\n\n<ul class=\"wp-block-list\"><li><strong>Ort:<\/strong>     51069 K\u00f6ln, Thurner Str. 105a<\/li><li><strong>Tel.:<\/strong>     0221 16 90 64 88 <\/li><li><strong>Fax: <\/strong>    0221 16 90 64 89<\/li><li><strong>Mobil:<\/strong> 0152-03 69 94 07 <\/li><li><strong>E-Mail:<\/strong> <a href=\"mailto:Hospizdienst-Koeln-Dellbrueck@web.de\">Hospizdienst-Koeln-Dellbrueck(@)web.de<\/a> <\/li><\/ul>\n\n\n\n<p>Den Internetauftritt des \u00d6kumenischen Hospizdienstes erreichen Sie \u00fcber folgenden Link: <a href=\"https:\/\/www.hospizdienst-koeln-dellbrueck-holweide.de\/index.php\" target=\"_blank\" rel=\"noreferrer noopener\" aria-label=\" (\u00f6ffnet in neuem Tab)\">https:\/\/www.hospizdienst-koeln-dellbrueck-holweide.de\/index.php<\/a><\/p>\n","protected":false},"excerpt":{"rendered":"<p>Im \u00d6kumenischen Hospizdienst K\u00f6ln-Dellbr\u00fcck\/Holweide e.V. setzen sich ehrenamtlich Mitarbeitende mit viel Engagement und Freude daf\u00fcr ein, dass schwerstkranken und sterbenden Menschen in den Stadtteilen Dellbr\u00fcck und Holweide ein Leben in W\u00fcrde und Selbstbestimmung bis zuletzt in der gewohnten Umgebung erm\u00f6glicht wird. Wenn Sie mehr \u00fcber die Arbeit des Hospizdienstes wissen m\u00f6chten, Interesse an einem Besuch [&hellip;]<\/p>\n","protected":false},"author":9,"featured_media":0,"parent":0,"menu_order":0,"comment_status":"closed","ping_status":"closed","template":"","meta":{"_uag_custom_page_level_css":"","ocean_post_layout":"","ocean_both_sidebars_style":"","ocean_both_sidebars_content_width":0,"ocean_both_sidebars_sidebars_width":0,"ocean_sidebar":"","ocean_second_sidebar":"","ocean_disable_margins":"enable","ocean_add_body_class":"","ocean_shortcode_before_top_bar":"","ocean_shortcode_after_top_bar":"","ocean_shortcode_before_header":"","ocean_shortcode_after_header":"","ocean_has_shortcode":"","ocean_shortcode_after_title":"","ocean_shortcode_before_footer_widgets":"","ocean_shortcode_after_footer_widgets":"","ocean_shortcode_before_footer_bottom":"","ocean_shortcode_after_footer_bottom":"","ocean_display_top_bar":"default","ocean_display_header":"default","ocean_header_style":"","ocean_center_header_left_menu":"","ocean_custom_header_template":"","ocean_custom_logo":0,"ocean_custom_retina_logo":0,"ocean_custom_logo_max_width":0,"ocean_custom_logo_tablet_max_width":0,"ocean_custom_logo_mobile_max_width":0,"ocean_custom_logo_max_height":0,"ocean_custom_logo_tablet_max_height":0,"ocean_custom_logo_mobile_max_height":0,"ocean_header_custom_menu":"","ocean_menu_typo_font_family":"","ocean_menu_typo_font_subset":"","ocean_menu_typo_font_size":0,"ocean_menu_typo_font_size_tablet":0,"ocean_menu_typo_font_size_mobile":0,"ocean_menu_typo_font_size_unit":"px","ocean_menu_typo_font_weight":"","ocean_menu_typo_font_weight_tablet":"","ocean_menu_typo_font_weight_mobile":"","ocean_menu_typo_transform":"","ocean_menu_typo_transform_tablet":"","ocean_menu_typo_transform_mobile":"","ocean_menu_typo_line_height":0,"ocean_menu_typo_line_height_tablet":0,"ocean_menu_typo_line_height_mobile":0,"ocean_menu_typo_line_height_unit":"","ocean_menu_typo_spacing":0,"ocean_menu_typo_spacing_tablet":0,"ocean_menu_typo_spacing_mobile":0,"ocean_menu_typo_spacing_unit":"","ocean_menu_link_color":"","ocean_menu_link_color_hover":"","ocean_menu_link_color_active":"","ocean_menu_link_background":"","ocean_menu_link_hover_background":"","ocean_menu_link_active_background":"","ocean_menu_social_links_bg":"","ocean_menu_social_hover_links_bg":"","ocean_menu_social_links_color":"","ocean_menu_social_hover_links_color":"","ocean_disable_title":"default","ocean_disable_heading":"default","ocean_post_title":"","ocean_post_subheading":"","ocean_post_title_style":"","ocean_post_title_background_color":"","ocean_post_title_background":0,"ocean_post_title_bg_image_position":"","ocean_post_title_bg_image_attachment":"","ocean_post_title_bg_image_repeat":"","ocean_post_title_bg_image_size":"","ocean_post_title_height":0,"ocean_post_title_bg_overlay":0.5,"ocean_post_title_bg_overlay_color":"","ocean_disable_breadcrumbs":"default","ocean_breadcrumbs_color":"","ocean_breadcrumbs_separator_color":"","ocean_breadcrumbs_links_color":"","ocean_breadcrumbs_links_hover_color":"","ocean_display_footer_widgets":"default","ocean_display_footer_bottom":"default","ocean_custom_footer_template":"","footnotes":""},"class_list":["post-1529","page","type-page","status-publish","hentry","entry"],"featured_image_src":null,"uagb_featured_image_src":{"full":false,"thumbnail":false,"medium":false,"medium_large":false,"large":false,"1536x1536":false,"2048x2048":false,"ocean-thumb-m":false,"ocean-thumb-ml":false,"ocean-thumb-l":false},"uagb_author_info":{"display_name":"J\u00f6rg K\u00e4mmerer","author_link":"https:\/\/glueck-wunsch.de\/testimonial381b\/author\/kaemmerer\/"},"uagb_comment_info":0,"uagb_excerpt":"Im \u00d6kumenischen Hospizdienst K\u00f6ln-Dellbr\u00fcck\/Holweide e.V. setzen sich ehrenamtlich Mitarbeitende mit viel Engagement und Freude daf\u00fcr ein, dass schwerstkranken und sterbenden Menschen in den Stadtteilen Dellbr\u00fcck und Holweide ein Leben in W\u00fcrde und Selbstbestimmung bis zuletzt in der gewohnten Umgebung erm\u00f6glicht wird. Wenn Sie mehr \u00fcber die Arbeit des Hospizdienstes wissen m\u00f6chten, Interesse an einem Besuch&hellip;","_links":{"self":[{"href":"https:\/\/glueck-wunsch.de\/testimonial381b\/wp-json\/wp\/v2\/pages\/1529","targetHints":{"allow":["GET"]}}],"collection":[{"href":"https:\/\/glueck-wunsch.de\/testimonial381b\/wp-json\/wp\/v2\/pages"}],"about":[{"href":"https:\/\/glueck-wunsch.de\/testimonial381b\/wp-json\/wp\/v2\/types\/page"}],"author":[{"embeddable":true,"href":"https:\/\/glueck-wunsch.de\/testimonial381b\/wp-json\/wp\/v2\/users\/9"}],"replies":[{"embeddable":true,"href":"https:\/\/glueck-wunsch.de\/testimonial381b\/wp-json\/wp\/v2\/comments?post=1529"}],"version-history":[{"count":7,"href":"https:\/\/glueck-wunsch.de\/testimonial381b\/wp-json\/wp\/v2\/pages\/1529\/revisions"}],"predecessor-version":[{"id":1637,"href":"https:\/\/glueck-wunsch.de\/testimonial381b\/wp-json\/wp\/v2\/pages\/1529\/revisions\/1637"}],"wp:attachment":[{"href":"https:\/\/glueck-wunsch.de\/testimonial381b\/wp-json\/wp\/v2\/media?parent=1529"}],"curies":[{"name":"wp","href":"https:\/\/api.w.org\/{rel}","templated":true}]}}