{"id":3164,"date":"2021-05-11T19:27:12","date_gmt":"2021-05-11T17:27:12","guid":{"rendered":"https:\/\/glueck-wunsch.de\/testimonial381b\/?page_id=3164"},"modified":"2021-05-11T19:30:28","modified_gmt":"2021-05-11T17:30:28","slug":"pfarrer-und-pfarrerin","status":"publish","type":"page","link":"https:\/\/glueck-wunsch.de\/testimonial381b\/pfarrer-und-pfarrerin\/","title":{"rendered":"Pfarrer und Pfarrerin"},"content":{"rendered":"\n<p>In unserer Gemeinde sind derzeit zwei Pfarrer, eine Pfarrerin und ein Vikar t\u00e4tig. Sie feiern Gottesdienste mit Taufen, Konfirmationen, Trauungen und Beerdigungen in allen drei Kirchen. Au\u00dferdem gibt es Krabbel-, Schul- und Jugendgottesdienste sowie Themengottesdienste mit besonderen Schwerpunkten. Die&nbsp;Pfarrer sind f\u00fcr alle Menschen als Seelsorger ansprechbar, sie beraten in schweren Lebenslagen und geben christliche Orientierung.<\/p>\n\n\n\n<h2 class=\"wp-block-heading\">Pfarrer Klaus V\u00f6lkl<\/h2>\n\n\n\n<p>Pfarrer Klaus V\u00f6lkl ist vor allem an der Pauluskirche t\u00e4tig.<\/p>\n\n\n\n<div class=\"wp-block-image\"><figure class=\"aligncenter\"><img loading=\"lazy\" decoding=\"async\" width=\"555\" height=\"477\" src=\"https:\/\/evangelisch-in-koeln-dellbrueck-holweide.de\/wp-content\/uploads\/2019\/04\/pfarrer-voelkl.jpeg\" alt=\"Klaus V\u00f6lkl\" class=\"wp-image-920\" srcset=\"https:\/\/glueck-wunsch.de\/testimonial381b\/wp-content\/uploads\/2019\/04\/pfarrer-voelkl.jpeg 555w, https:\/\/glueck-wunsch.de\/testimonial381b\/wp-content\/uploads\/2019\/04\/pfarrer-voelkl-300x258.jpeg 300w\" sizes=\"auto, (max-width: 555px) 100vw, 555px\" \/><figcaption>Pfarrer Klaus V\u00f6lkl<\/figcaption><\/figure><\/div>\n\n\n\n<p>Pfarrer Klaus V\u00f6lkl<br>Werheider Stra\u00dfe 2<br>51069 K\u00f6ln<\/p>\n\n\n\n<p><i class=\"fas fa-phone\"><\/i>&nbsp; 0221 680 48 68<\/p>\n\n\n\n<p><i class=\"fas fa-envelope\"><\/i>&nbsp; <a href=\"mailto:klaus.voelkl@ekir.de\">klaus.voelkl@ekir.de<\/a><\/p>\n\n\n\n<p><i class=\"fas fa-comment-dots\"><\/i>&nbsp; Dienstag, 10 bis 11 Uhr und Donnerstag, 18 bis 19 Uhr, sowie nach Vereinbarung<\/p>\n\n\n\n\n\n<h2 class=\"wp-block-heading\">Pfarrer Ulrich Kock-Blunk<\/h2>\n\n\n\n<p>Pfarrer Ulrich Kock-Blunk ist vor allem an der Christuskirche t\u00e4tig.<\/p>\n\n\n\n<div class=\"wp-block-image\"><figure class=\"aligncenter\"><img loading=\"lazy\" decoding=\"async\" width=\"555\" height=\"477\" src=\"https:\/\/evangelisch-in-koeln-dellbrueck-holweide.de\/wp-content\/uploads\/2019\/04\/pfarrer-kock-blunk.jpg\" alt=\"Ulrich Kock-Blunk\" class=\"wp-image-918\" srcset=\"https:\/\/glueck-wunsch.de\/testimonial381b\/wp-content\/uploads\/2019\/04\/pfarrer-kock-blunk.jpg 555w, https:\/\/glueck-wunsch.de\/testimonial381b\/wp-content\/uploads\/2019\/04\/pfarrer-kock-blunk-300x258.jpg 300w\" sizes=\"auto, (max-width: 555px) 100vw, 555px\" \/><figcaption>Pfarrer Ulrich Kock-Blunk<\/figcaption><\/figure><\/div>\n\n\n\n<p>Pfarrer Ulrich Kock-Blunk<br>Dellbr\u00fccker Mauspfad 361<br>51069 K\u00f6ln<\/p>\n\n\n\n<p><i class=\"fas fa-phone\"><\/i>&nbsp; 0221 68 21 55<\/p>\n\n\n\n<p><i class=\"fas fa-envelope\"><\/i>&nbsp; <a href=\"mailto:ulrich.kock-blunk@ekir.de\">ulrich.kock-blunk@ekir.de<\/a><\/p>\n\n\n\n<p><i class=\"fas fa-comment-dots\"><\/i>&nbsp; Donnerstag von 18 bis 19 Uhr sowie nach Vereinbarung<\/p>\n\n\n\n\n\n<h2 class=\"wp-block-heading\">Pfarrerin Sybille Noack-M\u00fcndemann<\/h2>\n\n\n\n<p>Pfarrerin Sybille Noack-M\u00fcndemann ist vor allem an der Vers\u00f6hnungskirche t\u00e4tig. <\/p>\n\n\n\n<div class=\"wp-block-image\"><figure class=\"aligncenter\"><img decoding=\"async\" src=\"https:\/\/evangelisch-in-koeln-dellbrueck-holweide.de\/wp-content\/uploads\/2019\/11\/pfarrerin-sybilly-noack-m\u00fcndemann.png\" alt=\"Pfarrerin Sybille Noack-M\u00fcndemann; Foto privat\" class=\"wp-image-4175\"\/><figcaption>Pfarrerin Sybille Noack-M\u00fcndemann<\/figcaption><\/figure><\/div>\n\n\n\n<p>Pfarrerin Sybille Noack-M\u00fcndemann <br>Friedlandstra\u00dfe 3<br>51067 K\u00f6ln <\/p>\n\n\n\n<p><i class=\"fas fa-phone\"><\/i>&nbsp; 0221 63 43 64<\/p>\n\n\n\n<p><i class=\"fas fa-phone\"><\/i>&nbsp; 0177 529 98 10<\/p>\n\n\n\n<p><i class=\"fas fa-envelope\"><\/i>&nbsp; <a href=\"mailto:sybille.noack-muendemann@ekir.de\">sybille.noack-muendemann@ekir.de<\/a><\/p>\n\n\n\n<p><i class=\"fas fa-comment-dots\"><\/i>&nbsp; Sprechzeiten nach Vereinbarung<\/p>\n\n\n\n<h2 class=\"wp-block-heading\">Vikar Simon Manderla<\/h2>\n\n\n\n<p>Simon Manderla wird in seinem Vikariat von Pfarrer Ulrich Kock-Blunk begleitet. <\/p>\n\n\n\n<p class=\"has-text-align-center\"><\/p>\n\n\n\n<div class=\"wp-block-image\"><figure class=\"aligncenter size-large\"><a href=\"https:\/\/evangelisch-in-koeln-dellbrueck-holweide.de\/wp-content\/uploads\/2021\/03\/SimonManderla-555-quer.png\"><img decoding=\"async\" src=\"https:\/\/evangelisch-in-koeln-dellbrueck-holweide.de\/wp-content\/uploads\/2021\/03\/SimonManderla-555-quer.png\" alt=\"Vikar Simon Manderla\" class=\"wp-image-8014\"\/><\/a><\/figure><\/div>\n\n\n\n<p><i class=\"fas fa-phone\"><\/i>&nbsp; 01579 2373610<\/p>\n\n\n\n<p>simon.manderla@ekir.de<\/p>\n\n\n\n<p><\/p>\n\n\n\n<p>Fotos: Niklas Baumberger und privat (Sybille Noack-M\u00fcndemann, Simon Manderla)<\/p>\n","protected":false},"excerpt":{"rendered":"<p>In unserer Gemeinde sind derzeit zwei Pfarrer, eine Pfarrerin und ein Vikar t\u00e4tig. Sie feiern Gottesdienste mit Taufen, Konfirmationen, Trauungen und Beerdigungen in allen drei Kirchen. Au\u00dferdem gibt es Krabbel-, Schul- und Jugendgottesdienste sowie Themengottesdienste mit besonderen Schwerpunkten. Die&nbsp;Pfarrer sind f\u00fcr alle Menschen als Seelsorger ansprechbar, sie beraten in schweren Lebenslagen und geben christliche Orientierung. [&hellip;]<\/p>\n","protected":false},"author":16,"featured_media":0,"parent":0,"menu_order":0,"comment_status":"closed","ping_status":"closed","template":"","meta":{"_uag_custom_page_level_css":"","ocean_post_layout":"","ocean_both_sidebars_style":"","ocean_both_sidebars_content_width":0,"ocean_both_sidebars_sidebars_width":0,"ocean_sidebar":"0","ocean_second_sidebar":"0","ocean_disable_margins":"enable","ocean_add_body_class":"","ocean_shortcode_before_top_bar":"","ocean_shortcode_after_top_bar":"","ocean_shortcode_before_header":"","ocean_shortcode_after_header":"","ocean_has_shortcode":"","ocean_shortcode_after_title":"","ocean_shortcode_before_footer_widgets":"","ocean_shortcode_after_footer_widgets":"","ocean_shortcode_before_footer_bottom":"","ocean_shortcode_after_footer_bottom":"","ocean_display_top_bar":"default","ocean_display_header":"default","ocean_header_style":"","ocean_center_header_left_menu":"0","ocean_custom_header_template":"0","ocean_custom_logo":0,"ocean_custom_retina_logo":0,"ocean_custom_logo_max_width":0,"ocean_custom_logo_tablet_max_width":0,"ocean_custom_logo_mobile_max_width":0,"ocean_custom_logo_max_height":0,"ocean_custom_logo_tablet_max_height":0,"ocean_custom_logo_mobile_max_height":0,"ocean_header_custom_menu":"0","ocean_menu_typo_font_family":"0","ocean_menu_typo_font_subset":"","ocean_menu_typo_font_size":0,"ocean_menu_typo_font_size_tablet":0,"ocean_menu_typo_font_size_mobile":0,"ocean_menu_typo_font_size_unit":"px","ocean_menu_typo_font_weight":"","ocean_menu_typo_font_weight_tablet":"","ocean_menu_typo_font_weight_mobile":"","ocean_menu_typo_transform":"","ocean_menu_typo_transform_tablet":"","ocean_menu_typo_transform_mobile":"","ocean_menu_typo_line_height":0,"ocean_menu_typo_line_height_tablet":0,"ocean_menu_typo_line_height_mobile":0,"ocean_menu_typo_line_height_unit":"","ocean_menu_typo_spacing":0,"ocean_menu_typo_spacing_tablet":0,"ocean_menu_typo_spacing_mobile":0,"ocean_menu_typo_spacing_unit":"","ocean_menu_link_color":"","ocean_menu_link_color_hover":"","ocean_menu_link_color_active":"","ocean_menu_link_background":"","ocean_menu_link_hover_background":"","ocean_menu_link_active_background":"","ocean_menu_social_links_bg":"","ocean_menu_social_hover_links_bg":"","ocean_menu_social_links_color":"","ocean_menu_social_hover_links_color":"","ocean_disable_title":"default","ocean_disable_heading":"default","ocean_post_title":"","ocean_post_subheading":"","ocean_post_title_style":"","ocean_post_title_background_color":"","ocean_post_title_background":0,"ocean_post_title_bg_image_position":"","ocean_post_title_bg_image_attachment":"","ocean_post_title_bg_image_repeat":"","ocean_post_title_bg_image_size":"","ocean_post_title_height":0,"ocean_post_title_bg_overlay":0.5,"ocean_post_title_bg_overlay_color":"","ocean_disable_breadcrumbs":"default","ocean_breadcrumbs_color":"","ocean_breadcrumbs_separator_color":"","ocean_breadcrumbs_links_color":"","ocean_breadcrumbs_links_hover_color":"","ocean_display_footer_widgets":"default","ocean_display_footer_bottom":"default","ocean_custom_footer_template":"0","footnotes":""},"class_list":["post-3164","page","type-page","status-publish","hentry","entry"],"featured_image_src":null,"uagb_featured_image_src":{"full":false,"thumbnail":false,"medium":false,"medium_large":false,"large":false,"1536x1536":false,"2048x2048":false,"ocean-thumb-m":false,"ocean-thumb-ml":false,"ocean-thumb-l":false},"uagb_author_info":{"display_name":"J\u00f6rg Rehnitz","author_link":"https:\/\/glueck-wunsch.de\/testimonial381b\/author\/rehnitz\/"},"uagb_comment_info":0,"uagb_excerpt":"In unserer Gemeinde sind derzeit zwei Pfarrer, eine Pfarrerin und ein Vikar t\u00e4tig. Sie feiern Gottesdienste mit Taufen, Konfirmationen, Trauungen und Beerdigungen in allen drei Kirchen. Au\u00dferdem gibt es Krabbel-, Schul- und Jugendgottesdienste sowie Themengottesdienste mit besonderen Schwerpunkten. Die&nbsp;Pfarrer sind f\u00fcr alle Menschen als Seelsorger ansprechbar, sie beraten in schweren Lebenslagen und geben christliche Orientierung.&hellip;","_links":{"self":[{"href":"https:\/\/glueck-wunsch.de\/testimonial381b\/wp-json\/wp\/v2\/pages\/3164","targetHints":{"allow":["GET"]}}],"collection":[{"href":"https:\/\/glueck-wunsch.de\/testimonial381b\/wp-json\/wp\/v2\/pages"}],"about":[{"href":"https:\/\/glueck-wunsch.de\/testimonial381b\/wp-json\/wp\/v2\/types\/page"}],"author":[{"embeddable":true,"href":"https:\/\/glueck-wunsch.de\/testimonial381b\/wp-json\/wp\/v2\/users\/16"}],"replies":[{"embeddable":true,"href":"https:\/\/glueck-wunsch.de\/testimonial381b\/wp-json\/wp\/v2\/comments?post=3164"}],"version-history":[{"count":2,"href":"https:\/\/glueck-wunsch.de\/testimonial381b\/wp-json\/wp\/v2\/pages\/3164\/revisions"}],"predecessor-version":[{"id":3488,"href":"https:\/\/glueck-wunsch.de\/testimonial381b\/wp-json\/wp\/v2\/pages\/3164\/revisions\/3488"}],"wp:attachment":[{"href":"https:\/\/glueck-wunsch.de\/testimonial381b\/wp-json\/wp\/v2\/media?parent=3164"}],"curies":[{"name":"wp","href":"https:\/\/api.w.org\/{rel}","templated":true}]}}