{"id":586,"date":"2019-04-16T11:02:58","date_gmt":"2019-04-16T09:02:58","guid":{"rendered":"https:\/\/glueck-wunsch.de\/testimonial381b\/?page_id=586"},"modified":"2019-06-02T20:31:39","modified_gmt":"2019-06-02T18:31:39","slug":"glauben-und-leben","status":"publish","type":"page","link":"https:\/\/glueck-wunsch.de\/testimonial381b\/glauben-und-leben\/","title":{"rendered":"Was wir glauben"},"content":{"rendered":"\n<h3 class=\"wp-block-heading\">Unser Leitbild: Die frohe Botschaft<\/h3>\n\n\n\n<p>Wir, die Evangelische Kirchengemeinde K\u00f6ln-Dellbr\u00fcck\/Holweide, sind eine Gemeinschaft von Menschen, die aus der frohen Botschaft, dem Evangelium Jesu Christi leben. Unser Glaube an Gott und Jesus Christus ist unser Fundament \u2013 aus Christi Geist heraus gestalten wir unsere Gemeinschaft.<\/p>\n\n\n\n<p>Wir sind alle von Gott geliebte Gesch\u00f6pfe. Mit den uns umgebenden Menschen erleben wir Freude und Leiden des Lebens. Wir laden sie ein, mit uns zusammen Orientierung und Lebenshilfe aus dem Evangelium zu suchen und zu finden. Wir beziehen Menschen in ihrer Vielfalt gern in unsere Gemeinde ein. Wir begegnen ihnen mit Respekt und Wertsch\u00e4tzung.<\/p>\n\n\n\n<p>Wir gestalten das uns von Gott geschenkte Leben. Wir trauern mit denen, die Leid erfahren und versuchen zu tr\u00f6sten und zu helfen. Wir gehen zuversichtlich im Vertrauen auf die Liebe Gottes in die Zukunft und laden alle ein, diesen Weg mit uns zu gehen. Wir tun dies in vielf\u00e4ltigen Gottesdiensten, in denen wir Gemeinschaft erleben und die uns Kraft schenken. Mit vielen Veranstaltungen \u00f6ffnen wir die M\u00f6glichkeit zum offenen Gespr\u00e4ch und zur Begegnung. Wir beziehen Position und setzen uns f\u00fcr eine friedvolle und solidarische Gesellschaft ein. Mit den Br\u00fcdern und Schwestern anderer Konfessionen und Kirchen pflegen wir \u00f6kumenische Gastfreundschaft und Nachbarschaft. Menschen anderer Religionsgemeinschaften begegnen wir mit Respekt und Offenheit.<\/p>\n\n\n\n<p>(Ausschnitt aus der <a href=\"https:\/\/glueck-wunsch.de\/testimonial381b\/gemeindekonzeption\/\">Gemeindekonzeption<\/a>)<\/p>\n","protected":false},"excerpt":{"rendered":"<p>Unser Leitbild: Die frohe Botschaft Wir, die Evangelische Kirchengemeinde K\u00f6ln-Dellbr\u00fcck\/Holweide, sind eine Gemeinschaft von Menschen, die aus der frohen Botschaft, dem Evangelium Jesu Christi leben. Unser Glaube an Gott und Jesus Christus ist unser Fundament \u2013 aus Christi Geist heraus gestalten wir unsere Gemeinschaft. Wir sind alle von Gott geliebte Gesch\u00f6pfe. Mit den uns umgebenden [&hellip;]<\/p>\n","protected":false},"author":21,"featured_media":0,"parent":0,"menu_order":0,"comment_status":"closed","ping_status":"closed","template":"","meta":{"_uag_custom_page_level_css":"","ocean_post_layout":"","ocean_both_sidebars_style":"","ocean_both_sidebars_content_width":0,"ocean_both_sidebars_sidebars_width":0,"ocean_sidebar":"","ocean_second_sidebar":"","ocean_disable_margins":"enable","ocean_add_body_class":"","ocean_shortcode_before_top_bar":"","ocean_shortcode_after_top_bar":"","ocean_shortcode_before_header":"","ocean_shortcode_after_header":"","ocean_has_shortcode":"","ocean_shortcode_after_title":"","ocean_shortcode_before_footer_widgets":"","ocean_shortcode_after_footer_widgets":"","ocean_shortcode_before_footer_bottom":"","ocean_shortcode_after_footer_bottom":"","ocean_display_top_bar":"default","ocean_display_header":"default","ocean_header_style":"","ocean_center_header_left_menu":"","ocean_custom_header_template":"","ocean_custom_logo":0,"ocean_custom_retina_logo":0,"ocean_custom_logo_max_width":0,"ocean_custom_logo_tablet_max_width":0,"ocean_custom_logo_mobile_max_width":0,"ocean_custom_logo_max_height":0,"ocean_custom_logo_tablet_max_height":0,"ocean_custom_logo_mobile_max_height":0,"ocean_header_custom_menu":"","ocean_menu_typo_font_family":"","ocean_menu_typo_font_subset":"","ocean_menu_typo_font_size":0,"ocean_menu_typo_font_size_tablet":0,"ocean_menu_typo_font_size_mobile":0,"ocean_menu_typo_font_size_unit":"px","ocean_menu_typo_font_weight":"","ocean_menu_typo_font_weight_tablet":"","ocean_menu_typo_font_weight_mobile":"","ocean_menu_typo_transform":"","ocean_menu_typo_transform_tablet":"","ocean_menu_typo_transform_mobile":"","ocean_menu_typo_line_height":0,"ocean_menu_typo_line_height_tablet":0,"ocean_menu_typo_line_height_mobile":0,"ocean_menu_typo_line_height_unit":"","ocean_menu_typo_spacing":0,"ocean_menu_typo_spacing_tablet":0,"ocean_menu_typo_spacing_mobile":0,"ocean_menu_typo_spacing_unit":"","ocean_menu_link_color":"","ocean_menu_link_color_hover":"","ocean_menu_link_color_active":"","ocean_menu_link_background":"","ocean_menu_link_hover_background":"","ocean_menu_link_active_background":"","ocean_menu_social_links_bg":"","ocean_menu_social_hover_links_bg":"","ocean_menu_social_links_color":"","ocean_menu_social_hover_links_color":"","ocean_disable_title":"default","ocean_disable_heading":"default","ocean_post_title":"","ocean_post_subheading":"","ocean_post_title_style":"","ocean_post_title_background_color":"","ocean_post_title_background":0,"ocean_post_title_bg_image_position":"","ocean_post_title_bg_image_attachment":"","ocean_post_title_bg_image_repeat":"","ocean_post_title_bg_image_size":"","ocean_post_title_height":0,"ocean_post_title_bg_overlay":0.5,"ocean_post_title_bg_overlay_color":"","ocean_disable_breadcrumbs":"default","ocean_breadcrumbs_color":"","ocean_breadcrumbs_separator_color":"","ocean_breadcrumbs_links_color":"","ocean_breadcrumbs_links_hover_color":"","ocean_display_footer_widgets":"default","ocean_display_footer_bottom":"default","ocean_custom_footer_template":"","footnotes":""},"class_list":["post-586","page","type-page","status-publish","hentry","entry"],"featured_image_src":null,"uagb_featured_image_src":{"full":false,"thumbnail":false,"medium":false,"medium_large":false,"large":false,"1536x1536":false,"2048x2048":false,"ocean-thumb-m":false,"ocean-thumb-ml":false,"ocean-thumb-l":false},"uagb_author_info":{"display_name":"Nora Mieke","author_link":"https:\/\/glueck-wunsch.de\/testimonial381b\/author\/admin-mieke\/"},"uagb_comment_info":0,"uagb_excerpt":"Unser Leitbild: Die frohe Botschaft Wir, die Evangelische Kirchengemeinde K\u00f6ln-Dellbr\u00fcck\/Holweide, sind eine Gemeinschaft von Menschen, die aus der frohen Botschaft, dem Evangelium Jesu Christi leben. Unser Glaube an Gott und Jesus Christus ist unser Fundament \u2013 aus Christi Geist heraus gestalten wir unsere Gemeinschaft. Wir sind alle von Gott geliebte Gesch\u00f6pfe. Mit den uns umgebenden&hellip;","_links":{"self":[{"href":"https:\/\/glueck-wunsch.de\/testimonial381b\/wp-json\/wp\/v2\/pages\/586","targetHints":{"allow":["GET"]}}],"collection":[{"href":"https:\/\/glueck-wunsch.de\/testimonial381b\/wp-json\/wp\/v2\/pages"}],"about":[{"href":"https:\/\/glueck-wunsch.de\/testimonial381b\/wp-json\/wp\/v2\/types\/page"}],"author":[{"embeddable":true,"href":"https:\/\/glueck-wunsch.de\/testimonial381b\/wp-json\/wp\/v2\/users\/21"}],"replies":[{"embeddable":true,"href":"https:\/\/glueck-wunsch.de\/testimonial381b\/wp-json\/wp\/v2\/comments?post=586"}],"version-history":[{"count":4,"href":"https:\/\/glueck-wunsch.de\/testimonial381b\/wp-json\/wp\/v2\/pages\/586\/revisions"}],"predecessor-version":[{"id":1632,"href":"https:\/\/glueck-wunsch.de\/testimonial381b\/wp-json\/wp\/v2\/pages\/586\/revisions\/1632"}],"wp:attachment":[{"href":"https:\/\/glueck-wunsch.de\/testimonial381b\/wp-json\/wp\/v2\/media?parent=586"}],"curies":[{"name":"wp","href":"https:\/\/api.w.org\/{rel}","templated":true}]}}