{"id":713,"date":"2019-04-16T17:02:54","date_gmt":"2019-04-16T15:02:54","guid":{"rendered":"https:\/\/glueck-wunsch.de\/testimonial381b\/?page_id=713"},"modified":"2019-06-05T20:55:50","modified_gmt":"2019-06-05T18:55:50","slug":"gemeindekonzeption","status":"publish","type":"page","link":"https:\/\/glueck-wunsch.de\/testimonial381b\/gemeindekonzeption\/","title":{"rendered":"Gemeindekonzeption (Ausz\u00fcge)"},"content":{"rendered":"\n<p>Nach vielen Anregungen und Vorschl\u00e4gen aus der Gemeinde, nach intensiven Beratungen&nbsp; im Presbyterium und einer \u201eSchlussredaktion\u201c durch eine Arbeitsgruppe wurde die Gemeindekonzeption vom Presbyterium in seiner Sitzung am 14.02.2011 beschlossen.&nbsp;<\/p>\n\n\n\n<p>In der Gemeindekonzeption werden folgende Inhalte des Gemeindelebens betrachtet:<\/p>\n\n\n\n<div style=\"height:25px\" aria-hidden=\"true\" class=\"wp-block-spacer\"><\/div>\n\n\n\n<h2 class=\"wp-block-heading\">Leitbild: Die Frohe Botschaft<\/h2>\n\n\n\n<p>Wir, die evangelische Kirchengemeinde K\u00f6ln-Dellbr\u00fcck\/ Holweide, sind eine Gemeinschaft von Menschen, die aus der Frohen Botschaft, dem Evangelium Jesu Christi, lebt&#8230;<\/p>\n\n\n\n<figure class=\"wp-block-image\"><img loading=\"lazy\" decoding=\"async\" width=\"1024\" height=\"683\" src=\"https:\/\/glueck-wunsch.de\/testimonial381b\/wp-content\/uploads\/2019\/04\/versoehnungskirche-altar-1024x683.jpeg\" alt=\"\" class=\"wp-image-958\" srcset=\"https:\/\/glueck-wunsch.de\/testimonial381b\/wp-content\/uploads\/2019\/04\/versoehnungskirche-altar-1024x683.jpeg 1024w, https:\/\/glueck-wunsch.de\/testimonial381b\/wp-content\/uploads\/2019\/04\/versoehnungskirche-altar-300x200.jpeg 300w, https:\/\/glueck-wunsch.de\/testimonial381b\/wp-content\/uploads\/2019\/04\/versoehnungskirche-altar-768x512.jpeg 768w, https:\/\/glueck-wunsch.de\/testimonial381b\/wp-content\/uploads\/2019\/04\/versoehnungskirche-altar.jpeg 1280w\" sizes=\"auto, (max-width: 1024px) 100vw, 1024px\" \/><\/figure>\n\n\n\n<h2 class=\"wp-block-heading\">Unsere Gemeinde<\/h2>\n\n\n\n<ul class=\"wp-block-list\"><li>l\u00e4dt ein, gemeinsam Orientierung und Lebenshilfe aus dem Evangelium zu suchen.<\/li><li>feiert vielf\u00e4ltige Gottesdienste.<\/li><li>erm\u00f6glicht Gespr\u00e4che und Begegnungen in vielen<br> verschiedenen Veranstaltungen.<\/li><li>setzt sich f\u00fcr eine friedvolle und solidarische<br> Gesellschaft ein.<\/li><li>pflegt \u00f6kumenische Gastfreundschaft.<\/li><\/ul>\n\n\n\n<h2 class=\"wp-block-heading\">Was tun wir?<\/h2>\n\n\n\n<p>Im Mittelpunkt unserer Arbeit steht die Verk\u00fcndigung des Wortes Gottes.<\/p>\n\n\n\n<h3 class=\"wp-block-heading\">1. Seelsorge<\/h3>\n\n\n\n<p>\u2026 geschieht \u00fcberall dort, wo die N\u00e4he Gottes durch menschliche N\u00e4he deutlich wird.<\/p>\n\n\n\n<p>Diese bezeugen wir in einer Vielzahl von Gottesdienst- formen, in Amtshandlungen und Besuchen. Pers\u00f6nliche Seelsorge ist uns wichtig, insbesondere bei neu zugezogenen, trauernden, alten oder kranken Menschen sowie Familien.<\/p>\n\n\n\n<h3 class=\"wp-block-heading\">2. Musik<\/h3>\n\n\n\n<p>&#8230; dient dem Lobe Gottes.<\/p>\n\n\n\n<p>Im gemeinsamen Musizieren in Gottesdiensten und Konzerten erleben und feiern Vortragende und Zuh\u00f6ren- de die Frohe Botschaft. M\u00f6glichkeiten zum Mitmachen bieten unsere Kantoreien, Ch\u00f6re und Instrumentalensembles.<\/p>\n\n\n\n<figure class=\"wp-block-image\"><img decoding=\"async\" src=\"https:\/\/glueck-wunsch.de\/testimonial381b\/wp-content\/uploads\/2019\/05\/pauluskirche-orgel-1024x683.jpg\" alt=\"\" class=\"wp-image-1411\"\/><\/figure>\n\n\n\n<h3 class=\"wp-block-heading\">3. Kinder-, Jugend- und Familienarbeit, Erwachsenen- und Seniorenarbeit<\/h3>\n\n\n\n<p>&#8230; praktizieren wir mit vielf\u00e4ltigen Angeboten f\u00fcr verschiedene Altersgruppen, in Gottesdiensten und in der Begleitung des allt\u00e4glichen Lebens.<\/p>\n\n\n\n<h3 class=\"wp-block-heading\">4. Diakonie<\/h3>\n\n\n\n<p>&#8230; sehen wir als Anlaufstelle f\u00fcr Menschen mit ihren Anfragen und N\u00f6ten; sie wird zum gr\u00f6\u00dften Teil von ehrenamtlich Mitarbeitenden \u00fcbernommen<\/p>\n\n\n\n<h3 class=\"wp-block-heading\">5. \u00d6kumene<\/h3>\n\n\n\n<p>&#8230; pflegen wir vor Ort:<\/p>\n\n\n\n<ul class=\"wp-block-list\"><li>in \u00f6kumenischen Gottesdiensten<\/li><li>mit der Elias-Prozession<\/li><\/ul>\n\n\n\n<p>&#8230;und weltweit:<br>Wir beteiligen uns an Partnerschaften unseres Kirchenkreises mit Burica (Brasilien), Kalungu (Kongo) und Kaohsiung (Taiwan).<\/p>\n\n\n\n<h3 class=\"wp-block-heading\">6. Soziales Leben<\/h3>\n\n\n\n<p>&#8230; nehmen wir ernst<\/p>\n\n\n\n<hr class=\"wp-block-separator\"\/>\n\n\n\n<p><a href=\"https:\/\/glueck-wunsch.de\/testimonial381b\/wp-content\/uploads\/2019\/06\/gemeindekoneption-2011-02.pdf\" target=\"_blank\" rel=\"noreferrer noopener\" aria-label=\"Hier finden Sie die vollst\u00e4ndige Gemeindekonzeption. (\u00f6ffnet in neuem Tab)\">Hier finden Sie die vollst\u00e4ndige Gemeindekonzeption.<\/a><\/p>\n","protected":false},"excerpt":{"rendered":"<p>Die Gemeindekonzeption von 2011 in Ausz\u00fcgen und zum Herunterladen.<\/p>\n","protected":false},"author":21,"featured_media":949,"parent":0,"menu_order":0,"comment_status":"closed","ping_status":"closed","template":"","meta":{"_uag_custom_page_level_css":"","ocean_post_layout":"","ocean_both_sidebars_style":"","ocean_both_sidebars_content_width":0,"ocean_both_sidebars_sidebars_width":0,"ocean_sidebar":"","ocean_second_sidebar":"","ocean_disable_margins":"enable","ocean_add_body_class":"","ocean_shortcode_before_top_bar":"","ocean_shortcode_after_top_bar":"","ocean_shortcode_before_header":"","ocean_shortcode_after_header":"","ocean_has_shortcode":"","ocean_shortcode_after_title":"","ocean_shortcode_before_footer_widgets":"","ocean_shortcode_after_footer_widgets":"","ocean_shortcode_before_footer_bottom":"","ocean_shortcode_after_footer_bottom":"","ocean_display_top_bar":"default","ocean_display_header":"default","ocean_header_style":"","ocean_center_header_left_menu":"","ocean_custom_header_template":"","ocean_custom_logo":0,"ocean_custom_retina_logo":0,"ocean_custom_logo_max_width":0,"ocean_custom_logo_tablet_max_width":0,"ocean_custom_logo_mobile_max_width":0,"ocean_custom_logo_max_height":0,"ocean_custom_logo_tablet_max_height":0,"ocean_custom_logo_mobile_max_height":0,"ocean_header_custom_menu":"","ocean_menu_typo_font_family":"","ocean_menu_typo_font_subset":"","ocean_menu_typo_font_size":0,"ocean_menu_typo_font_size_tablet":0,"ocean_menu_typo_font_size_mobile":0,"ocean_menu_typo_font_size_unit":"px","ocean_menu_typo_font_weight":"","ocean_menu_typo_font_weight_tablet":"","ocean_menu_typo_font_weight_mobile":"","ocean_menu_typo_transform":"","ocean_menu_typo_transform_tablet":"","ocean_menu_typo_transform_mobile":"","ocean_menu_typo_line_height":0,"ocean_menu_typo_line_height_tablet":0,"ocean_menu_typo_line_height_mobile":0,"ocean_menu_typo_line_height_unit":"","ocean_menu_typo_spacing":0,"ocean_menu_typo_spacing_tablet":0,"ocean_menu_typo_spacing_mobile":0,"ocean_menu_typo_spacing_unit":"","ocean_menu_link_color":"","ocean_menu_link_color_hover":"","ocean_menu_link_color_active":"","ocean_menu_link_background":"","ocean_menu_link_hover_background":"","ocean_menu_link_active_background":"","ocean_menu_social_links_bg":"","ocean_menu_social_hover_links_bg":"","ocean_menu_social_links_color":"","ocean_menu_social_hover_links_color":"","ocean_disable_title":"default","ocean_disable_heading":"default","ocean_post_title":"","ocean_post_subheading":"","ocean_post_title_style":"","ocean_post_title_background_color":"","ocean_post_title_background":0,"ocean_post_title_bg_image_position":"","ocean_post_title_bg_image_attachment":"","ocean_post_title_bg_image_repeat":"","ocean_post_title_bg_image_size":"","ocean_post_title_height":0,"ocean_post_title_bg_overlay":0.5,"ocean_post_title_bg_overlay_color":"","ocean_disable_breadcrumbs":"default","ocean_breadcrumbs_color":"","ocean_breadcrumbs_separator_color":"","ocean_breadcrumbs_links_color":"","ocean_breadcrumbs_links_hover_color":"","ocean_display_footer_widgets":"default","ocean_display_footer_bottom":"default","ocean_custom_footer_template":"","footnotes":""},"class_list":["post-713","page","type-page","status-publish","has-post-thumbnail","hentry","entry","has-media"],"featured_image_src":"https:\/\/glueck-wunsch.de\/testimonial381b\/wp-content\/uploads\/2019\/04\/versoehnungskirche-oekumene-1.jpeg","uagb_featured_image_src":{"full":["https:\/\/glueck-wunsch.de\/testimonial381b\/wp-content\/uploads\/2019\/04\/versoehnungskirche-oekumene-1.jpeg",1650,800,false],"thumbnail":["https:\/\/glueck-wunsch.de\/testimonial381b\/wp-content\/uploads\/2019\/04\/versoehnungskirche-oekumene-1-150x150.jpeg",150,150,true],"medium":["https:\/\/glueck-wunsch.de\/testimonial381b\/wp-content\/uploads\/2019\/04\/versoehnungskirche-oekumene-1-300x145.jpeg",300,145,true],"medium_large":["https:\/\/glueck-wunsch.de\/testimonial381b\/wp-content\/uploads\/2019\/04\/versoehnungskirche-oekumene-1-768x372.jpeg",768,372,true],"large":["https:\/\/glueck-wunsch.de\/testimonial381b\/wp-content\/uploads\/2019\/04\/versoehnungskirche-oekumene-1-1024x496.jpeg",1024,496,true],"1536x1536":["https:\/\/glueck-wunsch.de\/testimonial381b\/wp-content\/uploads\/2019\/04\/versoehnungskirche-oekumene-1.jpeg",1536,745,false],"2048x2048":["https:\/\/glueck-wunsch.de\/testimonial381b\/wp-content\/uploads\/2019\/04\/versoehnungskirche-oekumene-1.jpeg",1650,800,false],"ocean-thumb-m":["https:\/\/glueck-wunsch.de\/testimonial381b\/wp-content\/uploads\/2019\/04\/versoehnungskirche-oekumene-1.jpeg",600,291,false],"ocean-thumb-ml":["https:\/\/glueck-wunsch.de\/testimonial381b\/wp-content\/uploads\/2019\/04\/versoehnungskirche-oekumene-1.jpeg",800,388,false],"ocean-thumb-l":["https:\/\/glueck-wunsch.de\/testimonial381b\/wp-content\/uploads\/2019\/04\/versoehnungskirche-oekumene-1.jpeg",1200,582,false]},"uagb_author_info":{"display_name":"Nora Mieke","author_link":"https:\/\/glueck-wunsch.de\/testimonial381b\/author\/admin-mieke\/"},"uagb_comment_info":0,"uagb_excerpt":"Die Gemeindekonzeption von 2011 in Ausz\u00fcgen und zum Herunterladen.","_links":{"self":[{"href":"https:\/\/glueck-wunsch.de\/testimonial381b\/wp-json\/wp\/v2\/pages\/713","targetHints":{"allow":["GET"]}}],"collection":[{"href":"https:\/\/glueck-wunsch.de\/testimonial381b\/wp-json\/wp\/v2\/pages"}],"about":[{"href":"https:\/\/glueck-wunsch.de\/testimonial381b\/wp-json\/wp\/v2\/types\/page"}],"author":[{"embeddable":true,"href":"https:\/\/glueck-wunsch.de\/testimonial381b\/wp-json\/wp\/v2\/users\/21"}],"replies":[{"embeddable":true,"href":"https:\/\/glueck-wunsch.de\/testimonial381b\/wp-json\/wp\/v2\/comments?post=713"}],"version-history":[{"count":9,"href":"https:\/\/glueck-wunsch.de\/testimonial381b\/wp-json\/wp\/v2\/pages\/713\/revisions"}],"predecessor-version":[{"id":1812,"href":"https:\/\/glueck-wunsch.de\/testimonial381b\/wp-json\/wp\/v2\/pages\/713\/revisions\/1812"}],"wp:featuredmedia":[{"embeddable":true,"href":"https:\/\/glueck-wunsch.de\/testimonial381b\/wp-json\/wp\/v2\/media\/949"}],"wp:attachment":[{"href":"https:\/\/glueck-wunsch.de\/testimonial381b\/wp-json\/wp\/v2\/media?parent=713"}],"curies":[{"name":"wp","href":"https:\/\/api.w.org\/{rel}","templated":true}]}}