{"id":766,"date":"2019-04-17T09:57:26","date_gmt":"2019-04-17T07:57:26","guid":{"rendered":"https:\/\/glueck-wunsch.de\/testimonial381b\/?page_id=766"},"modified":"2019-04-17T09:57:26","modified_gmt":"2019-04-17T07:57:26","slug":"gospelchor-voice-tabs","status":"publish","type":"page","link":"https:\/\/glueck-wunsch.de\/testimonial381b\/gospelchor-voice-tabs\/","title":{"rendered":"Gospelchor Voice TABS"},"content":{"rendered":"\n<p>F\u00fcr Freundinnen und Freunde von Gospel- und Popmusik gibt es den&nbsp;<strong>Gospelchor Voice TABS&nbsp;<\/strong>mit ca. 50 S\u00e4ngerinnen und S\u00e4nger, die das musikalische Spektrum in der Gemeinde mit Auftritten bereichern. Es werden traditionelle Spirituals und Gospels, Black Gospel, Popsongs und moderne Gospelkompositionen gesungen \u2013 h\u00e4ufig begleitet vom Klavier oder einer Band. Auch im Gospelchor hat das gesellige und lebendige Miteinander in Feiern, Probenwochenenden und Chorreisen einen wichtigen Platz.<\/p>\n\n\n\n<p><strong>Leitung:<\/strong>&nbsp;<a href=\"mailto:mechthild.brand@koeln.de\">Mechthild Brand<\/a><br><strong>Proben:<\/strong>&nbsp;montags, 20 Uhr im&nbsp;Gemeindesaal der Pauluskirche, Thurner Stra\u00dfe 105<\/p>\n","protected":false},"excerpt":{"rendered":"<p>F\u00fcr Freundinnen und Freunde von Gospel- und Popmusik gibt es den&nbsp;Gospelchor Voice TABS&nbsp;mit ca. 50 S\u00e4ngerinnen und S\u00e4nger, die das musikalische Spektrum in der Gemeinde mit Auftritten bereichern. Es werden traditionelle Spirituals und Gospels, Black Gospel, Popsongs und moderne Gospelkompositionen gesungen \u2013 h\u00e4ufig begleitet vom Klavier oder einer Band. Auch im Gospelchor hat das gesellige [&hellip;]<\/p>\n","protected":false},"author":21,"featured_media":0,"parent":0,"menu_order":0,"comment_status":"closed","ping_status":"closed","template":"","meta":{"_uag_custom_page_level_css":"","ocean_post_layout":"","ocean_both_sidebars_style":"","ocean_both_sidebars_content_width":0,"ocean_both_sidebars_sidebars_width":0,"ocean_sidebar":"","ocean_second_sidebar":"","ocean_disable_margins":"enable","ocean_add_body_class":"","ocean_shortcode_before_top_bar":"","ocean_shortcode_after_top_bar":"","ocean_shortcode_before_header":"","ocean_shortcode_after_header":"","ocean_has_shortcode":"","ocean_shortcode_after_title":"","ocean_shortcode_before_footer_widgets":"","ocean_shortcode_after_footer_widgets":"","ocean_shortcode_before_footer_bottom":"","ocean_shortcode_after_footer_bottom":"","ocean_display_top_bar":"default","ocean_display_header":"default","ocean_header_style":"","ocean_center_header_left_menu":"","ocean_custom_header_template":"","ocean_custom_logo":0,"ocean_custom_retina_logo":0,"ocean_custom_logo_max_width":0,"ocean_custom_logo_tablet_max_width":0,"ocean_custom_logo_mobile_max_width":0,"ocean_custom_logo_max_height":0,"ocean_custom_logo_tablet_max_height":0,"ocean_custom_logo_mobile_max_height":0,"ocean_header_custom_menu":"","ocean_menu_typo_font_family":"","ocean_menu_typo_font_subset":"","ocean_menu_typo_font_size":0,"ocean_menu_typo_font_size_tablet":0,"ocean_menu_typo_font_size_mobile":0,"ocean_menu_typo_font_size_unit":"px","ocean_menu_typo_font_weight":"","ocean_menu_typo_font_weight_tablet":"","ocean_menu_typo_font_weight_mobile":"","ocean_menu_typo_transform":"","ocean_menu_typo_transform_tablet":"","ocean_menu_typo_transform_mobile":"","ocean_menu_typo_line_height":0,"ocean_menu_typo_line_height_tablet":0,"ocean_menu_typo_line_height_mobile":0,"ocean_menu_typo_line_height_unit":"","ocean_menu_typo_spacing":0,"ocean_menu_typo_spacing_tablet":0,"ocean_menu_typo_spacing_mobile":0,"ocean_menu_typo_spacing_unit":"","ocean_menu_link_color":"","ocean_menu_link_color_hover":"","ocean_menu_link_color_active":"","ocean_menu_link_background":"","ocean_menu_link_hover_background":"","ocean_menu_link_active_background":"","ocean_menu_social_links_bg":"","ocean_menu_social_hover_links_bg":"","ocean_menu_social_links_color":"","ocean_menu_social_hover_links_color":"","ocean_disable_title":"default","ocean_disable_heading":"default","ocean_post_title":"","ocean_post_subheading":"","ocean_post_title_style":"","ocean_post_title_background_color":"","ocean_post_title_background":0,"ocean_post_title_bg_image_position":"","ocean_post_title_bg_image_attachment":"","ocean_post_title_bg_image_repeat":"","ocean_post_title_bg_image_size":"","ocean_post_title_height":0,"ocean_post_title_bg_overlay":0.5,"ocean_post_title_bg_overlay_color":"","ocean_disable_breadcrumbs":"default","ocean_breadcrumbs_color":"","ocean_breadcrumbs_separator_color":"","ocean_breadcrumbs_links_color":"","ocean_breadcrumbs_links_hover_color":"","ocean_display_footer_widgets":"default","ocean_display_footer_bottom":"default","ocean_custom_footer_template":"","footnotes":""},"class_list":["post-766","page","type-page","status-publish","hentry","entry"],"featured_image_src":null,"uagb_featured_image_src":{"full":false,"thumbnail":false,"medium":false,"medium_large":false,"large":false,"1536x1536":false,"2048x2048":false,"ocean-thumb-m":false,"ocean-thumb-ml":false,"ocean-thumb-l":false},"uagb_author_info":{"display_name":"Nora Mieke","author_link":"https:\/\/glueck-wunsch.de\/testimonial381b\/author\/admin-mieke\/"},"uagb_comment_info":0,"uagb_excerpt":"F\u00fcr Freundinnen und Freunde von Gospel- und Popmusik gibt es den&nbsp;Gospelchor Voice TABS&nbsp;mit ca. 50 S\u00e4ngerinnen und S\u00e4nger, die das musikalische Spektrum in der Gemeinde mit Auftritten bereichern. Es werden traditionelle Spirituals und Gospels, Black Gospel, Popsongs und moderne Gospelkompositionen gesungen \u2013 h\u00e4ufig begleitet vom Klavier oder einer Band. Auch im Gospelchor hat das gesellige&hellip;","_links":{"self":[{"href":"https:\/\/glueck-wunsch.de\/testimonial381b\/wp-json\/wp\/v2\/pages\/766","targetHints":{"allow":["GET"]}}],"collection":[{"href":"https:\/\/glueck-wunsch.de\/testimonial381b\/wp-json\/wp\/v2\/pages"}],"about":[{"href":"https:\/\/glueck-wunsch.de\/testimonial381b\/wp-json\/wp\/v2\/types\/page"}],"author":[{"embeddable":true,"href":"https:\/\/glueck-wunsch.de\/testimonial381b\/wp-json\/wp\/v2\/users\/21"}],"replies":[{"embeddable":true,"href":"https:\/\/glueck-wunsch.de\/testimonial381b\/wp-json\/wp\/v2\/comments?post=766"}],"version-history":[{"count":1,"href":"https:\/\/glueck-wunsch.de\/testimonial381b\/wp-json\/wp\/v2\/pages\/766\/revisions"}],"predecessor-version":[{"id":767,"href":"https:\/\/glueck-wunsch.de\/testimonial381b\/wp-json\/wp\/v2\/pages\/766\/revisions\/767"}],"wp:attachment":[{"href":"https:\/\/glueck-wunsch.de\/testimonial381b\/wp-json\/wp\/v2\/media?parent=766"}],"curies":[{"name":"wp","href":"https:\/\/api.w.org\/{rel}","templated":true}]}}