{"id":772,"date":"2019-04-17T10:03:43","date_gmt":"2019-04-17T08:03:43","guid":{"rendered":"https:\/\/glueck-wunsch.de\/testimonial381b\/?page_id=772"},"modified":"2019-04-17T10:03:43","modified_gmt":"2019-04-17T08:03:43","slug":"nachbarschaftshilfe-koelsch-haetz","status":"publish","type":"page","link":"https:\/\/glueck-wunsch.de\/testimonial381b\/nachbarschaftshilfe-koelsch-haetz\/","title":{"rendered":"Nachbarschaftshilfe K\u00f6lsch H\u00e4tz"},"content":{"rendered":"\n<p>Begegnung im Veedel ist das Anliegen von \u201eK\u00f6lsch H\u00e4tz\u201c. Seit Oktober 2009 gibt es diese Nachbarschaftshilfe auch in Dellbr\u00fcck und Holweide. Ziel der Initiative ist, engagierte Menschen an Menschen zu vermitteln, die sich \u00fcber regelm\u00e4\u00dfige Besuche oder Begleitung freuen. Stimmt die \u201eChemie\u201c zwischen Engagierten und Besuchten, entstehen vertrauensvolle Beziehungen \u2013 wodurch sich die Lebensqualit\u00e4t der Menschen verbessert.<\/p>\n\n\n\n<p>&nbsp;Zahlreiche Menschen in Dellbr\u00fcck und Holweide w\u00fcnschen sich Kontakt zu einer netten Person. Darunter sind auch Seniorinnen und Senioren, die ihre Wohnung ohne Hilfe nicht verlassen k\u00f6nnen, die nur mit einer Begleitperson Spazierg\u00e4nge, Eink\u00e4ufe oder gelegentliche Unternehmungen wie kleine Ausfl\u00fcge bewerkstelligen k\u00f6nnen. \u201eK\u00f6lsch H\u00e4tz\u201c sucht Frauen und M\u00e4nner, die Lust und Interesse haben, einen kontinuierlichen Kontakt zu einem alten Menschen, einem Kind oder einer Familie aufzubauen. Auf welche Weise und wie viel Zeit jemand investieren m\u00f6chte, bestimmt sie oder er selbst. Die Ansprechpartnerinnen und -partner im Veedel lernen alle Ehrenamtlichen und Hilfesuchenden pers\u00f6nlich kennen und stellen die Menschen einander vor. Die Ehrenamtlichen werden bei ihrem Engagement unterst\u00fctzt durch Praxisbegleitung, Fortbildungen und gesellige Zusammentreffen. Sie werden versichert und bekommen ihre Fahrtkosten erstattet.<\/p>\n\n\n\n<p><strong>N\u00e4here Informationen&nbsp;<\/strong>gibt es im K\u00f6lsch H\u00e4tz-B\u00fcro, Kopischstra\u00dfe 6, K\u00f6ln-Dellbr\u00fcck.<\/p>\n\n\n\n<p><strong>Sprechzeiten:<\/strong>&nbsp;dienstags 15.30 bis 17.30 Uhr und donnerstags 10 bis 12 Uhr, Telefon 0221-680 63 53, E-Mail&nbsp;<a href=\"mailto:info@koelschhaetz.de\">info@koelschhaetz.de<\/a><\/p>\n\n\n\n<p>Weitere Informationen zu K\u00f6lsch H\u00e4tz: &nbsp;<a href=\"http:\/\/www.koelschhaetz.de\/\">www.koelschhaetz.de.<\/a><\/p>\n","protected":false},"excerpt":{"rendered":"<p>Begegnung im Veedel ist das Anliegen von \u201eK\u00f6lsch H\u00e4tz\u201c. Seit Oktober 2009 gibt es diese Nachbarschaftshilfe auch in Dellbr\u00fcck und Holweide. Ziel der Initiative ist, engagierte Menschen an Menschen zu vermitteln, die sich \u00fcber regelm\u00e4\u00dfige Besuche oder Begleitung freuen. Stimmt die \u201eChemie\u201c zwischen Engagierten und Besuchten, entstehen vertrauensvolle Beziehungen \u2013 wodurch sich die Lebensqualit\u00e4t der [&hellip;]<\/p>\n","protected":false},"author":21,"featured_media":0,"parent":0,"menu_order":0,"comment_status":"closed","ping_status":"closed","template":"","meta":{"_uag_custom_page_level_css":"","ocean_post_layout":"","ocean_both_sidebars_style":"","ocean_both_sidebars_content_width":0,"ocean_both_sidebars_sidebars_width":0,"ocean_sidebar":"","ocean_second_sidebar":"","ocean_disable_margins":"enable","ocean_add_body_class":"","ocean_shortcode_before_top_bar":"","ocean_shortcode_after_top_bar":"","ocean_shortcode_before_header":"","ocean_shortcode_after_header":"","ocean_has_shortcode":"","ocean_shortcode_after_title":"","ocean_shortcode_before_footer_widgets":"","ocean_shortcode_after_footer_widgets":"","ocean_shortcode_before_footer_bottom":"","ocean_shortcode_after_footer_bottom":"","ocean_display_top_bar":"default","ocean_display_header":"default","ocean_header_style":"","ocean_center_header_left_menu":"","ocean_custom_header_template":"","ocean_custom_logo":0,"ocean_custom_retina_logo":0,"ocean_custom_logo_max_width":0,"ocean_custom_logo_tablet_max_width":0,"ocean_custom_logo_mobile_max_width":0,"ocean_custom_logo_max_height":0,"ocean_custom_logo_tablet_max_height":0,"ocean_custom_logo_mobile_max_height":0,"ocean_header_custom_menu":"","ocean_menu_typo_font_family":"","ocean_menu_typo_font_subset":"","ocean_menu_typo_font_size":0,"ocean_menu_typo_font_size_tablet":0,"ocean_menu_typo_font_size_mobile":0,"ocean_menu_typo_font_size_unit":"px","ocean_menu_typo_font_weight":"","ocean_menu_typo_font_weight_tablet":"","ocean_menu_typo_font_weight_mobile":"","ocean_menu_typo_transform":"","ocean_menu_typo_transform_tablet":"","ocean_menu_typo_transform_mobile":"","ocean_menu_typo_line_height":0,"ocean_menu_typo_line_height_tablet":0,"ocean_menu_typo_line_height_mobile":0,"ocean_menu_typo_line_height_unit":"","ocean_menu_typo_spacing":0,"ocean_menu_typo_spacing_tablet":0,"ocean_menu_typo_spacing_mobile":0,"ocean_menu_typo_spacing_unit":"","ocean_menu_link_color":"","ocean_menu_link_color_hover":"","ocean_menu_link_color_active":"","ocean_menu_link_background":"","ocean_menu_link_hover_background":"","ocean_menu_link_active_background":"","ocean_menu_social_links_bg":"","ocean_menu_social_hover_links_bg":"","ocean_menu_social_links_color":"","ocean_menu_social_hover_links_color":"","ocean_disable_title":"default","ocean_disable_heading":"default","ocean_post_title":"","ocean_post_subheading":"","ocean_post_title_style":"","ocean_post_title_background_color":"","ocean_post_title_background":0,"ocean_post_title_bg_image_position":"","ocean_post_title_bg_image_attachment":"","ocean_post_title_bg_image_repeat":"","ocean_post_title_bg_image_size":"","ocean_post_title_height":0,"ocean_post_title_bg_overlay":0.5,"ocean_post_title_bg_overlay_color":"","ocean_disable_breadcrumbs":"default","ocean_breadcrumbs_color":"","ocean_breadcrumbs_separator_color":"","ocean_breadcrumbs_links_color":"","ocean_breadcrumbs_links_hover_color":"","ocean_display_footer_widgets":"default","ocean_display_footer_bottom":"default","ocean_custom_footer_template":"","footnotes":""},"class_list":["post-772","page","type-page","status-publish","hentry","entry"],"featured_image_src":null,"uagb_featured_image_src":{"full":false,"thumbnail":false,"medium":false,"medium_large":false,"large":false,"1536x1536":false,"2048x2048":false,"ocean-thumb-m":false,"ocean-thumb-ml":false,"ocean-thumb-l":false},"uagb_author_info":{"display_name":"Nora Mieke","author_link":"https:\/\/glueck-wunsch.de\/testimonial381b\/author\/admin-mieke\/"},"uagb_comment_info":0,"uagb_excerpt":"Begegnung im Veedel ist das Anliegen von \u201eK\u00f6lsch H\u00e4tz\u201c. Seit Oktober 2009 gibt es diese Nachbarschaftshilfe auch in Dellbr\u00fcck und Holweide. Ziel der Initiative ist, engagierte Menschen an Menschen zu vermitteln, die sich \u00fcber regelm\u00e4\u00dfige Besuche oder Begleitung freuen. Stimmt die \u201eChemie\u201c zwischen Engagierten und Besuchten, entstehen vertrauensvolle Beziehungen \u2013 wodurch sich die Lebensqualit\u00e4t der&hellip;","_links":{"self":[{"href":"https:\/\/glueck-wunsch.de\/testimonial381b\/wp-json\/wp\/v2\/pages\/772","targetHints":{"allow":["GET"]}}],"collection":[{"href":"https:\/\/glueck-wunsch.de\/testimonial381b\/wp-json\/wp\/v2\/pages"}],"about":[{"href":"https:\/\/glueck-wunsch.de\/testimonial381b\/wp-json\/wp\/v2\/types\/page"}],"author":[{"embeddable":true,"href":"https:\/\/glueck-wunsch.de\/testimonial381b\/wp-json\/wp\/v2\/users\/21"}],"replies":[{"embeddable":true,"href":"https:\/\/glueck-wunsch.de\/testimonial381b\/wp-json\/wp\/v2\/comments?post=772"}],"version-history":[{"count":1,"href":"https:\/\/glueck-wunsch.de\/testimonial381b\/wp-json\/wp\/v2\/pages\/772\/revisions"}],"predecessor-version":[{"id":773,"href":"https:\/\/glueck-wunsch.de\/testimonial381b\/wp-json\/wp\/v2\/pages\/772\/revisions\/773"}],"wp:attachment":[{"href":"https:\/\/glueck-wunsch.de\/testimonial381b\/wp-json\/wp\/v2\/media?parent=772"}],"curies":[{"name":"wp","href":"https:\/\/api.w.org\/{rel}","templated":true}]}}