{"id":798,"date":"2019-04-17T10:20:01","date_gmt":"2019-04-17T08:20:01","guid":{"rendered":"https:\/\/glueck-wunsch.de\/testimonial381b\/?page_id=798"},"modified":"2026-04-03T13:56:23","modified_gmt":"2026-04-03T11:56:23","slug":"kinder-jugendliche","status":"publish","type":"page","link":"https:\/\/glueck-wunsch.de\/testimonial381b\/kinder-jugendliche\/","title":{"rendered":"Jugendliche"},"content":{"rendered":"\n<h2 class=\"wp-block-heading\" id=\"0-jugendgruppen\">Jugendgruppen<\/h2>\n\n\n\n<h3 class=\"wp-block-heading\" id=\"1-lust-auf-gemeinschaft-spa%C3%9F-kreativit%C3%A4t-und-diskussion-dann-komm-einfach-vorbei\">Lust auf Gemeinschaft, Spa\u00df, Kreativit\u00e4t und Diskussion?<br>Dann komm einfach vorbei!<\/h3>\n\n\n\n<h4 class=\"wp-block-heading\" id=\"2-offener-jugendtreff-\"> <strong>Offener Jugendtreff<\/strong><\/h4>\n\n\n\n<p>dienstags ab ab 19 Uhr im Gemeindehaus der Pauluskirche <br>donnerstags ab 19 Uhr im Gemeindehaus der Christuskirche<\/p>\n\n\n\n<h4 class=\"wp-block-heading\" id=\"3-jugendteam-\">Jugendteam: <\/h4>\n\n\n\n<p>Teamertreffen 1x im Monat dienstags, ab 19:30 Uhr<br>im Gemeindehaus der Pauluskirche <\/p>\n\n\n\n<p class=\"has-text-align-left\">Wir sind Jugendliche zwischen 14 und 22 Jahren, die sich um alles  k\u00fcmmern, was bei uns mit Jugendarbeit zu tun hat.  Jeder ist mit seinen Ideen und F\u00e4higkeiten willkommen. Wir planen Aktionen und  Veranstaltungen und bringen uns  aktiv in die Gemeinde ein \u2013 denn nur  wenn wir mitmachen, wird die Gemeinde zu einem Ort, der uns gef\u00e4llt.  Teamwork ist uns wichtig; au\u00dferdem sind wir kreativ, engagiert,  chaotisch, ein bisschen verr\u00fcckt und f\u00fcr jeden Spa\u00df zu haben! Was machen  wir im Jugendteam?\u2026 eine ganze Menge!  <br>Ansprechpartner:&nbsp;Pfarrer Klaus V\u00f6lkl, Telefon: 0221 &#8211; 6804868  <\/p>\n\n\n\n<p>Evangelische Jugend in K\u00f6ln und Umgebung<br>Unter www.jupf.de gibt es zahlreiche \u00fcbergemeindliche Angebote, bei denen Kinder und Jugendliche aus allen Gemeinden des Evangelischen Kirchenverbandes K\u00f6ln und Region mitmachen k\u00f6nnen.<\/p>\n\n\n\n\t\t\t<div class=\"wp-block-uagb-post-carousel uagb-post-grid  uagb-post__image-position-top uagb-post__image-enabled uagb-block-ce76069b     uagb-post__arrow-outside uagb-post__items uagb-post__columns-3 is-carousel uagb-post__columns-tablet-2 uagb-post__columns-mobile-1\" data-total=\"1\" style=\"\">\n\n\t\t\t\t\t\t\t\t\t\t\t\t<article class=\"uagb-post__inner-wrap\">\t\t\t\t\t\t\t\t<div class='uagb-post__image'>\n\t\t\t\t\t\t\t\t\t<a href=\"https:\/\/glueck-wunsch.de\/testimonial381b\/jugendteam\/\" target=\"_self\" rel=\"bookmark noopener noreferrer\"><img loading=\"lazy\" decoding=\"async\" width=\"1024\" height=\"486\" src=\"https:\/\/glueck-wunsch.de\/testimonial381b\/wp-content\/uploads\/2025\/05\/presbyterium-2024-1024x486.jpg\" class=\"attachment-large size-large\" alt=\"\" srcset=\"https:\/\/glueck-wunsch.de\/testimonial381b\/wp-content\/uploads\/2025\/05\/presbyterium-2024-1024x486.jpg 1024w, https:\/\/glueck-wunsch.de\/testimonial381b\/wp-content\/uploads\/2025\/05\/presbyterium-2024-300x143.jpg 300w, https:\/\/glueck-wunsch.de\/testimonial381b\/wp-content\/uploads\/2025\/05\/presbyterium-2024-768x365.jpg 768w, https:\/\/glueck-wunsch.de\/testimonial381b\/wp-content\/uploads\/2025\/05\/presbyterium-2024.jpg 1280w\" sizes=\"auto, (max-width: 1024px) 100vw, 1024px\" \/>\t\t\t\t\t<\/a>\n\t\t\t\t\t\t\t\t\t<\/div>\n\t\t\t\t\t\t<h4 class=\"uagb-post__title uagb-post__text\">\n\t\t\t\t<a href=\"https:\/\/glueck-wunsch.de\/testimonial381b\/jugendteam\/\" target=\"_self\" rel=\"bookmark noopener noreferrer\">Jugendteam<\/a>\n\t\t\t<\/h4>\n\t\t\t\t\t\t<div class='uagb-post__text uagb-post-grid-byline'>\n\t\t\t\t\t\t\t\t<time datetime=\"2026-04-03T13:44:13+02:00\" class=\"uagb-post__date\">\n\t\t\t\t<span class=\"dashicons-calendar dashicons\"><\/span>\t\t\t\t\t3. April 2026\t\t\t\t<\/time>\n\t\t\t\t\t\t\t<span class=\"uagb-post__comment\">\n\t\t\t\t<span class=\"dashicons-admin-comments dashicons\"><\/span>\t\t\t\t\tKeine Kommentare\t\t\t\t<\/span>\n\t\t\t\t\t\t<\/div>\n\t\t\t\t\t\t\t<div class='uagb-post__text uagb-post__excerpt'>\n\t\t\t\t\tWar wir machen\t\t\t\t<\/div>\n\t\t\t\t\t\t<div class=\"uagb-post__text uagb-post__cta wp-block-button\">\n\t\t\t\t<a class=\"wp-block-button__link uagb-text-link\" style=\"\" href=\"https:\/\/glueck-wunsch.de\/testimonial381b\/jugendteam\/\" target=\"_self\" rel=\"bookmark noopener noreferrer\">Weiterlesen<\/a>\n\t\t\t<\/div>\n\t\t\t\n\t\t\t\t\t\t\t\t\t<\/article>\n\t\t\t\t\t\t\t\t\t\t\t\t\t\t\t\t<article class=\"uagb-post__inner-wrap\">\t\t\t\t\t\t\t\t<h4 class=\"uagb-post__title uagb-post__text\">\n\t\t\t\t<a href=\"https:\/\/glueck-wunsch.de\/testimonial381b\/junge-kirche\/\" target=\"_self\" rel=\"bookmark noopener noreferrer\">Junge Kirche<\/a>\n\t\t\t<\/h4>\n\t\t\t\t\t\t<div class='uagb-post__text uagb-post-grid-byline'>\n\t\t\t\t\t\t\t\t<time datetime=\"2026-04-03T11:47:27+02:00\" class=\"uagb-post__date\">\n\t\t\t\t<span class=\"dashicons-calendar dashicons\"><\/span>\t\t\t\t\t3. April 2026\t\t\t\t<\/time>\n\t\t\t\t\t\t\t<span class=\"uagb-post__comment\">\n\t\t\t\t<span class=\"dashicons-admin-comments dashicons\"><\/span>\t\t\t\t\tKeine Kommentare\t\t\t\t<\/span>\n\t\t\t\t\t\t<\/div>\n\t\t\t\t\t\t\t<div class='uagb-post__text uagb-post__excerpt'>\n\t\t\t\t\t<p>Nachrichten aus dem Jugendteam<\/p>\n\t\t\t\t<\/div>\n\t\t\t\t\t\t<div class=\"uagb-post__text uagb-post__cta wp-block-button\">\n\t\t\t\t<a class=\"wp-block-button__link uagb-text-link\" style=\"\" href=\"https:\/\/glueck-wunsch.de\/testimonial381b\/junge-kirche\/\" target=\"_self\" rel=\"bookmark noopener noreferrer\">Weiterlesen<\/a>\n\t\t\t<\/div>\n\t\t\t\n\t\t\t\t\t\t\t\t\t<\/article>\n\t\t\t\t\t\t\t\t\t\t\t<\/div>\n\t\t\t","protected":false},"excerpt":{"rendered":"<p>Jugendgruppen Lust auf Gemeinschaft, Spa\u00df, Kreativit\u00e4t und Diskussion?Dann komm einfach vorbei! Offener Jugendtreff dienstags ab ab 19 Uhr im Gemeindehaus der Pauluskirche donnerstags ab 19 Uhr im Gemeindehaus der Christuskirche Jugendteam: Teamertreffen 1x im Monat dienstags, ab 19:30 Uhrim Gemeindehaus der Pauluskirche Wir sind Jugendliche zwischen 14 und 22 Jahren, die sich um alles k\u00fcmmern, [&hellip;]<\/p>\n","protected":false},"author":21,"featured_media":0,"parent":0,"menu_order":0,"comment_status":"closed","ping_status":"closed","template":"","meta":{"_uag_custom_page_level_css":"","ocean_post_layout":"","ocean_both_sidebars_style":"","ocean_both_sidebars_content_width":0,"ocean_both_sidebars_sidebars_width":0,"ocean_sidebar":"","ocean_second_sidebar":"","ocean_disable_margins":"enable","ocean_add_body_class":"","ocean_shortcode_before_top_bar":"","ocean_shortcode_after_top_bar":"","ocean_shortcode_before_header":"","ocean_shortcode_after_header":"","ocean_has_shortcode":"","ocean_shortcode_after_title":"","ocean_shortcode_before_footer_widgets":"","ocean_shortcode_after_footer_widgets":"","ocean_shortcode_before_footer_bottom":"","ocean_shortcode_after_footer_bottom":"","ocean_display_top_bar":"default","ocean_display_header":"default","ocean_header_style":"","ocean_center_header_left_menu":"","ocean_custom_header_template":"","ocean_custom_logo":0,"ocean_custom_retina_logo":0,"ocean_custom_logo_max_width":0,"ocean_custom_logo_tablet_max_width":0,"ocean_custom_logo_mobile_max_width":0,"ocean_custom_logo_max_height":0,"ocean_custom_logo_tablet_max_height":0,"ocean_custom_logo_mobile_max_height":0,"ocean_header_custom_menu":"","ocean_menu_typo_font_family":"","ocean_menu_typo_font_subset":"","ocean_menu_typo_font_size":0,"ocean_menu_typo_font_size_tablet":0,"ocean_menu_typo_font_size_mobile":0,"ocean_menu_typo_font_size_unit":"px","ocean_menu_typo_font_weight":"","ocean_menu_typo_font_weight_tablet":"","ocean_menu_typo_font_weight_mobile":"","ocean_menu_typo_transform":"","ocean_menu_typo_transform_tablet":"","ocean_menu_typo_transform_mobile":"","ocean_menu_typo_line_height":0,"ocean_menu_typo_line_height_tablet":0,"ocean_menu_typo_line_height_mobile":0,"ocean_menu_typo_line_height_unit":"","ocean_menu_typo_spacing":0,"ocean_menu_typo_spacing_tablet":0,"ocean_menu_typo_spacing_mobile":0,"ocean_menu_typo_spacing_unit":"","ocean_menu_link_color":"","ocean_menu_link_color_hover":"","ocean_menu_link_color_active":"","ocean_menu_link_background":"","ocean_menu_link_hover_background":"","ocean_menu_link_active_background":"","ocean_menu_social_links_bg":"","ocean_menu_social_hover_links_bg":"","ocean_menu_social_links_color":"","ocean_menu_social_hover_links_color":"","ocean_disable_title":"default","ocean_disable_heading":"default","ocean_post_title":"","ocean_post_subheading":"","ocean_post_title_style":"","ocean_post_title_background_color":"","ocean_post_title_background":0,"ocean_post_title_bg_image_position":"","ocean_post_title_bg_image_attachment":"","ocean_post_title_bg_image_repeat":"","ocean_post_title_bg_image_size":"","ocean_post_title_height":0,"ocean_post_title_bg_overlay":0.5,"ocean_post_title_bg_overlay_color":"","ocean_disable_breadcrumbs":"default","ocean_breadcrumbs_color":"","ocean_breadcrumbs_separator_color":"","ocean_breadcrumbs_links_color":"","ocean_breadcrumbs_links_hover_color":"","ocean_display_footer_widgets":"default","ocean_display_footer_bottom":"default","ocean_custom_footer_template":"","footnotes":""},"class_list":["post-798","page","type-page","status-publish","hentry","entry"],"featured_image_src":null,"uagb_featured_image_src":{"full":false,"thumbnail":false,"medium":false,"medium_large":false,"large":false,"1536x1536":false,"2048x2048":false,"ocean-thumb-m":false,"ocean-thumb-ml":false,"ocean-thumb-l":false},"uagb_author_info":{"display_name":"Nora Mieke","author_link":"https:\/\/glueck-wunsch.de\/testimonial381b\/author\/admin-mieke\/"},"uagb_comment_info":0,"uagb_excerpt":"Jugendgruppen Lust auf Gemeinschaft, Spa\u00df, Kreativit\u00e4t und Diskussion?Dann komm einfach vorbei! Offener Jugendtreff dienstags ab ab 19 Uhr im Gemeindehaus der Pauluskirche donnerstags ab 19 Uhr im Gemeindehaus der Christuskirche Jugendteam: Teamertreffen 1x im Monat dienstags, ab 19:30 Uhrim Gemeindehaus der Pauluskirche Wir sind Jugendliche zwischen 14 und 22 Jahren, die sich um alles k\u00fcmmern,&hellip;","_links":{"self":[{"href":"https:\/\/glueck-wunsch.de\/testimonial381b\/wp-json\/wp\/v2\/pages\/798","targetHints":{"allow":["GET"]}}],"collection":[{"href":"https:\/\/glueck-wunsch.de\/testimonial381b\/wp-json\/wp\/v2\/pages"}],"about":[{"href":"https:\/\/glueck-wunsch.de\/testimonial381b\/wp-json\/wp\/v2\/types\/page"}],"author":[{"embeddable":true,"href":"https:\/\/glueck-wunsch.de\/testimonial381b\/wp-json\/wp\/v2\/users\/21"}],"replies":[{"embeddable":true,"href":"https:\/\/glueck-wunsch.de\/testimonial381b\/wp-json\/wp\/v2\/comments?post=798"}],"version-history":[{"count":11,"href":"https:\/\/glueck-wunsch.de\/testimonial381b\/wp-json\/wp\/v2\/pages\/798\/revisions"}],"predecessor-version":[{"id":4705,"href":"https:\/\/glueck-wunsch.de\/testimonial381b\/wp-json\/wp\/v2\/pages\/798\/revisions\/4705"}],"wp:attachment":[{"href":"https:\/\/glueck-wunsch.de\/testimonial381b\/wp-json\/wp\/v2\/media?parent=798"}],"curies":[{"name":"wp","href":"https:\/\/api.w.org\/{rel}","templated":true}]}}