{"id":802,"date":"2019-06-01T18:00:44","date_gmt":"2019-06-01T16:00:44","guid":{"rendered":"https:\/\/glueck-wunsch.de\/testimonial381b\/?page_id=802"},"modified":"2019-06-02T22:49:31","modified_gmt":"2019-06-02T20:49:31","slug":"oekumenische-fluechtlingshilfe-dellbrueck-holweide","status":"publish","type":"page","link":"https:\/\/glueck-wunsch.de\/testimonial381b\/oekumenische-fluechtlingshilfe-dellbrueck-holweide\/","title":{"rendered":"\u00d6kumenische Fl\u00fcchtlingshilfe Dellbr\u00fcck\/Holweide"},"content":{"rendered":"\n<p>Die Not der Fl\u00fcchtlinge und steigende Zahlen wie auch Ressentiments haben bei uns in der Gemeinde sowohl Betroffenheit als auch den Wunsch ausgel\u00f6st, vor Ort zu helfen. Denn was viele bislang nur aus den Medien kennen, erfahren wir jetzt in unmittelbarer Nachbarschaft: Menschen aus anderen Kulturkreisen, die sich aus Not und Verfolgung nach Europa retten konnten, sind in Dellbr\u00fcck bzw. in Holweide angekommen. <\/p>\n\n\n\n<p>Anfang 2014 wurde die \u201e\u00d6kumenische Fl\u00fcchtlingshilfe Dellbr\u00fcck\/Holweide\u201c gegr\u00fcndet, eine Initiative der katholischen und der evangelischen Kirchengemeinde in K\u00f6ln-Dellbr\u00fcck\/Holweide, in der Menschen mitwirken, denen die Verbesserung der Lebenssituation von Fl\u00fcchtlingen und die Organisation konkreter Hilfestellung ein Anliegen ist. Zu den Mitgliedern geh\u00f6ren Aktive aus Gemeinden, Initiativen, Parteien sowie interessierte Einzelpersonen. <\/p>\n\n\n\n<p>Materielle Hilfe ist wichtig \u2013 ein Dach \u00fcber dem Kopf, Geld f\u00fcr die Ern\u00e4hrung. Aber es braucht mehr: Unterst\u00fctzung bei Beh\u00f6rden- und Arztbesuchen; auch juristische Hilfen sind gefragt. Kinder warten auf eine Chance, in eine Kindertagesst\u00e4tte zu gehen, oder eine geeignete Schule wird dringend gesucht. Deutsche Sprachkenntnisse sind zu vermitteln, Hausaufgabenbetreuung, Spielnachmittage f\u00fcr Kinder. Kurz: Es gibt viele Ans\u00e4tze, um sich zu engagieren. Menschlichkeit \u2013 eine Begr\u00fc\u00dfung und ein gutes Wort! \u2013 helfen auch. Und ganz wichtig: Wer sich engagiert, bekommt selbst viel zur\u00fcck! <\/p>\n\n\n\n<p>Den Internetauftritt der \u00d6kumenischen Fl\u00fcchtlingshilfe Dellbr\u00fcck\/Holweide erreichen Sie \u00fcber folgenden Link: <a href=\"http:\/\/www.fluchtbruecke.de\/\" target=\"_blank\" rel=\"noreferrer noopener\" aria-label=\" (\u00f6ffnet in neuem Tab)\">http:\/\/www.fluchtbruecke.de\/<\/a><\/p>\n","protected":false},"excerpt":{"rendered":"<p>Die Not der Fl\u00fcchtlinge und steigende Zahlen wie auch Ressentiments haben bei uns in der Gemeinde sowohl Betroffenheit als auch den Wunsch ausgel\u00f6st, vor Ort zu helfen. Denn was viele bislang nur aus den Medien kennen, erfahren wir jetzt in unmittelbarer Nachbarschaft: Menschen aus anderen Kulturkreisen, die sich aus Not und Verfolgung nach Europa retten [&hellip;]<\/p>\n","protected":false},"author":9,"featured_media":0,"parent":0,"menu_order":0,"comment_status":"closed","ping_status":"closed","template":"","meta":{"_uag_custom_page_level_css":"","ocean_post_layout":"","ocean_both_sidebars_style":"","ocean_both_sidebars_content_width":0,"ocean_both_sidebars_sidebars_width":0,"ocean_sidebar":"","ocean_second_sidebar":"","ocean_disable_margins":"enable","ocean_add_body_class":"","ocean_shortcode_before_top_bar":"","ocean_shortcode_after_top_bar":"","ocean_shortcode_before_header":"","ocean_shortcode_after_header":"","ocean_has_shortcode":"","ocean_shortcode_after_title":"","ocean_shortcode_before_footer_widgets":"","ocean_shortcode_after_footer_widgets":"","ocean_shortcode_before_footer_bottom":"","ocean_shortcode_after_footer_bottom":"","ocean_display_top_bar":"default","ocean_display_header":"default","ocean_header_style":"","ocean_center_header_left_menu":"","ocean_custom_header_template":"","ocean_custom_logo":0,"ocean_custom_retina_logo":0,"ocean_custom_logo_max_width":0,"ocean_custom_logo_tablet_max_width":0,"ocean_custom_logo_mobile_max_width":0,"ocean_custom_logo_max_height":0,"ocean_custom_logo_tablet_max_height":0,"ocean_custom_logo_mobile_max_height":0,"ocean_header_custom_menu":"","ocean_menu_typo_font_family":"","ocean_menu_typo_font_subset":"","ocean_menu_typo_font_size":0,"ocean_menu_typo_font_size_tablet":0,"ocean_menu_typo_font_size_mobile":0,"ocean_menu_typo_font_size_unit":"px","ocean_menu_typo_font_weight":"","ocean_menu_typo_font_weight_tablet":"","ocean_menu_typo_font_weight_mobile":"","ocean_menu_typo_transform":"","ocean_menu_typo_transform_tablet":"","ocean_menu_typo_transform_mobile":"","ocean_menu_typo_line_height":0,"ocean_menu_typo_line_height_tablet":0,"ocean_menu_typo_line_height_mobile":0,"ocean_menu_typo_line_height_unit":"","ocean_menu_typo_spacing":0,"ocean_menu_typo_spacing_tablet":0,"ocean_menu_typo_spacing_mobile":0,"ocean_menu_typo_spacing_unit":"","ocean_menu_link_color":"","ocean_menu_link_color_hover":"","ocean_menu_link_color_active":"","ocean_menu_link_background":"","ocean_menu_link_hover_background":"","ocean_menu_link_active_background":"","ocean_menu_social_links_bg":"","ocean_menu_social_hover_links_bg":"","ocean_menu_social_links_color":"","ocean_menu_social_hover_links_color":"","ocean_disable_title":"default","ocean_disable_heading":"default","ocean_post_title":"","ocean_post_subheading":"","ocean_post_title_style":"","ocean_post_title_background_color":"","ocean_post_title_background":0,"ocean_post_title_bg_image_position":"","ocean_post_title_bg_image_attachment":"","ocean_post_title_bg_image_repeat":"","ocean_post_title_bg_image_size":"","ocean_post_title_height":0,"ocean_post_title_bg_overlay":0.5,"ocean_post_title_bg_overlay_color":"","ocean_disable_breadcrumbs":"default","ocean_breadcrumbs_color":"","ocean_breadcrumbs_separator_color":"","ocean_breadcrumbs_links_color":"","ocean_breadcrumbs_links_hover_color":"","ocean_display_footer_widgets":"default","ocean_display_footer_bottom":"default","ocean_custom_footer_template":"","footnotes":""},"class_list":["post-802","page","type-page","status-publish","hentry","entry"],"featured_image_src":null,"uagb_featured_image_src":{"full":false,"thumbnail":false,"medium":false,"medium_large":false,"large":false,"1536x1536":false,"2048x2048":false,"ocean-thumb-m":false,"ocean-thumb-ml":false,"ocean-thumb-l":false},"uagb_author_info":{"display_name":"J\u00f6rg K\u00e4mmerer","author_link":"https:\/\/glueck-wunsch.de\/testimonial381b\/author\/kaemmerer\/"},"uagb_comment_info":0,"uagb_excerpt":"Die Not der Fl\u00fcchtlinge und steigende Zahlen wie auch Ressentiments haben bei uns in der Gemeinde sowohl Betroffenheit als auch den Wunsch ausgel\u00f6st, vor Ort zu helfen. Denn was viele bislang nur aus den Medien kennen, erfahren wir jetzt in unmittelbarer Nachbarschaft: Menschen aus anderen Kulturkreisen, die sich aus Not und Verfolgung nach Europa retten&hellip;","_links":{"self":[{"href":"https:\/\/glueck-wunsch.de\/testimonial381b\/wp-json\/wp\/v2\/pages\/802","targetHints":{"allow":["GET"]}}],"collection":[{"href":"https:\/\/glueck-wunsch.de\/testimonial381b\/wp-json\/wp\/v2\/pages"}],"about":[{"href":"https:\/\/glueck-wunsch.de\/testimonial381b\/wp-json\/wp\/v2\/types\/page"}],"author":[{"embeddable":true,"href":"https:\/\/glueck-wunsch.de\/testimonial381b\/wp-json\/wp\/v2\/users\/9"}],"replies":[{"embeddable":true,"href":"https:\/\/glueck-wunsch.de\/testimonial381b\/wp-json\/wp\/v2\/comments?post=802"}],"version-history":[{"count":4,"href":"https:\/\/glueck-wunsch.de\/testimonial381b\/wp-json\/wp\/v2\/pages\/802\/revisions"}],"predecessor-version":[{"id":1638,"href":"https:\/\/glueck-wunsch.de\/testimonial381b\/wp-json\/wp\/v2\/pages\/802\/revisions\/1638"}],"wp:attachment":[{"href":"https:\/\/glueck-wunsch.de\/testimonial381b\/wp-json\/wp\/v2\/media?parent=802"}],"curies":[{"name":"wp","href":"https:\/\/api.w.org\/{rel}","templated":true}]}}