{"id":813,"date":"2019-06-02T16:10:39","date_gmt":"2019-06-02T14:10:39","guid":{"rendered":"https:\/\/glueck-wunsch.de\/testimonial381b\/?page_id=813"},"modified":"2026-04-03T19:29:57","modified_gmt":"2026-04-03T17:29:57","slug":"pauluskantorei","status":"publish","type":"page","link":"https:\/\/glueck-wunsch.de\/testimonial381b\/pauluskantorei\/","title":{"rendered":"Pauluskantorei"},"content":{"rendered":"<div class=\"wp-block-image\">\n<figure class=\"aligncenter size-large\"><img loading=\"lazy\" decoding=\"async\" width=\"1024\" height=\"516\" src=\"https:\/\/glueck-wunsch.de\/testimonial381b\/wp-content\/uploads\/2026\/04\/konzert-stabat-mater-2025-1024x516.jpg\" alt=\"\" class=\"wp-image-4709\" srcset=\"https:\/\/glueck-wunsch.de\/testimonial381b\/wp-content\/uploads\/2026\/04\/konzert-stabat-mater-2025-1024x516.jpg 1024w, https:\/\/glueck-wunsch.de\/testimonial381b\/wp-content\/uploads\/2026\/04\/konzert-stabat-mater-2025-300x151.jpg 300w, https:\/\/glueck-wunsch.de\/testimonial381b\/wp-content\/uploads\/2026\/04\/konzert-stabat-mater-2025-768x387.jpg 768w, https:\/\/glueck-wunsch.de\/testimonial381b\/wp-content\/uploads\/2026\/04\/konzert-stabat-mater-2025-1536x773.jpg 1536w, https:\/\/glueck-wunsch.de\/testimonial381b\/wp-content\/uploads\/2026\/04\/konzert-stabat-mater-2025.jpg 2000w\" sizes=\"auto, (max-width: 1024px) 100vw, 1024px\" \/><figcaption class=\"wp-element-caption\"><strong><strong>Pauluskirche, 5. April 2025<\/strong>, <strong>Generalprobe der Urauff\u00fchrung &#8222;Stabat Mater&#8220;<\/strong><\/strong><\/figcaption><\/figure>\n<\/div>\n\n\n<p>Die Kantorei der Pauluskirche feierte 2016 ihr 50-j\u00e4hriges Bestehen. Sie gestaltet die Gottesdienste und Andachten rund um das Kirchenjahr musikalisch mit. Zum Repertoire geh\u00f6ren klassische Chorwerke genauso wie Taiz\u00e9-Ges\u00e4nge und neue Chormusik. Zweimal im Jahr werden gr\u00f6\u00dfere oratorische Werke mit Begleitung von Solisten und Instrumenten aufgef\u00fchrt. Hier reicht das Spektrum von Sch\u00fctz und Bach \u00fcber Mozart, Schubert und Mendelssohn, bis hin zu Arvo P\u00e4rt und Thomas Becker.<\/p>\n\n\n\n<p><strong>Leitung:&nbsp;<\/strong><a href=\"mailto:thomas_becker2001@yahoo.de\">Thomas Becker<\/a><\/p>\n\n\n\n<p><strong>Proben:&nbsp;<\/strong>donnerstags, 19:30 Uhr im Gemeindehaus der Pauluskirche, Thurner Stra\u00dfe 105   <\/p>\n\n\n\n<h2 class=\"wp-block-heading\">Video vom Chor der Pauluskirche der Generalprobe 2025<\/h2>\n\n\n\n<figure class=\"wp-block-embed is-type-video is-provider-youtube wp-block-embed-youtube wp-embed-aspect-16-9 wp-has-aspect-ratio\"><div class=\"wp-block-embed__wrapper\">\n<p class=\"responsive-video-wrap clr\"><iframe loading=\"lazy\" title=\"Thomas Becker &quot;Drei S\u00e4tze zum Stabat mater&quot;  1. Satz\" width=\"1200\" height=\"675\" src=\"https:\/\/www.youtube.com\/embed\/U41cDNSqGz4?feature=oembed\" frameborder=\"0\" allow=\"accelerometer; autoplay; clipboard-write; encrypted-media; gyroscope; picture-in-picture; web-share\" referrerpolicy=\"strict-origin-when-cross-origin\" allowfullscreen><\/iframe><\/p>\n<\/div><\/figure>\n\n\n\n<p>&#8222;Drei S\u00e4tze zum Stabat mater&#8220; 1. Satz &#8218;Stabat mater&#8216;<br>Aufnahme der Generalprobe der Urauff\u00fchrung am 5. April 2025 in der Pauluskirche K\u00f6ln<br>Pauluskantorei K\u00f6ln-Dellbr\u00fcck, Sigrid Sachse &#8211; Klavier, Leitung: Thomas Becker<\/p>\n","protected":false},"excerpt":{"rendered":"<p>Die Kantorei der Pauluskirche feierte 2016 ihr 50-j\u00e4hriges Bestehen. Sie gestaltet die Gottesdienste und Andachten rund um das Kirchenjahr musikalisch mit. Zum Repertoire geh\u00f6ren klassische Chorwerke genauso wie Taiz\u00e9-Ges\u00e4nge und neue Chormusik. Zweimal im Jahr werden gr\u00f6\u00dfere oratorische Werke mit Begleitung von Solisten und Instrumenten aufgef\u00fchrt. Hier reicht das Spektrum von Sch\u00fctz und Bach \u00fcber [&hellip;]<\/p>\n","protected":false},"author":9,"featured_media":0,"parent":0,"menu_order":0,"comment_status":"closed","ping_status":"closed","template":"","meta":{"_uag_custom_page_level_css":"","ocean_post_layout":"","ocean_both_sidebars_style":"","ocean_both_sidebars_content_width":0,"ocean_both_sidebars_sidebars_width":0,"ocean_sidebar":"","ocean_second_sidebar":"","ocean_disable_margins":"enable","ocean_add_body_class":"","ocean_shortcode_before_top_bar":"","ocean_shortcode_after_top_bar":"","ocean_shortcode_before_header":"","ocean_shortcode_after_header":"","ocean_has_shortcode":"","ocean_shortcode_after_title":"","ocean_shortcode_before_footer_widgets":"","ocean_shortcode_after_footer_widgets":"","ocean_shortcode_before_footer_bottom":"","ocean_shortcode_after_footer_bottom":"","ocean_display_top_bar":"default","ocean_display_header":"default","ocean_header_style":"","ocean_center_header_left_menu":"","ocean_custom_header_template":"","ocean_custom_logo":0,"ocean_custom_retina_logo":0,"ocean_custom_logo_max_width":0,"ocean_custom_logo_tablet_max_width":0,"ocean_custom_logo_mobile_max_width":0,"ocean_custom_logo_max_height":0,"ocean_custom_logo_tablet_max_height":0,"ocean_custom_logo_mobile_max_height":0,"ocean_header_custom_menu":"","ocean_menu_typo_font_family":"","ocean_menu_typo_font_subset":"","ocean_menu_typo_font_size":0,"ocean_menu_typo_font_size_tablet":0,"ocean_menu_typo_font_size_mobile":0,"ocean_menu_typo_font_size_unit":"px","ocean_menu_typo_font_weight":"","ocean_menu_typo_font_weight_tablet":"","ocean_menu_typo_font_weight_mobile":"","ocean_menu_typo_transform":"","ocean_menu_typo_transform_tablet":"","ocean_menu_typo_transform_mobile":"","ocean_menu_typo_line_height":0,"ocean_menu_typo_line_height_tablet":0,"ocean_menu_typo_line_height_mobile":0,"ocean_menu_typo_line_height_unit":"","ocean_menu_typo_spacing":0,"ocean_menu_typo_spacing_tablet":0,"ocean_menu_typo_spacing_mobile":0,"ocean_menu_typo_spacing_unit":"","ocean_menu_link_color":"","ocean_menu_link_color_hover":"","ocean_menu_link_color_active":"","ocean_menu_link_background":"","ocean_menu_link_hover_background":"","ocean_menu_link_active_background":"","ocean_menu_social_links_bg":"","ocean_menu_social_hover_links_bg":"","ocean_menu_social_links_color":"","ocean_menu_social_hover_links_color":"","ocean_disable_title":"default","ocean_disable_heading":"default","ocean_post_title":"","ocean_post_subheading":"","ocean_post_title_style":"","ocean_post_title_background_color":"","ocean_post_title_background":0,"ocean_post_title_bg_image_position":"","ocean_post_title_bg_image_attachment":"","ocean_post_title_bg_image_repeat":"","ocean_post_title_bg_image_size":"","ocean_post_title_height":0,"ocean_post_title_bg_overlay":0.5,"ocean_post_title_bg_overlay_color":"","ocean_disable_breadcrumbs":"default","ocean_breadcrumbs_color":"","ocean_breadcrumbs_separator_color":"","ocean_breadcrumbs_links_color":"","ocean_breadcrumbs_links_hover_color":"","ocean_display_footer_widgets":"default","ocean_display_footer_bottom":"default","ocean_custom_footer_template":"","footnotes":""},"class_list":["post-813","page","type-page","status-publish","hentry","entry"],"featured_image_src":null,"uagb_featured_image_src":{"full":false,"thumbnail":false,"medium":false,"medium_large":false,"large":false,"1536x1536":false,"2048x2048":false,"ocean-thumb-m":false,"ocean-thumb-ml":false,"ocean-thumb-l":false},"uagb_author_info":{"display_name":"J\u00f6rg K\u00e4mmerer","author_link":"https:\/\/glueck-wunsch.de\/testimonial381b\/author\/kaemmerer\/"},"uagb_comment_info":0,"uagb_excerpt":"Die Kantorei der Pauluskirche feierte 2016 ihr 50-j\u00e4hriges Bestehen. Sie gestaltet die Gottesdienste und Andachten rund um das Kirchenjahr musikalisch mit. Zum Repertoire geh\u00f6ren klassische Chorwerke genauso wie Taiz\u00e9-Ges\u00e4nge und neue Chormusik. Zweimal im Jahr werden gr\u00f6\u00dfere oratorische Werke mit Begleitung von Solisten und Instrumenten aufgef\u00fchrt. Hier reicht das Spektrum von Sch\u00fctz und Bach \u00fcber&hellip;","_links":{"self":[{"href":"https:\/\/glueck-wunsch.de\/testimonial381b\/wp-json\/wp\/v2\/pages\/813","targetHints":{"allow":["GET"]}}],"collection":[{"href":"https:\/\/glueck-wunsch.de\/testimonial381b\/wp-json\/wp\/v2\/pages"}],"about":[{"href":"https:\/\/glueck-wunsch.de\/testimonial381b\/wp-json\/wp\/v2\/types\/page"}],"author":[{"embeddable":true,"href":"https:\/\/glueck-wunsch.de\/testimonial381b\/wp-json\/wp\/v2\/users\/9"}],"replies":[{"embeddable":true,"href":"https:\/\/glueck-wunsch.de\/testimonial381b\/wp-json\/wp\/v2\/comments?post=813"}],"version-history":[{"count":8,"href":"https:\/\/glueck-wunsch.de\/testimonial381b\/wp-json\/wp\/v2\/pages\/813\/revisions"}],"predecessor-version":[{"id":4716,"href":"https:\/\/glueck-wunsch.de\/testimonial381b\/wp-json\/wp\/v2\/pages\/813\/revisions\/4716"}],"wp:attachment":[{"href":"https:\/\/glueck-wunsch.de\/testimonial381b\/wp-json\/wp\/v2\/media?parent=813"}],"curies":[{"name":"wp","href":"https:\/\/api.w.org\/{rel}","templated":true}]}}