{"id":831,"date":"2019-04-17T10:31:25","date_gmt":"2019-04-17T08:31:25","guid":{"rendered":"https:\/\/glueck-wunsch.de\/testimonial381b\/?page_id=831"},"modified":"2019-04-17T10:31:25","modified_gmt":"2019-04-17T08:31:25","slug":"foerdervereine-musik","status":"publish","type":"page","link":"https:\/\/glueck-wunsch.de\/testimonial381b\/foerdervereine-musik\/","title":{"rendered":"F\u00f6rdervereine Musik"},"content":{"rendered":"\n<p>Der Eintritt in die Konzerte ist zwar (in den allermeisten F\u00e4llen) frei, aber dennoch kostet die Kirchenmusik Geld. Um die erfolgreiche Arbeit zur Freude vieler mitmachenden und zuh\u00f6renden Menschen fortsetzen zu k\u00f6nnen, gibt es zwei F\u00f6rdervereine f\u00fcr die Kirchenmusik. Beide freuen sich \u00fcber neue Mitglieder, damit Konzerte und Auff\u00fchrungen langfristig geplant und vorbereitet werden k\u00f6nnen. Spendenbescheinigungen k\u00f6nnen auf Wunsch ausgestellt werden.<\/p>\n\n\n\n<p><strong>F\u00f6rderverein Kirchenmusik Pauluskirche<br><\/strong>Ansprechpartnerin: Gerta Kla\u00dfen (Vorstand), Telefon 0221 680 30 66<br>Mindest-Jahresbeitrag: 25 Euro<br>Konto des Vereins: DE12 3705 0198 0021 6421 60<\/p>\n\n\n\n<p><strong>F\u00f6rderverein der Christus- und Vers\u00f6hnungskirche<\/strong><br>Ansprechpartner: Klaus Greschok (Vorstand), Telefon 0221 680 13 68<br>Mindest-Jahresbeitrag: 30 Euro<br>Konto des Vereins: DE40 3806 0186 7616 8170 13<\/p>\n","protected":false},"excerpt":{"rendered":"<p>Der Eintritt in die Konzerte ist zwar (in den allermeisten F\u00e4llen) frei, aber dennoch kostet die Kirchenmusik Geld. Um die erfolgreiche Arbeit zur Freude vieler mitmachenden und zuh\u00f6renden Menschen fortsetzen zu k\u00f6nnen, gibt es zwei F\u00f6rdervereine f\u00fcr die Kirchenmusik. Beide freuen sich \u00fcber neue Mitglieder, damit Konzerte und Auff\u00fchrungen langfristig geplant und vorbereitet werden k\u00f6nnen. [&hellip;]<\/p>\n","protected":false},"author":21,"featured_media":0,"parent":0,"menu_order":0,"comment_status":"closed","ping_status":"closed","template":"","meta":{"_uag_custom_page_level_css":"","ocean_post_layout":"","ocean_both_sidebars_style":"","ocean_both_sidebars_content_width":0,"ocean_both_sidebars_sidebars_width":0,"ocean_sidebar":"","ocean_second_sidebar":"","ocean_disable_margins":"enable","ocean_add_body_class":"","ocean_shortcode_before_top_bar":"","ocean_shortcode_after_top_bar":"","ocean_shortcode_before_header":"","ocean_shortcode_after_header":"","ocean_has_shortcode":"","ocean_shortcode_after_title":"","ocean_shortcode_before_footer_widgets":"","ocean_shortcode_after_footer_widgets":"","ocean_shortcode_before_footer_bottom":"","ocean_shortcode_after_footer_bottom":"","ocean_display_top_bar":"default","ocean_display_header":"default","ocean_header_style":"","ocean_center_header_left_menu":"","ocean_custom_header_template":"","ocean_custom_logo":0,"ocean_custom_retina_logo":0,"ocean_custom_logo_max_width":0,"ocean_custom_logo_tablet_max_width":0,"ocean_custom_logo_mobile_max_width":0,"ocean_custom_logo_max_height":0,"ocean_custom_logo_tablet_max_height":0,"ocean_custom_logo_mobile_max_height":0,"ocean_header_custom_menu":"","ocean_menu_typo_font_family":"","ocean_menu_typo_font_subset":"","ocean_menu_typo_font_size":0,"ocean_menu_typo_font_size_tablet":0,"ocean_menu_typo_font_size_mobile":0,"ocean_menu_typo_font_size_unit":"px","ocean_menu_typo_font_weight":"","ocean_menu_typo_font_weight_tablet":"","ocean_menu_typo_font_weight_mobile":"","ocean_menu_typo_transform":"","ocean_menu_typo_transform_tablet":"","ocean_menu_typo_transform_mobile":"","ocean_menu_typo_line_height":0,"ocean_menu_typo_line_height_tablet":0,"ocean_menu_typo_line_height_mobile":0,"ocean_menu_typo_line_height_unit":"","ocean_menu_typo_spacing":0,"ocean_menu_typo_spacing_tablet":0,"ocean_menu_typo_spacing_mobile":0,"ocean_menu_typo_spacing_unit":"","ocean_menu_link_color":"","ocean_menu_link_color_hover":"","ocean_menu_link_color_active":"","ocean_menu_link_background":"","ocean_menu_link_hover_background":"","ocean_menu_link_active_background":"","ocean_menu_social_links_bg":"","ocean_menu_social_hover_links_bg":"","ocean_menu_social_links_color":"","ocean_menu_social_hover_links_color":"","ocean_disable_title":"default","ocean_disable_heading":"default","ocean_post_title":"","ocean_post_subheading":"","ocean_post_title_style":"","ocean_post_title_background_color":"","ocean_post_title_background":0,"ocean_post_title_bg_image_position":"","ocean_post_title_bg_image_attachment":"","ocean_post_title_bg_image_repeat":"","ocean_post_title_bg_image_size":"","ocean_post_title_height":0,"ocean_post_title_bg_overlay":0.5,"ocean_post_title_bg_overlay_color":"","ocean_disable_breadcrumbs":"default","ocean_breadcrumbs_color":"","ocean_breadcrumbs_separator_color":"","ocean_breadcrumbs_links_color":"","ocean_breadcrumbs_links_hover_color":"","ocean_display_footer_widgets":"default","ocean_display_footer_bottom":"default","ocean_custom_footer_template":"","footnotes":""},"class_list":["post-831","page","type-page","status-publish","hentry","entry"],"featured_image_src":null,"uagb_featured_image_src":{"full":false,"thumbnail":false,"medium":false,"medium_large":false,"large":false,"1536x1536":false,"2048x2048":false,"ocean-thumb-m":false,"ocean-thumb-ml":false,"ocean-thumb-l":false},"uagb_author_info":{"display_name":"Nora Mieke","author_link":"https:\/\/glueck-wunsch.de\/testimonial381b\/author\/admin-mieke\/"},"uagb_comment_info":0,"uagb_excerpt":"Der Eintritt in die Konzerte ist zwar (in den allermeisten F\u00e4llen) frei, aber dennoch kostet die Kirchenmusik Geld. Um die erfolgreiche Arbeit zur Freude vieler mitmachenden und zuh\u00f6renden Menschen fortsetzen zu k\u00f6nnen, gibt es zwei F\u00f6rdervereine f\u00fcr die Kirchenmusik. Beide freuen sich \u00fcber neue Mitglieder, damit Konzerte und Auff\u00fchrungen langfristig geplant und vorbereitet werden k\u00f6nnen.&hellip;","_links":{"self":[{"href":"https:\/\/glueck-wunsch.de\/testimonial381b\/wp-json\/wp\/v2\/pages\/831","targetHints":{"allow":["GET"]}}],"collection":[{"href":"https:\/\/glueck-wunsch.de\/testimonial381b\/wp-json\/wp\/v2\/pages"}],"about":[{"href":"https:\/\/glueck-wunsch.de\/testimonial381b\/wp-json\/wp\/v2\/types\/page"}],"author":[{"embeddable":true,"href":"https:\/\/glueck-wunsch.de\/testimonial381b\/wp-json\/wp\/v2\/users\/21"}],"replies":[{"embeddable":true,"href":"https:\/\/glueck-wunsch.de\/testimonial381b\/wp-json\/wp\/v2\/comments?post=831"}],"version-history":[{"count":1,"href":"https:\/\/glueck-wunsch.de\/testimonial381b\/wp-json\/wp\/v2\/pages\/831\/revisions"}],"predecessor-version":[{"id":832,"href":"https:\/\/glueck-wunsch.de\/testimonial381b\/wp-json\/wp\/v2\/pages\/831\/revisions\/832"}],"wp:attachment":[{"href":"https:\/\/glueck-wunsch.de\/testimonial381b\/wp-json\/wp\/v2\/media?parent=831"}],"curies":[{"name":"wp","href":"https:\/\/api.w.org\/{rel}","templated":true}]}}