{"id":1307,"date":"2020-03-06T18:56:20","date_gmt":"2020-03-06T17:56:20","guid":{"rendered":"http:\/\/glueck-wunsch.de\/testimonial452\/?page_id=1307"},"modified":"2022-12-10T17:06:43","modified_gmt":"2022-12-10T16:06:43","slug":"konzerte","status":"publish","type":"page","link":"https:\/\/glueck-wunsch.de\/testimonial452\/konzerte\/","title":{"rendered":"Konzerte"},"content":{"rendered":"\n<section class=\"wp-block-uagb-section uagb-section__wrap uagb-section__background-color alignfull uagb-block-19616e6c\"><div class=\"uagb-section__overlay\"><\/div><div class=\"uagb-section__inner-wrap\">\n<div class=\"wp-block-uagb-info-box uagb-block-4958e87f uagb-infobox__content-wrap  uagb-infobox-icon-above-title uagb-infobox-image-valign-top\"><div class=\"uagb-ifb-content\"><div class=\"uagb-ifb-title-wrap\"><span class=\"uagb-ifb-title-prefix\">WANN WIR SPIELEN<\/span><h1 class=\"uagb-ifb-title\">KONZERTE<\/h1><\/div><\/div><\/div>\n<\/div><\/section>\n\n\n\n<section class=\"wp-block-uagb-section uagb-section__wrap uagb-section__background-color alignfull uagb-block-653f7abf\"><div class=\"uagb-section__overlay\"><\/div><div class=\"uagb-section__inner-wrap\">\n<section class=\"wp-block-uagb-columns uagb-columns__wrap uagb-columns__stack-mobile uagb-columns__valign-top uagb-columns__gap-10 alignfull uagb-block-5c1cc886 uagb-columns__columns-2 uagb-columns__max_width-theme\"><div class=\"uagb-columns__overlay\"><\/div><div class=\"uagb-columns__inner-wrap uagb-columns__columns-2\">\n<div class=\"wp-block-uagb-column uagb-column__wrap uagb-column__background-undefined uagb-block-15f34aad\"><div class=\"uagb-column__overlay\"><\/div>\n<div class=\"wp-block-uagb-advanced-heading uagb-block-7155a686\" id=\"uagb-adv-heading-1d772c1a-49e5-42a8-bcfd-fd29faf25fa8\"><h4 class=\"uagb-heading-text\">Geplante Konzerttermine<\/h4><p class=\"uagb-desc-text\">Samstag, den 26.9.2020 um 19.30 Uhr in St. Josef:   Urauff\u00fchrung der \u201eMass in Deep Blue\u201c von <a href=\"http:\/\/www.markgierlingundband.de\/\">Mark Gierling <\/a><br><br>Mit der Gospelmesse \u201eMass in Deep Blue\u201c hat der Langenfelder Musiker Mark Gierling sein bislang umfangreichstes Werk geschrieben: Eine Messkomposition in Konzertl\u00e4nge f\u00fcr Sologesang, Chor, Band und Orchester, die er im November 2019 vollendet hat. <br>Das St\u00fcck ist ein \u00f6kumenisches Statement und beinhaltet ausschlie\u00dflich interkonfessionelle liturgische Teile (die sowohl in der kath. Messe als auch im ev. Gottesdienst vorkommen). Es gibt starke Bez\u00fcge zu Texten des Alten Testamentes (unter anderem zu den Psalmen und zum Propheten Jesaja) &#8211; ein bewusstes Bekenntnis zu den j\u00fcdischen Wurzeln des christlichen Glaubens. Das Anliegen des Komponisten: Lasst uns darauf besinnen, was uns vereint und nicht auf das, was trennt. <br><\/p><\/div>\n<\/div>\n\n\n\n<div class=\"wp-block-uagb-column uagb-column__wrap uagb-column__background-undefined uagb-block-7d4e8768\"><div class=\"uagb-column__overlay\"><\/div>\n<section class=\"wp-block-uagb-columns uagb-columns__wrap uagb-columns__stack-mobile uagb-columns__valign- uagb-columns__gap-10 align uagb-block-e6e551a0 uagb-columns__columns-2 uagb-columns__max_width-theme\"><div class=\"uagb-columns__overlay\"><\/div><div class=\"uagb-columns__inner-wrap uagb-columns__columns-2\">\n<div class=\"wp-block-uagb-column uagb-column__wrap uagb-column__background-image uagb-block-c21e20ff\"><div class=\"uagb-column__overlay\"><\/div>\n<div style=\"height:500px\" aria-hidden=\"true\" class=\"wp-block-spacer\"><\/div>\n<\/div>\n\n\n\n<div class=\"wp-block-uagb-column uagb-column__wrap uagb-column__background-color uagb-block-3b34b75c\"><div class=\"uagb-column__overlay\"><\/div>\n<div style=\"height:400px\" aria-hidden=\"true\" class=\"wp-block-spacer\"><\/div>\n\n\n\n<p class=\"has-text-color has-background\" style=\"color:#990100;background-color:#839595\">Pause wegen Virusalarm!<\/p>\n<\/div>\n<\/div><\/section>\n<\/div>\n<\/div><\/section>\n\n\n\n<p><\/p>\n<\/div><\/section>\n\n\n\n<section class=\"wp-block-uagb-columns uagb-columns__wrap uagb-columns__background-color uagb-columns__stack-mobile uagb-columns__valign- uagb-columns__gap-10 alignfull uagb-block-381c75a9 uagb-columns__columns-1 uagb-columns__max_width-theme\"><div class=\"uagb-columns__overlay\"><\/div><div class=\"uagb-columns__inner-wrap uagb-columns__columns-1\">\n<div class=\"wp-block-uagb-column uagb-column__wrap uagb-column__background-undefined uagb-block-98f1c06a\"><div class=\"uagb-column__overlay\"><\/div>\n<div style=\"height:10px\" aria-hidden=\"true\" class=\"wp-block-spacer\"><\/div>\n<\/div>\n<\/div><div class=\"uagb-columns__shape uagb-columns__shape-bottom\" data-negative=\"false\"><svg xmlns=\"https:\/\/www.w3.org\/2000\/svg\" viewBox=\"0 0 1000 100\" preserveAspectRatio=\"none\"><path class=\"uagb-columns__shape-fill\" d=\"M0,6V0h1000v100L0,6z\"><\/path><\/svg><\/div><\/section>\n","protected":false},"excerpt":{"rendered":"","protected":false},"author":7,"featured_media":0,"parent":0,"menu_order":0,"comment_status":"closed","ping_status":"closed","template":"","meta":{"_uag_custom_page_level_css":"","site-sidebar-layout":"no-sidebar","site-content-layout":"page-builder","ast-site-content-layout":"default","site-content-style":"default","site-sidebar-style":"default","ast-global-header-display":"","ast-banner-title-visibility":"","ast-main-header-display":"","ast-hfb-above-header-display":"","ast-hfb-below-header-display":"","ast-hfb-mobile-header-display":"","site-post-title":"disabled","ast-breadcrumbs-content":"","ast-featured-img":"disabled","footer-sml-layout":"","ast-disable-related-posts":"","theme-transparent-header-meta":"default","adv-header-id-meta":"","stick-header-meta":"","header-above-stick-meta":"","header-main-stick-meta":"","header-below-stick-meta":"","astra-migrate-meta-layouts":"default","ast-page-background-enabled":"default","ast-page-background-meta":{"desktop":{"background-color":"","background-image":"","background-repeat":"repeat","background-position":"center center","background-size":"auto","background-attachment":"scroll","background-type":"","background-media":"","overlay-type":"","overlay-color":"","overlay-opacity":"","overlay-gradient":""},"tablet":{"background-color":"","background-image":"","background-repeat":"repeat","background-position":"center center","background-size":"auto","background-attachment":"scroll","background-type":"","background-media":"","overlay-type":"","overlay-color":"","overlay-opacity":"","overlay-gradient":""},"mobile":{"background-color":"","background-image":"","background-repeat":"repeat","background-position":"center center","background-size":"auto","background-attachment":"scroll","background-type":"","background-media":"","overlay-type":"","overlay-color":"","overlay-opacity":"","overlay-gradient":""}},"ast-content-background-meta":{"desktop":{"background-color":"var(--ast-global-color-5)","background-image":"","background-repeat":"repeat","background-position":"center center","background-size":"auto","background-attachment":"scroll","background-type":"","background-media":"","overlay-type":"","overlay-color":"","overlay-opacity":"","overlay-gradient":""},"tablet":{"background-color":"var(--ast-global-color-5)","background-image":"","background-repeat":"repeat","background-position":"center center","background-size":"auto","background-attachment":"scroll","background-type":"","background-media":"","overlay-type":"","overlay-color":"","overlay-opacity":"","overlay-gradient":""},"mobile":{"background-color":"var(--ast-global-color-5)","background-image":"","background-repeat":"repeat","background-position":"center center","background-size":"auto","background-attachment":"scroll","background-type":"","background-media":"","overlay-type":"","overlay-color":"","overlay-opacity":"","overlay-gradient":""}},"footnotes":""},"class_list":["post-1307","page","type-page","status-publish","hentry"],"featured_image_src":null,"yoast_head":"<!-- This site is optimized with the Yoast SEO plugin v26.7 - https:\/\/yoast.com\/wordpress\/plugins\/seo\/ -->\n<title>Konzerte - Chor ImPuls<\/title>\n<meta name=\"robots\" content=\"noindex, follow\" \/>\n<meta property=\"og:locale\" content=\"de_DE\" \/>\n<meta property=\"og:type\" content=\"article\" \/>\n<meta property=\"og:title\" content=\"Konzerte - Chor ImPuls\" \/>\n<meta property=\"og:url\" content=\"https:\/\/glueck-wunsch.de\/testimonial452\/konzerte\/\" \/>\n<meta property=\"og:site_name\" content=\"Chor ImPuls\" \/>\n<meta property=\"article:modified_time\" content=\"2022-12-10T16:06:43+00:00\" \/>\n<meta name=\"twitter:card\" content=\"summary_large_image\" \/>\n<meta name=\"twitter:label1\" content=\"Gesch\u00e4tzte Lesezeit\" \/>\n\t<meta name=\"twitter:data1\" content=\"1\u00a0Minute\" \/>\n<script type=\"application\/ld+json\" class=\"yoast-schema-graph\">{\"@context\":\"https:\/\/schema.org\",\"@graph\":[{\"@type\":\"WebPage\",\"@id\":\"https:\/\/glueck-wunsch.de\/testimonial452\/konzerte\/\",\"url\":\"https:\/\/glueck-wunsch.de\/testimonial452\/konzerte\/\",\"name\":\"Konzerte - Chor ImPuls\",\"isPartOf\":{\"@id\":\"https:\/\/glueck-wunsch.de\/testimonial452\/#website\"},\"datePublished\":\"2020-03-06T17:56:20+00:00\",\"dateModified\":\"2022-12-10T16:06:43+00:00\",\"breadcrumb\":{\"@id\":\"https:\/\/glueck-wunsch.de\/testimonial452\/konzerte\/#breadcrumb\"},\"inLanguage\":\"de\",\"potentialAction\":[{\"@type\":\"ReadAction\",\"target\":[\"https:\/\/glueck-wunsch.de\/testimonial452\/konzerte\/\"]}]},{\"@type\":\"BreadcrumbList\",\"@id\":\"https:\/\/glueck-wunsch.de\/testimonial452\/konzerte\/#breadcrumb\",\"itemListElement\":[{\"@type\":\"ListItem\",\"position\":1,\"name\":\"Startseite\",\"item\":\"https:\/\/glueck-wunsch.de\/testimonial452\/\"},{\"@type\":\"ListItem\",\"position\":2,\"name\":\"Konzerte\"}]},{\"@type\":\"WebSite\",\"@id\":\"https:\/\/glueck-wunsch.de\/testimonial452\/#website\",\"url\":\"https:\/\/glueck-wunsch.de\/testimonial452\/\",\"name\":\"Chor ImPuls\",\"description\":\"singen und musizieren\",\"publisher\":{\"@id\":\"https:\/\/glueck-wunsch.de\/testimonial452\/#organization\"},\"potentialAction\":[{\"@type\":\"SearchAction\",\"target\":{\"@type\":\"EntryPoint\",\"urlTemplate\":\"https:\/\/glueck-wunsch.de\/testimonial452\/?s={search_term_string}\"},\"query-input\":{\"@type\":\"PropertyValueSpecification\",\"valueRequired\":true,\"valueName\":\"search_term_string\"}}],\"inLanguage\":\"de\"},{\"@type\":\"Organization\",\"@id\":\"https:\/\/glueck-wunsch.de\/testimonial452\/#organization\",\"name\":\"Chor Impuls\",\"url\":\"https:\/\/glueck-wunsch.de\/testimonial452\/\",\"logo\":{\"@type\":\"ImageObject\",\"inLanguage\":\"de\",\"@id\":\"https:\/\/glueck-wunsch.de\/testimonial452\/#\/schema\/logo\/image\/\",\"url\":\"https:\/\/glueck-wunsch.de\/testimonial452\/wp-content\/uploads\/2020\/05\/logo-chor-impuls-P.png\",\"contentUrl\":\"https:\/\/glueck-wunsch.de\/testimonial452\/wp-content\/uploads\/2020\/05\/logo-chor-impuls-P.png\",\"width\":1050,\"height\":451,\"caption\":\"Chor Impuls\"},\"image\":{\"@id\":\"https:\/\/glueck-wunsch.de\/testimonial452\/#\/schema\/logo\/image\/\"}}]}<\/script>\n<!-- \/ Yoast SEO plugin. -->","yoast_head_json":{"title":"Konzerte - Chor ImPuls","robots":{"index":"noindex","follow":"follow"},"og_locale":"de_DE","og_type":"article","og_title":"Konzerte - Chor ImPuls","og_url":"https:\/\/glueck-wunsch.de\/testimonial452\/konzerte\/","og_site_name":"Chor ImPuls","article_modified_time":"2022-12-10T16:06:43+00:00","twitter_card":"summary_large_image","twitter_misc":{"Gesch\u00e4tzte Lesezeit":"1\u00a0Minute"},"schema":{"@context":"https:\/\/schema.org","@graph":[{"@type":"WebPage","@id":"https:\/\/glueck-wunsch.de\/testimonial452\/konzerte\/","url":"https:\/\/glueck-wunsch.de\/testimonial452\/konzerte\/","name":"Konzerte - Chor ImPuls","isPartOf":{"@id":"https:\/\/glueck-wunsch.de\/testimonial452\/#website"},"datePublished":"2020-03-06T17:56:20+00:00","dateModified":"2022-12-10T16:06:43+00:00","breadcrumb":{"@id":"https:\/\/glueck-wunsch.de\/testimonial452\/konzerte\/#breadcrumb"},"inLanguage":"de","potentialAction":[{"@type":"ReadAction","target":["https:\/\/glueck-wunsch.de\/testimonial452\/konzerte\/"]}]},{"@type":"BreadcrumbList","@id":"https:\/\/glueck-wunsch.de\/testimonial452\/konzerte\/#breadcrumb","itemListElement":[{"@type":"ListItem","position":1,"name":"Startseite","item":"https:\/\/glueck-wunsch.de\/testimonial452\/"},{"@type":"ListItem","position":2,"name":"Konzerte"}]},{"@type":"WebSite","@id":"https:\/\/glueck-wunsch.de\/testimonial452\/#website","url":"https:\/\/glueck-wunsch.de\/testimonial452\/","name":"Chor ImPuls","description":"singen und musizieren","publisher":{"@id":"https:\/\/glueck-wunsch.de\/testimonial452\/#organization"},"potentialAction":[{"@type":"SearchAction","target":{"@type":"EntryPoint","urlTemplate":"https:\/\/glueck-wunsch.de\/testimonial452\/?s={search_term_string}"},"query-input":{"@type":"PropertyValueSpecification","valueRequired":true,"valueName":"search_term_string"}}],"inLanguage":"de"},{"@type":"Organization","@id":"https:\/\/glueck-wunsch.de\/testimonial452\/#organization","name":"Chor Impuls","url":"https:\/\/glueck-wunsch.de\/testimonial452\/","logo":{"@type":"ImageObject","inLanguage":"de","@id":"https:\/\/glueck-wunsch.de\/testimonial452\/#\/schema\/logo\/image\/","url":"https:\/\/glueck-wunsch.de\/testimonial452\/wp-content\/uploads\/2020\/05\/logo-chor-impuls-P.png","contentUrl":"https:\/\/glueck-wunsch.de\/testimonial452\/wp-content\/uploads\/2020\/05\/logo-chor-impuls-P.png","width":1050,"height":451,"caption":"Chor Impuls"},"image":{"@id":"https:\/\/glueck-wunsch.de\/testimonial452\/#\/schema\/logo\/image\/"}}]}},"uagb_featured_image_src":{"full":false,"thumbnail":false,"medium":false,"medium_large":false,"large":false,"1536x1536":false,"2048x2048":false},"uagb_author_info":{"display_name":"admin-mieke","author_link":"https:\/\/glueck-wunsch.de\/testimonial452\/author\/admin-mieke\/"},"uagb_comment_info":0,"uagb_excerpt":null,"_links":{"self":[{"href":"https:\/\/glueck-wunsch.de\/testimonial452\/wp-json\/wp\/v2\/pages\/1307","targetHints":{"allow":["GET"]}}],"collection":[{"href":"https:\/\/glueck-wunsch.de\/testimonial452\/wp-json\/wp\/v2\/pages"}],"about":[{"href":"https:\/\/glueck-wunsch.de\/testimonial452\/wp-json\/wp\/v2\/types\/page"}],"author":[{"embeddable":true,"href":"https:\/\/glueck-wunsch.de\/testimonial452\/wp-json\/wp\/v2\/users\/7"}],"replies":[{"embeddable":true,"href":"https:\/\/glueck-wunsch.de\/testimonial452\/wp-json\/wp\/v2\/comments?post=1307"}],"version-history":[{"count":14,"href":"https:\/\/glueck-wunsch.de\/testimonial452\/wp-json\/wp\/v2\/pages\/1307\/revisions"}],"predecessor-version":[{"id":2422,"href":"https:\/\/glueck-wunsch.de\/testimonial452\/wp-json\/wp\/v2\/pages\/1307\/revisions\/2422"}],"wp:attachment":[{"href":"https:\/\/glueck-wunsch.de\/testimonial452\/wp-json\/wp\/v2\/media?parent=1307"}],"curies":[{"name":"wp","href":"https:\/\/api.w.org\/{rel}","templated":true}]}}