{"id":1957,"date":"2020-06-11T17:25:54","date_gmt":"2020-06-11T15:25:54","guid":{"rendered":"https:\/\/glueck-wunsch.de\/testimonial452\/?page_id=1957"},"modified":"2021-04-07T14:48:08","modified_gmt":"2021-04-07T12:48:08","slug":"chronik","status":"publish","type":"page","link":"https:\/\/glueck-wunsch.de\/testimonial452\/chronik\/","title":{"rendered":"Chronik"},"content":{"rendered":"\n<section class=\"wp-block-uagb-section uagb-section__wrap uagb-section__background-color alignfull uagb-block-ac9aeb95\"><div class=\"uagb-section__overlay\"><\/div><div class=\"uagb-section__inner-wrap\">\n<div class=\"wp-block-uagb-info-box uagb-infobox__outer-wrap uagb-block-fa1b2aaa\"><div class=\"uagb-infobox__content-wrap uagb-infobox uagb-infobox-has-icon uagb-infobox-icon-above-title uagb-infobox-image-valign-top uagb-infobox-enable-border-radius \"><div class=\"uagb-ifb-left-right-wrap\"><div class=\"uagb-ifb-content\"><div class=\"uagb-ifb-title-wrap\"><span class=\"uagb-ifb-title-prefix\">ZUSAMMENKOMMEN<\/span><h1 class=\"uagb-ifb-title\">CHRONIK<\/h1><\/div><div class=\"uagb-ifb-text-wrap\"><\/div><\/div><\/div><\/div><\/div>\n<\/div><\/section>\n\n\n\n<section class=\"wp-block-uagb-section uagb-section__wrap uagb-section__background-undefined uagb-block-52870dc0\"><div class=\"uagb-section__overlay\"><\/div><div class=\"uagb-section__inner-wrap\">\n<p>Gegr\u00fcndet wurde der Chor 1886 als reiner M\u00e4nnerchor. Vieles hat sich seitdem ver\u00e4ndert, die Freude am Singen und an der Musik sind  geblieben. <\/p>\n\n\n\n<p>Wen die Geschichte unseres Chores interessiert, der kann sie nachlesen. <\/p>\n\n\n\n<p><a href=\"https:\/\/glueck-wunsch.de\/testimonial452\/wp-content\/uploads\/2020\/06\/Chronik-Kirchenchor.pdf\">Hier geht es zum Download.<\/a><\/p>\n\n\n\n<figure class=\"wp-block-image size-large\"><img loading=\"lazy\" decoding=\"async\" width=\"1024\" height=\"612\" src=\"https:\/\/glueck-wunsch.de\/testimonial452\/wp-content\/uploads\/2020\/06\/Kirchenchor-1961-75-Jubil\u00e4um-1024x612.jpg\" alt=\"\" class=\"wp-image-1955\" srcset=\"https:\/\/glueck-wunsch.de\/testimonial452\/wp-content\/uploads\/2020\/06\/Kirchenchor-1961-75-Jubil\u00e4um-1024x612.jpg 1024w, https:\/\/glueck-wunsch.de\/testimonial452\/wp-content\/uploads\/2020\/06\/Kirchenchor-1961-75-Jubil\u00e4um-300x179.jpg 300w, https:\/\/glueck-wunsch.de\/testimonial452\/wp-content\/uploads\/2020\/06\/Kirchenchor-1961-75-Jubil\u00e4um-768x459.jpg 768w, https:\/\/glueck-wunsch.de\/testimonial452\/wp-content\/uploads\/2020\/06\/Kirchenchor-1961-75-Jubil\u00e4um-1536x918.jpg 1536w, https:\/\/glueck-wunsch.de\/testimonial452\/wp-content\/uploads\/2020\/06\/Kirchenchor-1961-75-Jubil\u00e4um.jpg 1920w\" sizes=\"auto, (max-width: 1024px) 100vw, 1024px\" \/><\/figure>\n\n\n\n<p>Ganz so sittsam wie auf diesem Foto von 1961 geht es heute nicht mehr bei uns zu.<\/p>\n<\/div><\/section>\n","protected":false},"excerpt":{"rendered":"","protected":false},"author":4,"featured_media":0,"parent":0,"menu_order":0,"comment_status":"closed","ping_status":"closed","template":"","meta":{"_uag_custom_page_level_css":"","site-sidebar-layout":"default","site-content-layout":"page-builder","ast-site-content-layout":"default","site-content-style":"default","site-sidebar-style":"default","ast-global-header-display":"","ast-banner-title-visibility":"","ast-main-header-display":"","ast-hfb-above-header-display":"","ast-hfb-below-header-display":"","ast-hfb-mobile-header-display":"","site-post-title":"disabled","ast-breadcrumbs-content":"","ast-featured-img":"disabled","footer-sml-layout":"","ast-disable-related-posts":"","theme-transparent-header-meta":"default","adv-header-id-meta":"","stick-header-meta":"","header-above-stick-meta":"","header-main-stick-meta":"","header-below-stick-meta":"","astra-migrate-meta-layouts":"default","ast-page-background-enabled":"default","ast-page-background-meta":{"desktop":{"background-color":"","background-image":"","background-repeat":"repeat","background-position":"center center","background-size":"auto","background-attachment":"scroll","background-type":"","background-media":"","overlay-type":"","overlay-color":"","overlay-opacity":"","overlay-gradient":""},"tablet":{"background-color":"","background-image":"","background-repeat":"repeat","background-position":"center center","background-size":"auto","background-attachment":"scroll","background-type":"","background-media":"","overlay-type":"","overlay-color":"","overlay-opacity":"","overlay-gradient":""},"mobile":{"background-color":"","background-image":"","background-repeat":"repeat","background-position":"center center","background-size":"auto","background-attachment":"scroll","background-type":"","background-media":"","overlay-type":"","overlay-color":"","overlay-opacity":"","overlay-gradient":""}},"ast-content-background-meta":{"desktop":{"background-color":"var(--ast-global-color-5)","background-image":"","background-repeat":"repeat","background-position":"center center","background-size":"auto","background-attachment":"scroll","background-type":"","background-media":"","overlay-type":"","overlay-color":"","overlay-opacity":"","overlay-gradient":""},"tablet":{"background-color":"var(--ast-global-color-5)","background-image":"","background-repeat":"repeat","background-position":"center center","background-size":"auto","background-attachment":"scroll","background-type":"","background-media":"","overlay-type":"","overlay-color":"","overlay-opacity":"","overlay-gradient":""},"mobile":{"background-color":"var(--ast-global-color-5)","background-image":"","background-repeat":"repeat","background-position":"center center","background-size":"auto","background-attachment":"scroll","background-type":"","background-media":"","overlay-type":"","overlay-color":"","overlay-opacity":"","overlay-gradient":""}},"footnotes":""},"class_list":["post-1957","page","type-page","status-publish","hentry"],"featured_image_src":null,"yoast_head":"<!-- This site is optimized with the Yoast SEO plugin v26.7 - https:\/\/yoast.com\/wordpress\/plugins\/seo\/ -->\n<title>Chronik - Chor ImPuls<\/title>\n<meta name=\"robots\" content=\"noindex, follow\" \/>\n<meta property=\"og:locale\" content=\"de_DE\" \/>\n<meta property=\"og:type\" content=\"article\" \/>\n<meta property=\"og:title\" content=\"Chronik - Chor ImPuls\" \/>\n<meta property=\"og:url\" content=\"https:\/\/glueck-wunsch.de\/testimonial452\/chronik\/\" \/>\n<meta property=\"og:site_name\" content=\"Chor ImPuls\" \/>\n<meta property=\"article:modified_time\" content=\"2021-04-07T12:48:08+00:00\" \/>\n<meta name=\"twitter:card\" content=\"summary_large_image\" \/>\n<meta name=\"twitter:label1\" content=\"Gesch\u00e4tzte Lesezeit\" \/>\n\t<meta name=\"twitter:data1\" content=\"1\u00a0Minute\" \/>\n<script type=\"application\/ld+json\" class=\"yoast-schema-graph\">{\"@context\":\"https:\/\/schema.org\",\"@graph\":[{\"@type\":\"WebPage\",\"@id\":\"https:\/\/glueck-wunsch.de\/testimonial452\/chronik\/\",\"url\":\"https:\/\/glueck-wunsch.de\/testimonial452\/chronik\/\",\"name\":\"Chronik - Chor ImPuls\",\"isPartOf\":{\"@id\":\"https:\/\/glueck-wunsch.de\/testimonial452\/#website\"},\"datePublished\":\"2020-06-11T15:25:54+00:00\",\"dateModified\":\"2021-04-07T12:48:08+00:00\",\"breadcrumb\":{\"@id\":\"https:\/\/glueck-wunsch.de\/testimonial452\/chronik\/#breadcrumb\"},\"inLanguage\":\"de\",\"potentialAction\":[{\"@type\":\"ReadAction\",\"target\":[\"https:\/\/glueck-wunsch.de\/testimonial452\/chronik\/\"]}]},{\"@type\":\"BreadcrumbList\",\"@id\":\"https:\/\/glueck-wunsch.de\/testimonial452\/chronik\/#breadcrumb\",\"itemListElement\":[{\"@type\":\"ListItem\",\"position\":1,\"name\":\"Startseite\",\"item\":\"https:\/\/glueck-wunsch.de\/testimonial452\/\"},{\"@type\":\"ListItem\",\"position\":2,\"name\":\"Chronik\"}]},{\"@type\":\"WebSite\",\"@id\":\"https:\/\/glueck-wunsch.de\/testimonial452\/#website\",\"url\":\"https:\/\/glueck-wunsch.de\/testimonial452\/\",\"name\":\"Chor ImPuls\",\"description\":\"singen und musizieren\",\"publisher\":{\"@id\":\"https:\/\/glueck-wunsch.de\/testimonial452\/#organization\"},\"potentialAction\":[{\"@type\":\"SearchAction\",\"target\":{\"@type\":\"EntryPoint\",\"urlTemplate\":\"https:\/\/glueck-wunsch.de\/testimonial452\/?s={search_term_string}\"},\"query-input\":{\"@type\":\"PropertyValueSpecification\",\"valueRequired\":true,\"valueName\":\"search_term_string\"}}],\"inLanguage\":\"de\"},{\"@type\":\"Organization\",\"@id\":\"https:\/\/glueck-wunsch.de\/testimonial452\/#organization\",\"name\":\"Chor Impuls\",\"url\":\"https:\/\/glueck-wunsch.de\/testimonial452\/\",\"logo\":{\"@type\":\"ImageObject\",\"inLanguage\":\"de\",\"@id\":\"https:\/\/glueck-wunsch.de\/testimonial452\/#\/schema\/logo\/image\/\",\"url\":\"https:\/\/glueck-wunsch.de\/testimonial452\/wp-content\/uploads\/2020\/05\/logo-chor-impuls-P.png\",\"contentUrl\":\"https:\/\/glueck-wunsch.de\/testimonial452\/wp-content\/uploads\/2020\/05\/logo-chor-impuls-P.png\",\"width\":1050,\"height\":451,\"caption\":\"Chor Impuls\"},\"image\":{\"@id\":\"https:\/\/glueck-wunsch.de\/testimonial452\/#\/schema\/logo\/image\/\"}}]}<\/script>\n<!-- \/ Yoast SEO plugin. -->","yoast_head_json":{"title":"Chronik - Chor ImPuls","robots":{"index":"noindex","follow":"follow"},"og_locale":"de_DE","og_type":"article","og_title":"Chronik - Chor ImPuls","og_url":"https:\/\/glueck-wunsch.de\/testimonial452\/chronik\/","og_site_name":"Chor ImPuls","article_modified_time":"2021-04-07T12:48:08+00:00","twitter_card":"summary_large_image","twitter_misc":{"Gesch\u00e4tzte Lesezeit":"1\u00a0Minute"},"schema":{"@context":"https:\/\/schema.org","@graph":[{"@type":"WebPage","@id":"https:\/\/glueck-wunsch.de\/testimonial452\/chronik\/","url":"https:\/\/glueck-wunsch.de\/testimonial452\/chronik\/","name":"Chronik - Chor ImPuls","isPartOf":{"@id":"https:\/\/glueck-wunsch.de\/testimonial452\/#website"},"datePublished":"2020-06-11T15:25:54+00:00","dateModified":"2021-04-07T12:48:08+00:00","breadcrumb":{"@id":"https:\/\/glueck-wunsch.de\/testimonial452\/chronik\/#breadcrumb"},"inLanguage":"de","potentialAction":[{"@type":"ReadAction","target":["https:\/\/glueck-wunsch.de\/testimonial452\/chronik\/"]}]},{"@type":"BreadcrumbList","@id":"https:\/\/glueck-wunsch.de\/testimonial452\/chronik\/#breadcrumb","itemListElement":[{"@type":"ListItem","position":1,"name":"Startseite","item":"https:\/\/glueck-wunsch.de\/testimonial452\/"},{"@type":"ListItem","position":2,"name":"Chronik"}]},{"@type":"WebSite","@id":"https:\/\/glueck-wunsch.de\/testimonial452\/#website","url":"https:\/\/glueck-wunsch.de\/testimonial452\/","name":"Chor ImPuls","description":"singen und musizieren","publisher":{"@id":"https:\/\/glueck-wunsch.de\/testimonial452\/#organization"},"potentialAction":[{"@type":"SearchAction","target":{"@type":"EntryPoint","urlTemplate":"https:\/\/glueck-wunsch.de\/testimonial452\/?s={search_term_string}"},"query-input":{"@type":"PropertyValueSpecification","valueRequired":true,"valueName":"search_term_string"}}],"inLanguage":"de"},{"@type":"Organization","@id":"https:\/\/glueck-wunsch.de\/testimonial452\/#organization","name":"Chor Impuls","url":"https:\/\/glueck-wunsch.de\/testimonial452\/","logo":{"@type":"ImageObject","inLanguage":"de","@id":"https:\/\/glueck-wunsch.de\/testimonial452\/#\/schema\/logo\/image\/","url":"https:\/\/glueck-wunsch.de\/testimonial452\/wp-content\/uploads\/2020\/05\/logo-chor-impuls-P.png","contentUrl":"https:\/\/glueck-wunsch.de\/testimonial452\/wp-content\/uploads\/2020\/05\/logo-chor-impuls-P.png","width":1050,"height":451,"caption":"Chor Impuls"},"image":{"@id":"https:\/\/glueck-wunsch.de\/testimonial452\/#\/schema\/logo\/image\/"}}]}},"uagb_featured_image_src":{"full":false,"thumbnail":false,"medium":false,"medium_large":false,"large":false,"1536x1536":false,"2048x2048":false},"uagb_author_info":{"display_name":"Petra Rieger","author_link":"https:\/\/glueck-wunsch.de\/testimonial452\/author\/petrarieger\/"},"uagb_comment_info":0,"uagb_excerpt":null,"_links":{"self":[{"href":"https:\/\/glueck-wunsch.de\/testimonial452\/wp-json\/wp\/v2\/pages\/1957","targetHints":{"allow":["GET"]}}],"collection":[{"href":"https:\/\/glueck-wunsch.de\/testimonial452\/wp-json\/wp\/v2\/pages"}],"about":[{"href":"https:\/\/glueck-wunsch.de\/testimonial452\/wp-json\/wp\/v2\/types\/page"}],"author":[{"embeddable":true,"href":"https:\/\/glueck-wunsch.de\/testimonial452\/wp-json\/wp\/v2\/users\/4"}],"replies":[{"embeddable":true,"href":"https:\/\/glueck-wunsch.de\/testimonial452\/wp-json\/wp\/v2\/comments?post=1957"}],"version-history":[{"count":21,"href":"https:\/\/glueck-wunsch.de\/testimonial452\/wp-json\/wp\/v2\/pages\/1957\/revisions"}],"predecessor-version":[{"id":2187,"href":"https:\/\/glueck-wunsch.de\/testimonial452\/wp-json\/wp\/v2\/pages\/1957\/revisions\/2187"}],"wp:attachment":[{"href":"https:\/\/glueck-wunsch.de\/testimonial452\/wp-json\/wp\/v2\/media?parent=1957"}],"curies":[{"name":"wp","href":"https:\/\/api.w.org\/{rel}","templated":true}]}}