{"id":8,"date":"2018-09-18T09:02:45","date_gmt":"2018-09-18T09:02:45","guid":{"rendered":"https:\/\/websitedemos.net\/alex21\/?page_id=8"},"modified":"2020-06-11T18:12:19","modified_gmt":"2020-06-11T16:12:19","slug":"about","status":"publish","type":"page","link":"https:\/\/glueck-wunsch.de\/testimonial452\/about\/","title":{"rendered":"\u00dcber uns"},"content":{"rendered":"\n<section class=\"wp-block-uagb-section uagb-section__wrap uagb-section__background-color alignfull uagb-block-5a261bd0-4253-4b47-b116-24cb93efaeda\"><div class=\"uagb-section__overlay\"><\/div><div class=\"uagb-section__inner-wrap\">\n<div class=\"wp-block-uagb-info-box uagb-infobox__outer-wrap uagb-block-b624b342-d6c2-4300-ad5e-bbf4a4f8a92b\"><div class=\"uagb-infobox__content-wrap uagb-infobox uagb-infobox-has-icon uagb-infobox-icon-above-title uagb-infobox-image-valign-top uagb-infobox-enable-border-radius \"><div class=\"uagb-ifb-left-right-wrap\"><div class=\"uagb-ifb-content\"><div class=\"uagb-ifb-title-wrap\"><span class=\"uagb-ifb-title-prefix\">Der Chor ImPuls<\/span><h1 class=\"uagb-ifb-title\">WIR \u00dcBER UNS<\/h1><\/div><div class=\"uagb-ifb-text-wrap\"><\/div><\/div><\/div><\/div><\/div>\n<\/div><\/section>\n\n\n\n<section class=\"wp-block-uagb-section uagb-section__wrap uagb-section__background-color alignfull uagb-block-58373d49-4c08-41f7-ab0a-daa2f184971d\"><div class=\"uagb-section__overlay\"><\/div><div class=\"uagb-section__inner-wrap\">\n<section class=\"wp-block-uagb-columns uagb-columns__wrap uagb-columns__background-undefined uagb-columns__stack-tablet uagb-columns__valign-top uagb-columns__gap-10 alignfull uagb-block-1866c39b-1924-46e1-81b5-3beef68031d4\"><div class=\"uagb-columns__overlay\"><\/div><div class=\"uagb-columns__inner-wrap uagb-columns__columns-2\">\n<div class=\"wp-block-uagb-column uagb-column__wrap uagb-column__background-undefined uagb-block-5085c78c-e81b-4ae1-91ac-a3766161618b\"><div class=\"uagb-column__overlay\"><\/div><div class=\"uagb-column__inner-wrap\">\n<div class=\"wp-block-uagb-info-box uagb-infobox__outer-wrap uagb-block-f39aa4de-5c66-4e2c-8756-8a7a59743be2\"><div class=\"uagb-infobox__content-wrap uagb-infobox uagb-infobox-has-icon uagb-infobox-icon-above-title uagb-infobox-image-valign-top uagb-infobox-enable-border-radius \"><div class=\"uagb-ifb-left-right-wrap\"><div class=\"uagb-ifb-content\"><div class=\"uagb-ifb-title-wrap\"><span class=\"uagb-ifb-title-prefix\">Singen ist <strong>ImPuls<\/strong> der Zeit!<\/span><h3 class=\"uagb-ifb-title\">Chor ist Wochengl\u00fcck<br><\/h3><\/div><div class=\"uagb-ifb-text-wrap\"><\/div><\/div><\/div><\/div><\/div>\n\n\n\n<p>Singen macht gl\u00fccklich, nicht nur unter der Dusche. Bei uns sp\u00fcrst du dieses Gl\u00fcck jede Woche, dann, wenn wir zusammen singen. <\/p>\n\n\n\n<p>Die Sorgen einfach mal vergessen und s\u00e4mtliche Sinne auf etwas Sch\u00f6nes und Angenehmes richten. Spa\u00df haben, emotional etwas erleben, ein wenig stolz darauf sein \u2013 daf\u00fcr stehen wir, der <strong>Chor ImPuls<\/strong>.<\/p>\n<\/div><\/div>\n\n\n\n<div class=\"wp-block-uagb-column uagb-column__wrap uagb-column__background-none uagb-block-6f3bd82c-0b6f-4c67-81d6-ab20aaceb724\"><div class=\"uagb-column__overlay\"><\/div><div class=\"uagb-column__inner-wrap\">\n<div class=\"wp-block-image is-style-default\"><figure class=\"aligncenter size-large\"><img loading=\"lazy\" decoding=\"async\" width=\"1024\" height=\"768\" src=\"http:\/\/glueck-wunsch.de\/testimonial452\/wp-content\/uploads\/2020\/03\/chor-2020-1024x768.jpg\" alt=\"\" class=\"wp-image-1145\" srcset=\"https:\/\/glueck-wunsch.de\/testimonial452\/wp-content\/uploads\/2020\/03\/chor-2020-1024x768.jpg 1024w, https:\/\/glueck-wunsch.de\/testimonial452\/wp-content\/uploads\/2020\/03\/chor-2020-300x225.jpg 300w, https:\/\/glueck-wunsch.de\/testimonial452\/wp-content\/uploads\/2020\/03\/chor-2020-768x576.jpg 768w, https:\/\/glueck-wunsch.de\/testimonial452\/wp-content\/uploads\/2020\/03\/chor-2020-1536x1152.jpg 1536w, https:\/\/glueck-wunsch.de\/testimonial452\/wp-content\/uploads\/2020\/03\/chor-2020.jpg 1707w\" sizes=\"auto, (max-width: 1024px) 100vw, 1024px\" \/><\/figure><\/div>\n<\/div><\/div>\n<\/div><\/section>\n\n\n\n<p><\/p>\n<\/div><\/section>\n\n\n\n<section class=\"wp-block-uagb-columns uagb-columns__wrap uagb-columns__background-color uagb-columns__stack-mobile uagb-columns__valign-undefined uagb-columns__gap-10 alignfull uagb-block-67740528-fc08-4b5b-a658-0493c2ed608d\"><div class=\"uagb-columns__overlay\"><\/div><div class=\"uagb-columns__shape uagb-columns__shape-top\"><svg xmlns=\"http:\/\/www.w3.org\/2000\/svg\" viewbox=\"0 0 1000 100\" preserveaspectratio=\"none\"><path class=\"uagb-columns__shape-fill\" d=\"M0,6V0h1000v100L0,6z\"><\/path><\/svg><\/div><div class=\"uagb-columns__inner-wrap uagb-columns__columns-2\">\n<div class=\"wp-block-uagb-column uagb-column__wrap uagb-column__background-undefined uagb-block-00174766-b893-44c1-9e6d-ac707f1e6737\"><div class=\"uagb-column__overlay\"><\/div><div class=\"uagb-column__inner-wrap\">\n<figure class=\"wp-block-image size-large\"><img loading=\"lazy\" decoding=\"async\" width=\"1024\" height=\"768\" src=\"https:\/\/glueck-wunsch.de\/testimonial452\/wp-content\/uploads\/2020\/05\/chor-weiss-1024x768.jpg\" alt=\"\" class=\"wp-image-1826\" srcset=\"https:\/\/glueck-wunsch.de\/testimonial452\/wp-content\/uploads\/2020\/05\/chor-weiss-1024x768.jpg 1024w, https:\/\/glueck-wunsch.de\/testimonial452\/wp-content\/uploads\/2020\/05\/chor-weiss-300x225.jpg 300w, https:\/\/glueck-wunsch.de\/testimonial452\/wp-content\/uploads\/2020\/05\/chor-weiss-768x576.jpg 768w, https:\/\/glueck-wunsch.de\/testimonial452\/wp-content\/uploads\/2020\/05\/chor-weiss-1536x1152.jpg 1536w, https:\/\/glueck-wunsch.de\/testimonial452\/wp-content\/uploads\/2020\/05\/chor-weiss.jpg 1707w\" sizes=\"auto, (max-width: 1024px) 100vw, 1024px\" \/><\/figure>\n<\/div><\/div>\n\n\n\n<div class=\"wp-block-uagb-column uagb-column__wrap uagb-column__background-undefined uagb-block-a03793d2-9ca2-4158-91bd-2745856f6439\"><div class=\"uagb-column__overlay\"><\/div><div class=\"uagb-column__inner-wrap\">\n<h3 class=\"wp-block-heading\">Chor ist wie Synchronschwimmen.<br>Chor ist ein Mannschaftssport. <\/h3>\n\n\n\n<p>Vom Kneipenchor bis zu Mitsing-Konzerten, Singen ist angesagt.<br>Ein Chor lebt Verbundenheit. Jeder ist wichtig, geh\u00f6rt dazu und wird Teil von etwas Besonderem. Im Chor ist man ein Team &#8211; eine Mannschaft.<\/p>\n\n\n\n<p>Wir, der <strong>Chor ImPuls<\/strong>, sind eine Gemeinschaft f\u00fcr Jung und Alt, in der wir begeistert und mit Freude singen. Wir laden alle Menschen ein, die gerne Teil unseres \u201eTeams\u201c werden wollen. Singt mit uns, es lohnt sich! <\/p>\n<\/div><\/div>\n<\/div><div class=\"uagb-columns__shape uagb-columns__shape-bottom\" data-negative=\"false\"><svg xmlns=\"http:\/\/www.w3.org\/2000\/svg\" viewbox=\"0 0 1000 100\" preserveaspectratio=\"none\"><path class=\"uagb-columns__shape-fill\" d=\"M0,6V0h1000v100L0,6z\"><\/path><\/svg><\/div><\/section>\n\n\n\n<section class=\"wp-block-uagb-columns uagb-columns__wrap uagb-columns__background-color uagb-columns__stack-mobile uagb-columns__valign-undefined uagb-columns__gap-10 alignfull uagb-block-72ea754b-dbc5-46d2-99f4-09548da9a01f\"><div class=\"uagb-columns__overlay\"><\/div><div class=\"uagb-columns__inner-wrap uagb-columns__columns-2\">\n<div class=\"wp-block-uagb-column uagb-column__wrap uagb-column__background-undefined uagb-block-8f6c8eae-5d72-4c18-8756-9838ef193bd1\"><div class=\"uagb-column__overlay\"><\/div><div class=\"uagb-column__inner-wrap\">\n<h3 class=\"wp-block-heading\">Wir singen querbeet!<\/h3>\n\n\n\n<p>Unser Repertoire ist vielf\u00e4ltig. Von Gospel und Jazz, \u00fcber Pop, modernes geistliches Liedgut und weltliche Klassikwerke bis hin zu Volksliedern aus der ganzen Welt \u2013 eben querbeet. <\/p>\n\n\n\n<p>In gemeinsamen Projekten singen wir mit anderen Ch\u00f6ren aus Langenfeld.<\/p>\n\n\n\n<figure class=\"wp-block-embed-youtube aligncenter wp-block-embed is-type-video is-provider-youtube wp-embed-aspect-16-9 wp-has-aspect-ratio\"><div class=\"wp-block-embed__wrapper\">\n<iframe loading=\"lazy\" title=\"Our Father (Lord&#039;s Prayer) aus MASS IN DEEP BLUE (Mark Gierling) - LIVE\" width=\"500\" height=\"281\" src=\"https:\/\/www.youtube.com\/embed\/X6GvEoTpH24?feature=oembed\" frameborder=\"0\" allow=\"accelerometer; autoplay; clipboard-write; encrypted-media; gyroscope; picture-in-picture; web-share\" referrerpolicy=\"strict-origin-when-cross-origin\" allowfullscreen><\/iframe>\n<\/div><\/figure>\n\n\n\n<p>Die Leitung unseres Chores hat Matthias Krella.<\/p>\n<\/div><\/div>\n\n\n\n<div class=\"wp-block-uagb-column uagb-column__wrap uagb-column__background-undefined uagb-block-b270ef4d-6bb1-40fc-9c1d-80669fdbe175\"><div class=\"uagb-column__overlay\"><\/div><div class=\"uagb-column__inner-wrap\">\n<div class=\"wp-block-image\"><figure class=\"alignright size-large\"><img loading=\"lazy\" decoding=\"async\" width=\"1024\" height=\"768\" src=\"https:\/\/glueck-wunsch.de\/testimonial452\/wp-content\/uploads\/2020\/04\/IMG_20200330_131656-1-1024x768.jpg\" alt=\"\" class=\"wp-image-1453\" srcset=\"https:\/\/glueck-wunsch.de\/testimonial452\/wp-content\/uploads\/2020\/04\/IMG_20200330_131656-1-1024x768.jpg 1024w, https:\/\/glueck-wunsch.de\/testimonial452\/wp-content\/uploads\/2020\/04\/IMG_20200330_131656-1-300x225.jpg 300w, https:\/\/glueck-wunsch.de\/testimonial452\/wp-content\/uploads\/2020\/04\/IMG_20200330_131656-1-768x576.jpg 768w, https:\/\/glueck-wunsch.de\/testimonial452\/wp-content\/uploads\/2020\/04\/IMG_20200330_131656-1-1536x1152.jpg 1536w, https:\/\/glueck-wunsch.de\/testimonial452\/wp-content\/uploads\/2020\/04\/IMG_20200330_131656-1-2048x1536.jpg 2048w\" sizes=\"auto, (max-width: 1024px) 100vw, 1024px\" \/><\/figure><\/div>\n<\/div><\/div>\n<\/div><div class=\"uagb-columns__shape uagb-columns__shape-bottom\" data-negative=\"false\"><svg xmlns=\"http:\/\/www.w3.org\/2000\/svg\" viewbox=\"0 0 1000 100\" preserveaspectratio=\"none\"><path class=\"uagb-columns__shape-fill\" d=\"M0,6V0h1000v100L0,6z\"><\/path><\/svg><\/div><\/section>\n\n\n\n<section class=\"wp-block-uagb-columns uagb-columns__wrap uagb-columns__background-color uagb-columns__stack-mobile uagb-columns__valign-undefined uagb-columns__gap-10 alignfull uagb-block-cb993f08-24a1-4fe2-83ff-26f07840a9d5\"><div class=\"uagb-columns__overlay\"><\/div><div class=\"uagb-columns__inner-wrap uagb-columns__columns-2\">\n<div class=\"wp-block-uagb-column uagb-column__wrap uagb-column__background-undefined uagb-block-cea8d8bd-f2ed-49bc-a0a6-49222bd0f379\"><div class=\"uagb-column__overlay\"><\/div><div class=\"uagb-column__inner-wrap\">\n<h3 class=\"wp-block-heading\">Du meinst, du kannst nicht singen?<\/h3>\n\n\n\n<p>Du wolltest schon immer im Chor singen, traust dich aber nicht? Ja, das mit dem Singen ist so eine Sache. Einerseits das Nat\u00fcrlichste der Welt, andererseits behaftet mit so S\u00e4tzen wie \u201eSei nicht so laut\u201c, \u201eDas kannst du nicht\u201c oder \u201eH\u00f6r auf mit dem schrecklichen Krakelen\u201c.<\/p>\n\n\n\n<p>Du bist in bester Gesellschaft, denn viele Menschen glauben, dass sie nicht singen k\u00f6nnen. Ein gro\u00dfer Irrtum, den es auszur\u00e4umen gilt.<\/p>\n\n\n\n<p>Unsere Anregung f\u00fcr alle Singsehns\u00fcchtigen: Kommt zu uns in den Chor und probiert es aus. Wir treffen uns jeden Dienstag, 20.00 Uhr, im Ankerplatz, direkt neben der Kirche St. Josef in Langenfeld.<\/p>\n\n\n\n<p>Und sollten sich Zweifel einschleichen, dann solltet ihr euch <a href=\"https:\/\/www.youtube.com\/watch?v=vl3OTD0pWCA\">Dendemanns<\/a> \u201eGut und gerne\u201c anh\u00f6ren: <em>\u201eNein, ich sing nicht gut, aber ich tu\u2019s gern, weil ich den Schei\u00df liebe, wie \u2019ne Schmei\u00dffliege, anders kann ich mir das nicht erkl\u00e4r\u2019n.\u201c<\/em><\/p>\n<\/div><\/div>\n\n\n\n<div class=\"wp-block-uagb-column uagb-column__wrap uagb-column__background-undefined uagb-block-b861eab8-830f-4325-a5e7-4cb82df61a33\"><div class=\"uagb-column__overlay\"><\/div><div class=\"uagb-column__inner-wrap\">\n<div class=\"wp-block-image\"><figure class=\"alignright size-large\"><img loading=\"lazy\" decoding=\"async\" width=\"1024\" height=\"933\" src=\"https:\/\/glueck-wunsch.de\/testimonial452\/wp-content\/uploads\/2020\/04\/IMG_20200401_125249-1-1024x933.jpg\" alt=\"\" class=\"wp-image-1432\" srcset=\"https:\/\/glueck-wunsch.de\/testimonial452\/wp-content\/uploads\/2020\/04\/IMG_20200401_125249-1-1024x933.jpg 1024w, https:\/\/glueck-wunsch.de\/testimonial452\/wp-content\/uploads\/2020\/04\/IMG_20200401_125249-1-300x273.jpg 300w, https:\/\/glueck-wunsch.de\/testimonial452\/wp-content\/uploads\/2020\/04\/IMG_20200401_125249-1-768x700.jpg 768w, https:\/\/glueck-wunsch.de\/testimonial452\/wp-content\/uploads\/2020\/04\/IMG_20200401_125249-1-1536x1399.jpg 1536w, https:\/\/glueck-wunsch.de\/testimonial452\/wp-content\/uploads\/2020\/04\/IMG_20200401_125249-1-2048x1866.jpg 2048w\" sizes=\"auto, (max-width: 1024px) 100vw, 1024px\" \/><\/figure><\/div>\n\n\n\n<h6 class=\"has-text-align-center wp-block-heading\" id=\"matthias-krella\">Notenblatt mit 5 Stimmen<\/h6>\n<\/div><\/div>\n<\/div><div class=\"uagb-columns__shape uagb-columns__shape-bottom\" data-negative=\"false\"><svg xmlns=\"http:\/\/www.w3.org\/2000\/svg\" viewbox=\"0 0 1000 100\" preserveaspectratio=\"none\"><path class=\"uagb-columns__shape-fill\" d=\"M0,6V0h1000v100L0,6z\"><\/path><\/svg><\/div><\/section>\n\n\n\n<p><\/p>\n","protected":false},"excerpt":{"rendered":"<p>Chor ist wie Synchronschwimmen.Chor ist ein Mannschaftssport. Vom Kneipenchor bis zu Mitsing-Konzerten, Singen ist angesagt.Ein Chor lebt Verbundenheit. Jeder ist wichtig, geh\u00f6rt dazu und wird Teil von etwas Besonderem. Im Chor ist man ein Team &#8211; eine Mannschaft. Wir, der Chor ImPuls, sind eine Gemeinschaft f\u00fcr Jung und Alt, in der wir begeistert und mit [&hellip;]<\/p>\n","protected":false},"author":7,"featured_media":0,"parent":0,"menu_order":0,"comment_status":"closed","ping_status":"closed","template":"","meta":{"_uag_custom_page_level_css":"","site-sidebar-layout":"no-sidebar","site-content-layout":"page-builder","ast-site-content-layout":"default","site-content-style":"default","site-sidebar-style":"default","ast-global-header-display":"","ast-banner-title-visibility":"","ast-main-header-display":"","ast-hfb-above-header-display":"","ast-hfb-below-header-display":"","ast-hfb-mobile-header-display":"","site-post-title":"disabled","ast-breadcrumbs-content":"","ast-featured-img":"disabled","footer-sml-layout":"","ast-disable-related-posts":"","theme-transparent-header-meta":"default","adv-header-id-meta":"","stick-header-meta":"","header-above-stick-meta":"","header-main-stick-meta":"","header-below-stick-meta":"","astra-migrate-meta-layouts":"default","ast-page-background-enabled":"default","ast-page-background-meta":{"desktop":{"background-color":"","background-image":"","background-repeat":"repeat","background-position":"center center","background-size":"auto","background-attachment":"scroll","background-type":"","background-media":"","overlay-type":"","overlay-color":"","overlay-opacity":"","overlay-gradient":""},"tablet":{"background-color":"","background-image":"","background-repeat":"repeat","background-position":"center center","background-size":"auto","background-attachment":"scroll","background-type":"","background-media":"","overlay-type":"","overlay-color":"","overlay-opacity":"","overlay-gradient":""},"mobile":{"background-color":"","background-image":"","background-repeat":"repeat","background-position":"center center","background-size":"auto","background-attachment":"scroll","background-type":"","background-media":"","overlay-type":"","overlay-color":"","overlay-opacity":"","overlay-gradient":""}},"ast-content-background-meta":{"desktop":{"background-color":"var(--ast-global-color-5)","background-image":"","background-repeat":"repeat","background-position":"center center","background-size":"auto","background-attachment":"scroll","background-type":"","background-media":"","overlay-type":"","overlay-color":"","overlay-opacity":"","overlay-gradient":""},"tablet":{"background-color":"var(--ast-global-color-5)","background-image":"","background-repeat":"repeat","background-position":"center center","background-size":"auto","background-attachment":"scroll","background-type":"","background-media":"","overlay-type":"","overlay-color":"","overlay-opacity":"","overlay-gradient":""},"mobile":{"background-color":"var(--ast-global-color-5)","background-image":"","background-repeat":"repeat","background-position":"center center","background-size":"auto","background-attachment":"scroll","background-type":"","background-media":"","overlay-type":"","overlay-color":"","overlay-opacity":"","overlay-gradient":""}},"footnotes":""},"class_list":["post-8","page","type-page","status-publish","hentry"],"featured_image_src":null,"yoast_head":"<!-- This site is optimized with the Yoast SEO plugin v26.7 - https:\/\/yoast.com\/wordpress\/plugins\/seo\/ -->\n<title>\u00dcber uns - Chor ImPuls<\/title>\n<meta name=\"robots\" content=\"noindex, follow\" \/>\n<meta property=\"og:locale\" content=\"de_DE\" \/>\n<meta property=\"og:type\" content=\"article\" \/>\n<meta property=\"og:title\" content=\"\u00dcber uns - Chor ImPuls\" \/>\n<meta property=\"og:description\" content=\"Chor ist wie Synchronschwimmen.Chor ist ein Mannschaftssport. Vom Kneipenchor bis zu Mitsing-Konzerten, Singen ist angesagt.Ein Chor lebt Verbundenheit. Jeder ist wichtig, geh\u00f6rt dazu und wird Teil von etwas Besonderem. Im Chor ist man ein Team &#8211; eine Mannschaft. Wir, der Chor ImPuls, sind eine Gemeinschaft f\u00fcr Jung und Alt, in der wir begeistert und mit [&hellip;]\" \/>\n<meta property=\"og:url\" content=\"https:\/\/glueck-wunsch.de\/testimonial452\/about\/\" \/>\n<meta property=\"og:site_name\" content=\"Chor ImPuls\" \/>\n<meta property=\"article:modified_time\" content=\"2020-06-11T16:12:19+00:00\" \/>\n<meta property=\"og:image\" content=\"https:\/\/glueck-wunsch.de\/testimonial452\/wp-content\/uploads\/2020\/03\/chor-2020.jpg\" \/>\n\t<meta property=\"og:image:width\" content=\"1707\" \/>\n\t<meta property=\"og:image:height\" content=\"1280\" \/>\n\t<meta property=\"og:image:type\" content=\"image\/jpeg\" \/>\n<meta name=\"twitter:card\" content=\"summary_large_image\" \/>\n<meta name=\"twitter:label1\" content=\"Gesch\u00e4tzte Lesezeit\" \/>\n\t<meta name=\"twitter:data1\" content=\"2\u00a0Minuten\" \/>\n<script type=\"application\/ld+json\" class=\"yoast-schema-graph\">{\"@context\":\"https:\/\/schema.org\",\"@graph\":[{\"@type\":\"WebPage\",\"@id\":\"https:\/\/glueck-wunsch.de\/testimonial452\/about\/\",\"url\":\"https:\/\/glueck-wunsch.de\/testimonial452\/about\/\",\"name\":\"\u00dcber uns - Chor ImPuls\",\"isPartOf\":{\"@id\":\"https:\/\/glueck-wunsch.de\/testimonial452\/#website\"},\"primaryImageOfPage\":{\"@id\":\"https:\/\/glueck-wunsch.de\/testimonial452\/about\/#primaryimage\"},\"image\":{\"@id\":\"https:\/\/glueck-wunsch.de\/testimonial452\/about\/#primaryimage\"},\"thumbnailUrl\":\"http:\/\/glueck-wunsch.de\/testimonial452\/wp-content\/uploads\/2020\/03\/chor-2020-1024x768.jpg\",\"datePublished\":\"2018-09-18T09:02:45+00:00\",\"dateModified\":\"2020-06-11T16:12:19+00:00\",\"breadcrumb\":{\"@id\":\"https:\/\/glueck-wunsch.de\/testimonial452\/about\/#breadcrumb\"},\"inLanguage\":\"de\",\"potentialAction\":[{\"@type\":\"ReadAction\",\"target\":[\"https:\/\/glueck-wunsch.de\/testimonial452\/about\/\"]}]},{\"@type\":\"ImageObject\",\"inLanguage\":\"de\",\"@id\":\"https:\/\/glueck-wunsch.de\/testimonial452\/about\/#primaryimage\",\"url\":\"http:\/\/glueck-wunsch.de\/testimonial452\/wp-content\/uploads\/2020\/03\/chor-2020-1024x768.jpg\",\"contentUrl\":\"http:\/\/glueck-wunsch.de\/testimonial452\/wp-content\/uploads\/2020\/03\/chor-2020-1024x768.jpg\"},{\"@type\":\"BreadcrumbList\",\"@id\":\"https:\/\/glueck-wunsch.de\/testimonial452\/about\/#breadcrumb\",\"itemListElement\":[{\"@type\":\"ListItem\",\"position\":1,\"name\":\"Startseite\",\"item\":\"https:\/\/glueck-wunsch.de\/testimonial452\/\"},{\"@type\":\"ListItem\",\"position\":2,\"name\":\"\u00dcber uns\"}]},{\"@type\":\"WebSite\",\"@id\":\"https:\/\/glueck-wunsch.de\/testimonial452\/#website\",\"url\":\"https:\/\/glueck-wunsch.de\/testimonial452\/\",\"name\":\"Chor ImPuls\",\"description\":\"singen und musizieren\",\"publisher\":{\"@id\":\"https:\/\/glueck-wunsch.de\/testimonial452\/#organization\"},\"potentialAction\":[{\"@type\":\"SearchAction\",\"target\":{\"@type\":\"EntryPoint\",\"urlTemplate\":\"https:\/\/glueck-wunsch.de\/testimonial452\/?s={search_term_string}\"},\"query-input\":{\"@type\":\"PropertyValueSpecification\",\"valueRequired\":true,\"valueName\":\"search_term_string\"}}],\"inLanguage\":\"de\"},{\"@type\":\"Organization\",\"@id\":\"https:\/\/glueck-wunsch.de\/testimonial452\/#organization\",\"name\":\"Chor Impuls\",\"url\":\"https:\/\/glueck-wunsch.de\/testimonial452\/\",\"logo\":{\"@type\":\"ImageObject\",\"inLanguage\":\"de\",\"@id\":\"https:\/\/glueck-wunsch.de\/testimonial452\/#\/schema\/logo\/image\/\",\"url\":\"https:\/\/glueck-wunsch.de\/testimonial452\/wp-content\/uploads\/2020\/05\/logo-chor-impuls-P.png\",\"contentUrl\":\"https:\/\/glueck-wunsch.de\/testimonial452\/wp-content\/uploads\/2020\/05\/logo-chor-impuls-P.png\",\"width\":1050,\"height\":451,\"caption\":\"Chor Impuls\"},\"image\":{\"@id\":\"https:\/\/glueck-wunsch.de\/testimonial452\/#\/schema\/logo\/image\/\"}}]}<\/script>\n<!-- \/ Yoast SEO plugin. -->","yoast_head_json":{"title":"\u00dcber uns - Chor ImPuls","robots":{"index":"noindex","follow":"follow"},"og_locale":"de_DE","og_type":"article","og_title":"\u00dcber uns - Chor ImPuls","og_description":"Chor ist wie Synchronschwimmen.Chor ist ein Mannschaftssport. Vom Kneipenchor bis zu Mitsing-Konzerten, Singen ist angesagt.Ein Chor lebt Verbundenheit. Jeder ist wichtig, geh\u00f6rt dazu und wird Teil von etwas Besonderem. Im Chor ist man ein Team &#8211; eine Mannschaft. Wir, der Chor ImPuls, sind eine Gemeinschaft f\u00fcr Jung und Alt, in der wir begeistert und mit [&hellip;]","og_url":"https:\/\/glueck-wunsch.de\/testimonial452\/about\/","og_site_name":"Chor ImPuls","article_modified_time":"2020-06-11T16:12:19+00:00","og_image":[{"width":1707,"height":1280,"url":"https:\/\/glueck-wunsch.de\/testimonial452\/wp-content\/uploads\/2020\/03\/chor-2020.jpg","type":"image\/jpeg"}],"twitter_card":"summary_large_image","twitter_misc":{"Gesch\u00e4tzte Lesezeit":"2\u00a0Minuten"},"schema":{"@context":"https:\/\/schema.org","@graph":[{"@type":"WebPage","@id":"https:\/\/glueck-wunsch.de\/testimonial452\/about\/","url":"https:\/\/glueck-wunsch.de\/testimonial452\/about\/","name":"\u00dcber uns - Chor ImPuls","isPartOf":{"@id":"https:\/\/glueck-wunsch.de\/testimonial452\/#website"},"primaryImageOfPage":{"@id":"https:\/\/glueck-wunsch.de\/testimonial452\/about\/#primaryimage"},"image":{"@id":"https:\/\/glueck-wunsch.de\/testimonial452\/about\/#primaryimage"},"thumbnailUrl":"http:\/\/glueck-wunsch.de\/testimonial452\/wp-content\/uploads\/2020\/03\/chor-2020-1024x768.jpg","datePublished":"2018-09-18T09:02:45+00:00","dateModified":"2020-06-11T16:12:19+00:00","breadcrumb":{"@id":"https:\/\/glueck-wunsch.de\/testimonial452\/about\/#breadcrumb"},"inLanguage":"de","potentialAction":[{"@type":"ReadAction","target":["https:\/\/glueck-wunsch.de\/testimonial452\/about\/"]}]},{"@type":"ImageObject","inLanguage":"de","@id":"https:\/\/glueck-wunsch.de\/testimonial452\/about\/#primaryimage","url":"http:\/\/glueck-wunsch.de\/testimonial452\/wp-content\/uploads\/2020\/03\/chor-2020-1024x768.jpg","contentUrl":"http:\/\/glueck-wunsch.de\/testimonial452\/wp-content\/uploads\/2020\/03\/chor-2020-1024x768.jpg"},{"@type":"BreadcrumbList","@id":"https:\/\/glueck-wunsch.de\/testimonial452\/about\/#breadcrumb","itemListElement":[{"@type":"ListItem","position":1,"name":"Startseite","item":"https:\/\/glueck-wunsch.de\/testimonial452\/"},{"@type":"ListItem","position":2,"name":"\u00dcber uns"}]},{"@type":"WebSite","@id":"https:\/\/glueck-wunsch.de\/testimonial452\/#website","url":"https:\/\/glueck-wunsch.de\/testimonial452\/","name":"Chor ImPuls","description":"singen und musizieren","publisher":{"@id":"https:\/\/glueck-wunsch.de\/testimonial452\/#organization"},"potentialAction":[{"@type":"SearchAction","target":{"@type":"EntryPoint","urlTemplate":"https:\/\/glueck-wunsch.de\/testimonial452\/?s={search_term_string}"},"query-input":{"@type":"PropertyValueSpecification","valueRequired":true,"valueName":"search_term_string"}}],"inLanguage":"de"},{"@type":"Organization","@id":"https:\/\/glueck-wunsch.de\/testimonial452\/#organization","name":"Chor Impuls","url":"https:\/\/glueck-wunsch.de\/testimonial452\/","logo":{"@type":"ImageObject","inLanguage":"de","@id":"https:\/\/glueck-wunsch.de\/testimonial452\/#\/schema\/logo\/image\/","url":"https:\/\/glueck-wunsch.de\/testimonial452\/wp-content\/uploads\/2020\/05\/logo-chor-impuls-P.png","contentUrl":"https:\/\/glueck-wunsch.de\/testimonial452\/wp-content\/uploads\/2020\/05\/logo-chor-impuls-P.png","width":1050,"height":451,"caption":"Chor Impuls"},"image":{"@id":"https:\/\/glueck-wunsch.de\/testimonial452\/#\/schema\/logo\/image\/"}}]}},"uagb_featured_image_src":{"full":false,"thumbnail":false,"medium":false,"medium_large":false,"large":false,"1536x1536":false,"2048x2048":false},"uagb_author_info":{"display_name":"admin-mieke","author_link":"https:\/\/glueck-wunsch.de\/testimonial452\/author\/admin-mieke\/"},"uagb_comment_info":0,"uagb_excerpt":"Chor ist wie Synchronschwimmen.Chor ist ein Mannschaftssport. Vom Kneipenchor bis zu Mitsing-Konzerten, Singen ist angesagt.Ein Chor lebt Verbundenheit. Jeder ist wichtig, geh\u00f6rt dazu und wird Teil von etwas Besonderem. Im Chor ist man ein Team &#8211; eine Mannschaft. Wir, der Chor ImPuls, sind eine Gemeinschaft f\u00fcr Jung und Alt, in der wir begeistert und mit&hellip;","_links":{"self":[{"href":"https:\/\/glueck-wunsch.de\/testimonial452\/wp-json\/wp\/v2\/pages\/8","targetHints":{"allow":["GET"]}}],"collection":[{"href":"https:\/\/glueck-wunsch.de\/testimonial452\/wp-json\/wp\/v2\/pages"}],"about":[{"href":"https:\/\/glueck-wunsch.de\/testimonial452\/wp-json\/wp\/v2\/types\/page"}],"author":[{"embeddable":true,"href":"https:\/\/glueck-wunsch.de\/testimonial452\/wp-json\/wp\/v2\/users\/7"}],"replies":[{"embeddable":true,"href":"https:\/\/glueck-wunsch.de\/testimonial452\/wp-json\/wp\/v2\/comments?post=8"}],"version-history":[{"count":165,"href":"https:\/\/glueck-wunsch.de\/testimonial452\/wp-json\/wp\/v2\/pages\/8\/revisions"}],"predecessor-version":[{"id":2216,"href":"https:\/\/glueck-wunsch.de\/testimonial452\/wp-json\/wp\/v2\/pages\/8\/revisions\/2216"}],"wp:attachment":[{"href":"https:\/\/glueck-wunsch.de\/testimonial452\/wp-json\/wp\/v2\/media?parent=8"}],"curies":[{"name":"wp","href":"https:\/\/api.w.org\/{rel}","templated":true}]}}