{"id":777,"date":"2019-03-01T10:02:02","date_gmt":"2019-03-01T09:02:02","guid":{"rendered":"http:\/\/glueck-wunsch.de\/testimonial46a\/?page_id=777"},"modified":"2022-03-11T18:20:30","modified_gmt":"2022-03-11T17:20:30","slug":"data-protection","status":"publish","type":"page","link":"https:\/\/glueck-wunsch.de\/testimonial46a\/data-protection\/","title":{"rendered":"data-protection"},"content":{"rendered":"\t\t<div data-elementor-type=\"wp-post\" data-elementor-id=\"777\" class=\"elementor elementor-777\">\n\t\t\t\t\t\t<section class=\"elementor-section elementor-top-section elementor-element elementor-element-b984430 elementor-section-boxed elementor-section-height-default elementor-section-height-default\" data-id=\"b984430\" data-element_type=\"section\">\n\t\t\t\t\t\t<div class=\"elementor-container elementor-column-gap-default\">\n\t\t\t\t\t<div class=\"elementor-column elementor-col-100 elementor-top-column elementor-element elementor-element-2072857\" data-id=\"2072857\" data-element_type=\"column\">\n\t\t\t<div class=\"elementor-widget-wrap elementor-element-populated\">\n\t\t\t\t\t\t<div class=\"elementor-element elementor-element-413f61b elementor-widget elementor-widget-heading\" data-id=\"413f61b\" data-element_type=\"widget\" data-widget_type=\"heading.default\">\n\t\t\t\t<div class=\"elementor-widget-container\">\n\t\t\t\t\t<h2 class=\"elementor-heading-title elementor-size-default\">Allgemeine Datenschutzerkl\u00e4rung:\n\n<\/h2>\t\t\t\t<\/div>\n\t\t\t\t<\/div>\n\t\t\t\t<div class=\"elementor-element elementor-element-3f03a39 elementor-widget elementor-widget-spacer\" data-id=\"3f03a39\" data-element_type=\"widget\" data-widget_type=\"spacer.default\">\n\t\t\t\t<div class=\"elementor-widget-container\">\n\t\t\t\t\t\t\t<div class=\"elementor-spacer\">\n\t\t\t<div class=\"elementor-spacer-inner\"><\/div>\n\t\t<\/div>\n\t\t\t\t\t\t<\/div>\n\t\t\t\t<\/div>\n\t\t\t\t\t<\/div>\n\t\t<\/div>\n\t\t\t\t\t<\/div>\n\t\t<\/section>\n\t\t\t\t<section class=\"elementor-section elementor-top-section elementor-element elementor-element-ded80ba elementor-section-boxed elementor-section-height-default elementor-section-height-default\" data-id=\"ded80ba\" data-element_type=\"section\">\n\t\t\t\t\t\t<div class=\"elementor-container elementor-column-gap-default\">\n\t\t\t\t\t<div class=\"elementor-column elementor-col-100 elementor-top-column elementor-element elementor-element-fc8becd\" data-id=\"fc8becd\" data-element_type=\"column\">\n\t\t\t<div class=\"elementor-widget-wrap elementor-element-populated\">\n\t\t\t\t\t\t<div class=\"elementor-element elementor-element-8a14bf5 elementor-widget elementor-widget-text-editor\" data-id=\"8a14bf5\" data-element_type=\"widget\" data-widget_type=\"text-editor.default\">\n\t\t\t\t<div class=\"elementor-widget-container\">\n\t\t\t\t\t\t\t\t\t<p>Die verantwortliche Stelle f\u00fcr die Datenverarbeitung auf dieser Website ist:<\/p>\n<p>Dipl.-Ing. Helmut Schmidt-Dienhard<br>M\u00f6ncherderweg 2 A<br>40764 Langenfeld<br>https:\/\/glueck-wunsch.de\/testimonial46a<\/p>\n<h3><strong>Allgemeine Datenschutzerkl\u00e4rung:<\/strong><\/h3>\n<p><strong><u>Allgemeine Hinweise:<\/u><\/strong><\/p>\n<p>Wenn Sie meine Webseite besuchen bewegen Sie sich im \u00f6ffentlichen Internet und auf meiner privaten homepage.<\/p>\n<p>Hierbei muss Ihnen klar sein, dass es sich um komplexe Systeme handelt, die sich zum gro\u00dfen Teil meiner pers\u00f6nlichen Einflussnahme entziehen. Sollten Sie deshalb Bedenken haben, rate ich Ihnen von der Nutzung ab, sage aber auch gleichzeitig, dass ich Vorsichtsma\u00dfnahmen zum Schutz Ihrer Daten unternommen habe.<\/p>\n<p>Sicherheitsl\u00fccken k\u00f6nnen aber immer vorhanden sein, die ich trotz meiner Bem\u00fchungen nicht erkennen kann oder abstellen kann.<\/p>\n<p>Auch: Zum Vermeiden der L\u00fccken fehlen hierzu oft notwendige Rechtsgrundlagen, wie am Beispiel google-web-fonts unten erl\u00e4utert.<\/p>\n<p><strong><u>SSL- oder TSL-Verschl\u00fcsselung:<\/u><\/strong><\/p>\n<p>Sollten Sie mich im Internet aufrufen, Kontakt aufnehmen, um dort eine zu E-Mail schreiben, werden Sie sehen, dass diese Seite eine SSL- oder TSL-Verschl\u00fcsselung benutzt.<\/p>\n<p>Dies erkennen Sie, da die Adresszeile des Browsers von \u201ehttp:\/\/\u201c auf https:\/\/ wechselt. Es wird dann auch ein Schlosssymbol sichtbar. Dies ist ein Garant f\u00fcr eine sichere Daten\u00fcbertragung und ist ein guter Standard.<\/p>\n<p><strong><u>Erhebung Personenbezogener Daten:<\/u><\/strong><\/p>\n<p>Wenn Sie meine Seite aufrufen, werden Sie im Netz eine \u201eDatenspur\u201c hinterlassen, die unterschiedlich genutzt wird:<\/p>\n<p>Zuerst ist da der provider, Fa. All-Inkl (<a href=\"http:\/\/www.all-inkl.com\">www.all-inkl.com<\/a>), mit seinen Erhebungen.&nbsp; &nbsp;Bitte lesen Sie unten zum Thema \u201eserver-log-files\u201c.<\/p>\n<p>Im Weiteren werden Daten genutzt, die im Rahmen des Aufrufes entstehen.&nbsp; Es werden g\u00e4ngige Kleinprogramme genutzt, als Unterprogramme (plugins) eines Hauptprogrammes, mit dem diese Seite betrieben wird.<\/p>\n<p>Hierbei handelt es sich aber um eine anonyme Auflistung, wie Anzahl der Klicks, Land, Datum etc. Diese Daten k\u00f6nnen keiner Person zugeordnet werden und dienen nur zu statistischen Zwecken, hei\u00dft Optimierung dieser Webseite.<\/p>\n<p>Sollten Sie mir pers\u00f6nliche Daten nennen, so tun Sie dies aus freien St\u00fccken. Ohnehin ist dies bei der Kontaktaufnahme notwendig, damit man sich verst\u00e4ndigen kann. Ich versichere Ihnen, dass ich diese Daten nicht an Dritte weitergeben werde und nach gesetzlichen Fristen wieder l\u00f6schen werde.<\/p>\n<p>Man kann mich jederzeit kontaktieren und die Nutzung der Daten im Gespr\u00e4ch erl\u00e4utert bekommen. Zum Recht auf L\u00f6schung, bitte sehen Sie unten.<\/p>\n<p><strong><u>Cookie-Nutzung:<\/u><\/strong><\/p>\n<p>Ich teile Ihnen mit, dass ich cookies verwende. Durch die weitere Nutzung meiner Webseite stimmen Sie der Verwendung von cookies zu.<\/p>\n<p>Hinweise zu cookies: Die Kleindateien richten keinen Schaden an und dienen dazu, den Internetkontakt einfacher zu gestalten, effektiver und nutzerfreundlicher zu machen. Nicht alle cookies bleiben auf Ihrem Rechner gespeichert. Sollten Sie mit dem Speichern der verbleibenden cookies nicht einverstanden sein, empfehle ich Ihnen, diese zu l\u00f6schen. Dies ist m\u00f6glich.<\/p>\n<p>Auch k\u00f6nnen Sie durch Einstellungen Ihres Browsers cookies abwehren. Tatsache ist aber dann, dass Sie beim Wiedereinschalten des Ger\u00e4tes eine in der Funktionalit\u00e4t eingeschr\u00e4nkte Webseite haben.<\/p>\n<p><strong><u>Server-log-files:<\/u><\/strong><\/p>\n<p>Au\u00dferhalb meines Einflussbereiches erhebt der provider (<a href=\"http:\/\/www.all-inkl.com\">www.all-inkl.com<\/a>) Daten von Ihnen und nutzt sie.<\/p>\n<p>Ohne eine vollst\u00e4ndige Liste geben zu k\u00f6nnen, kann ich qualitativ nennen, browser-Daten, Internetadresse, Zeiten des Zugriffs, Name host,&nbsp; IP-Adresse, etc. Wenn ich das richtig sehe, sind auch diese Daten anonym bzw. werden nicht vertragsm\u00e4\u00dfig zusammengef\u00fchrt.<\/p>\n<p>Sollte ich da etwas anderes im Laufe der Zeit erkennen, werde ich einschreiten.Ein Kontakt mit meinem provider ist Ihnen zur Kl\u00e4rung weiterer Details jederzeit m\u00f6glich.<\/p>\n<p><strong><u>Links zu anderen Webseiten:<\/u><\/strong><\/p>\n<p>Meine Webseite enth\u00e4lt links zu anderen Webseitenbetreibern. Unabh\u00e4ngig von der Tatsache, dass ich keine Verantwortung f\u00fcr den Inhalt dieser Anbieter \u00fcbernehmen kann, teile ich Ihnen mit, dass mir der dort betriebene Datenschutz nicht bekannt ist.<\/p>\n<p>Es ist deshalb Ihr Recht (bzw. Ihre Pflicht) sich dort separat zu informieren, sollten Sie diese Seiten aufrufen.<\/p>\n<p><strong><u>Recht auf Auskunft, L\u00f6schung und Sperrung:<\/u><\/strong><\/p>\n<p>Sie haben jederzeit das Recht auf unentgeltliche Auskunft \u00fcber Ihre gespeicherten personenbezogenen Daten (Herkunft, Zweck, Empf\u00e4nger).<\/p>\n<p>Sollten berechtigte Einw\u00e4nde bestehen, werde ich eine Berichtigung, Sperrung oder L\u00f6schung in die Wege leiten. Meine Anschrift finden Sie unter \u201eImpressum\u201c.<\/p>\n<p><strong><u>Widerspruch Werbemails:<\/u><\/strong><\/p>\n<p>Durch die Pflicht der Offenlegung der Adress- und Kontaktdaten meiner Webseite gelangt jeder in den Besitz meiner Daten. Ich weise ausdr\u00fccklich darauf hin, dass ich das unaufgeforderte Zusenden von Werbung, Angeboten und sonstigen Informationen nicht akzeptiere und mir vorbehalte, rechtliche Schritte dagegen zu unternehmen. Einer kommerziellen Nutzung meiner Daten wiederspreche ich ausdr\u00fccklich.<\/p>\n<p>In diesem Zusammenhang weise ich nochmal darauf hin (siehe auch Impressung), dass ich auf die Einhaltung des Urheberrechtes gro\u00dfen Wert lege und gegen Verst\u00f6\u00dfe ebenfalls juristische Schritte unternehmen werde,<\/p>\t\t\t\t\t\t\t\t<\/div>\n\t\t\t\t<\/div>\n\t\t\t\t\t<\/div>\n\t\t<\/div>\n\t\t\t\t\t<\/div>\n\t\t<\/section>\n\t\t\t\t<\/div>\n\t\t","protected":false},"excerpt":{"rendered":"<p>Allgemeine Datenschutzerkl\u00e4rung: Die verantwortliche Stelle f\u00fcr die Datenverarbeitung auf dieser Website ist: Dipl.-Ing. Helmut Schmidt-DienhardM\u00f6ncherderweg 2 A40764 Langenfeldhttps:\/\/glueck-wunsch.de\/testimonial46a Allgemeine Datenschutzerkl\u00e4rung: Allgemeine Hinweise: Wenn Sie meine Webseite besuchen bewegen Sie sich im \u00f6ffentlichen Internet und auf meiner privaten homepage. Hierbei muss Ihnen klar sein, dass es sich um komplexe Systeme handelt, die sich zum gro\u00dfen Teil [&hellip;]<\/p>\n","protected":false},"author":4,"featured_media":0,"parent":0,"menu_order":0,"comment_status":"closed","ping_status":"closed","template":"","meta":{"ocean_post_layout":"right-sidebar","ocean_both_sidebars_style":"","ocean_both_sidebars_content_width":0,"ocean_both_sidebars_sidebars_width":0,"ocean_sidebar":"0","ocean_second_sidebar":"0","ocean_disable_margins":"enable","ocean_add_body_class":"","ocean_shortcode_before_top_bar":"","ocean_shortcode_after_top_bar":"","ocean_shortcode_before_header":"","ocean_shortcode_after_header":"","ocean_has_shortcode":"","ocean_shortcode_after_title":"","ocean_shortcode_before_footer_widgets":"","ocean_shortcode_after_footer_widgets":"","ocean_shortcode_before_footer_bottom":"","ocean_shortcode_after_footer_bottom":"","ocean_display_top_bar":"default","ocean_display_header":"default","ocean_header_style":"","ocean_center_header_left_menu":"0","ocean_custom_header_template":"0","ocean_custom_logo":0,"ocean_custom_retina_logo":0,"ocean_custom_logo_max_width":0,"ocean_custom_logo_tablet_max_width":0,"ocean_custom_logo_mobile_max_width":0,"ocean_custom_logo_max_height":0,"ocean_custom_logo_tablet_max_height":0,"ocean_custom_logo_mobile_max_height":0,"ocean_header_custom_menu":"0","ocean_menu_typo_font_family":"0","ocean_menu_typo_font_subset":"","ocean_menu_typo_font_size":0,"ocean_menu_typo_font_size_tablet":0,"ocean_menu_typo_font_size_mobile":0,"ocean_menu_typo_font_size_unit":"px","ocean_menu_typo_font_weight":"","ocean_menu_typo_font_weight_tablet":"","ocean_menu_typo_font_weight_mobile":"","ocean_menu_typo_transform":"","ocean_menu_typo_transform_tablet":"","ocean_menu_typo_transform_mobile":"","ocean_menu_typo_line_height":0,"ocean_menu_typo_line_height_tablet":0,"ocean_menu_typo_line_height_mobile":0,"ocean_menu_typo_line_height_unit":"","ocean_menu_typo_spacing":0,"ocean_menu_typo_spacing_tablet":0,"ocean_menu_typo_spacing_mobile":0,"ocean_menu_typo_spacing_unit":"","ocean_menu_link_color":"","ocean_menu_link_color_hover":"","ocean_menu_link_color_active":"","ocean_menu_link_background":"","ocean_menu_link_hover_background":"","ocean_menu_link_active_background":"","ocean_menu_social_links_bg":"","ocean_menu_social_hover_links_bg":"","ocean_menu_social_links_color":"","ocean_menu_social_hover_links_color":"","ocean_disable_title":"on","ocean_disable_heading":"default","ocean_post_title":"","ocean_post_subheading":"","ocean_post_title_style":"","ocean_post_title_background_color":"","ocean_post_title_background":0,"ocean_post_title_bg_image_position":"","ocean_post_title_bg_image_attachment":"","ocean_post_title_bg_image_repeat":"","ocean_post_title_bg_image_size":"","ocean_post_title_height":0,"ocean_post_title_bg_overlay":0.5,"ocean_post_title_bg_overlay_color":"","ocean_disable_breadcrumbs":"default","ocean_breadcrumbs_color":"","ocean_breadcrumbs_separator_color":"","ocean_breadcrumbs_links_color":"","ocean_breadcrumbs_links_hover_color":"","ocean_display_footer_widgets":"default","ocean_display_footer_bottom":"default","ocean_custom_footer_template":"0","footnotes":""},"class_list":["post-777","page","type-page","status-publish","hentry","entry"],"_links":{"self":[{"href":"https:\/\/glueck-wunsch.de\/testimonial46a\/wp-json\/wp\/v2\/pages\/777","targetHints":{"allow":["GET"]}}],"collection":[{"href":"https:\/\/glueck-wunsch.de\/testimonial46a\/wp-json\/wp\/v2\/pages"}],"about":[{"href":"https:\/\/glueck-wunsch.de\/testimonial46a\/wp-json\/wp\/v2\/types\/page"}],"author":[{"embeddable":true,"href":"https:\/\/glueck-wunsch.de\/testimonial46a\/wp-json\/wp\/v2\/users\/4"}],"replies":[{"embeddable":true,"href":"https:\/\/glueck-wunsch.de\/testimonial46a\/wp-json\/wp\/v2\/comments?post=777"}],"version-history":[{"count":56,"href":"https:\/\/glueck-wunsch.de\/testimonial46a\/wp-json\/wp\/v2\/pages\/777\/revisions"}],"predecessor-version":[{"id":2114,"href":"https:\/\/glueck-wunsch.de\/testimonial46a\/wp-json\/wp\/v2\/pages\/777\/revisions\/2114"}],"wp:attachment":[{"href":"https:\/\/glueck-wunsch.de\/testimonial46a\/wp-json\/wp\/v2\/media?parent=777"}],"curies":[{"name":"wp","href":"https:\/\/api.w.org\/{rel}","templated":true}]}}