{"id":1359,"date":"2020-04-03T08:17:56","date_gmt":"2020-04-03T08:17:56","guid":{"rendered":"https:\/\/glueck-wunsch.de\/testimonial474\/?page_id=1359"},"modified":"2023-11-27T13:46:49","modified_gmt":"2023-11-27T13:46:49","slug":"impressum","status":"publish","type":"page","link":"https:\/\/glueck-wunsch.de\/testimonial474\/impressum\/","title":{"rendered":"Impressum"},"content":{"rendered":"\n<div class=\"wp-block-uagb-container uagb-block-7f586300 alignfull uagb-is-root-container\"><div class=\"uagb-container-inner-blocks-wrap\">\n<div class=\"wp-block-uagb-container uagb-block-645ab526\">\n<h1 class=\"wp-block-heading\">impressum<\/h1>\n<\/div>\n<\/div><\/div>\n\n\n\n<section class=\"wp-block-uagb-container uagb-block-d779b317 alignfull uagb-is-root-container\"><div class=\"uagb-container-inner-blocks-wrap\">\n<div class=\"wp-block-uagb-container uagb-block-ec3c4256\">\n<p>CLARISSA LENZ | mut &amp; <em>machen<\/em><br>Arbeits \u2013 und Organisationspsychologin<br>L\u00f6hstra\u00dfe 41<br>51371 Leverkusen<\/p>\n\n\n\n<p>T: 0214 73487795<br>M: 0178 3594728<br><a href=\"mailto:info@clarissalenz.de\">info@clarissalenz.de<\/a><br>www.clarissalenz.de<\/p>\n\n\n\n<p>USt-IdNR: DE230\/5216\/1761<\/p>\n<\/div>\n\n\n\n<div class=\"wp-block-uagb-container uagb-block-4713aff6\"><\/div>\n<\/div><\/section>\n\n\n\n<div class=\"wp-block-uagb-container uagb-block-a63ca6bc alignfull uagb-is-root-container\"><div class=\"uagb-container-inner-blocks-wrap\">\n<div class=\"wp-block-uagb-container uagb-block-4b3c3e34\"><\/div>\n<\/div><\/div>\n\n\n\n<section class=\"wp-block-uagb-container uagb-block-56eeee60 alignfull uagb-is-root-container\"><div class=\"uagb-container-inner-blocks-wrap\">\n<h3 class=\"wp-block-heading\">ANGABEN ZUR BERUFSHAFTPFLICHTVERSICHERUNG<\/h3>\n\n\n\n<p>Name und Sitz des Versicherers:<br>Trainerversorgung e.V.<br>Hauptstr. 39<br>50996 K\u00f6ln<br>Telefon: +49 221 640003670<br>Telefax: +49 221 640003679<br>E-Mail: info@trainerversorgung-ev.org<br>Internet: www.trainerversorgung-ev.org<\/p>\n\n\n\n<p>Geltungsraum der Versicherung: Weltweit<\/p>\n\n\n\n<h3 class=\"wp-block-heading\">HAFTUNG F\u00dcR INHALTE<\/h3>\n\n\n\n<p>Als Diensteanbieter sind wir gem\u00e4\u00df \u00a7 7 Abs.1 TMG f\u00fcr eigene Inhalte auf diesen Seiten nach den allgemeinen Gesetzen verantwortlich. Nach \u00a7\u00a7 8 bis 10 TMG sind wir als Diensteanbieter jedoch nicht verpflichtet, \u00fcbermittelte oder gespeicherte fremde Informationen zu \u00fcberwachen oder nach Umst\u00e4nden zu forschen, die auf eine rechtswidrige T\u00e4tigkeit hinweisen. Verpflichtungen zur Entfernung oder Sperrung der Nutzung von Informationen nach den allgemeinen Gesetzen bleiben hiervon unber\u00fchrt. Eine diesbez\u00fcgliche Haftung ist jedoch erst ab dem Zeitpunkt der Kenntnis einer konkreten Rechtsverletzung m\u00f6glich. Bei Bekanntwerden von entsprechenden Rechtsverletzungen werden wir diese Inhalte umgehend entfernen.<\/p>\n\n\n\n<h3 class=\"wp-block-heading\">HAFTUNG F\u00dcR LINKS<\/h3>\n\n\n\n<p>Unser Angebot enth\u00e4lt Links zu externen Webseiten Dritter, auf deren Inhalte wir keinen Einfluss haben. Deshalb k\u00f6nnen wir f\u00fcr diese fremden Inhalte auch keine Gew\u00e4hr \u00fcbernehmen. F\u00fcr die Inhalte der verlinkten Seiten ist stets der jeweilige Anbieter oder Betreiber der Seiten verantwortlich. Die verlinkten Seiten wurden zum Zeitpunkt der Verlinkung auf m\u00f6gliche Rechtsverst\u00f6\u00dfe \u00fcberpr\u00fcft. Rechtswidrige Inhalte waren zum Zeitpunkt der Verlinkung nicht erkennbar. Eine permanente inhaltliche Kontrolle der verlinkten Seiten ist jedoch ohne konkrete Anhaltspunkte einer Rechtsverletzung nicht zumutbar. Bei Bekanntwerden von Rechtsverletzungen werden wir derartige Links umgehend entfernen.<\/p>\n\n\n\n<h3 class=\"wp-block-heading\">URHEBERRECHT<\/h3>\n\n\n\n<p>Die durch die Seitenbetreiber erstellten Inhalte und Werke auf diesen Seiten unterliegen dem deutschen Urheberrecht. Die Vervielf\u00e4ltigung, Bearbeitung, Verbreitung und jede Art der Verwertung au\u00dferhalb der Grenzen des Urheberrechtes bed\u00fcrfen der schriftlichen Zustimmung des jeweiligen Autors bzw. Erstellers. Downloads und Kopien dieser Seite sind nur f\u00fcr den privaten, nicht kommerziellen Gebrauch gestattet. Soweit die Inhalte auf dieser Seite nicht vom Betreiber erstellt wurden, werden die Urheberrechte Dritter beachtet. Insbesondere werden Inhalte Dritter als solche gekennzeichnet. Sollten Sie trotzdem auf eine Urheberrechtsverletzung aufmerksam werden, bitten wir um einen entsprechenden Hinweis. Bei Bekanntwerden von Rechtsverletzungen werden wir derartige Inhalte umgehend entfernen.<\/p>\n\n\n\n<h3 class=\"wp-block-heading\">BILDNACHWEISE<\/h3>\n\n\n\n<p>Clarissa Lenz (Home, \u00dcber) &amp; Nadine Reinicke (\u00dcber), Fotograf&nbsp;Uwe Schmitz, K\u00f6ln<br>Gesa Ernst (\u00dcber), Fotograf: \u00a9 Giersch, Leer<br>Wassertropfen \u201edew on a spider web\u201c (Home) \u00a9 adydyka2780 \/ Adobe Stock<br>Auftauchender Surfer (Home, Machen)&nbsp;\u00a9 subman \/ gettyimages<\/p>\n\n\n\n<p>Video Welle (Home)&nbsp;\u00a9 ActiveStock \/ POND5<\/p>\n\n\n\n<p>Ulrich Geissel<br>Ramona Franz<br>Anna M\u00f6llemann<\/p>\n<\/div><\/section>\n","protected":false},"excerpt":{"rendered":"<p>impressum CLARISSA LENZ | mut &amp; machenArbeits \u2013 und OrganisationspsychologinL\u00f6hstra\u00dfe 4151371 Leverkusen T: 0214 73487795M: 0178 3594728info@clarissalenz.dewww.clarissalenz.de USt-IdNR: DE230\/5216\/1761 ANGABEN ZUR BERUFSHAFTPFLICHTVERSICHERUNG Name und Sitz des Versicherers:Trainerversorgung e.V.Hauptstr. 3950996 K\u00f6lnTelefon: +49 221 640003670Telefax: +49 221 640003679E-Mail: info@trainerversorgung-ev.orgInternet: www.trainerversorgung-ev.org Geltungsraum der Versicherung: Weltweit HAFTUNG F\u00dcR INHALTE Als Diensteanbieter sind wir gem\u00e4\u00df \u00a7 7 Abs.1 TMG f\u00fcr [&hellip;]<\/p>\n","protected":false},"author":4,"featured_media":0,"parent":0,"menu_order":28,"comment_status":"closed","ping_status":"closed","template":"","meta":{"_coblocks_attr":"","_coblocks_dimensions":"","_coblocks_responsive_height":"","_coblocks_accordion_ie_support":"","_uag_custom_page_level_css":"","site-sidebar-layout":"default","site-content-layout":"default","ast-site-content-layout":"default","site-content-style":"default","site-sidebar-style":"default","ast-global-header-display":"","ast-banner-title-visibility":"","ast-main-header-display":"","ast-hfb-above-header-display":"","ast-hfb-below-header-display":"","ast-hfb-mobile-header-display":"","site-post-title":"","ast-breadcrumbs-content":"","ast-featured-img":"","footer-sml-layout":"","theme-transparent-header-meta":"default","adv-header-id-meta":"","stick-header-meta":"","header-above-stick-meta":"","header-main-stick-meta":"","header-below-stick-meta":"","astra-migrate-meta-layouts":"set","ast-page-background-enabled":"default","ast-page-background-meta":{"desktop":{"background-color":"","background-image":"","background-repeat":"repeat","background-position":"center center","background-size":"auto","background-attachment":"scroll","background-type":"","background-media":"","overlay-type":"","overlay-color":"","overlay-opacity":"","overlay-gradient":""},"tablet":{"background-color":"","background-image":"","background-repeat":"repeat","background-position":"center center","background-size":"auto","background-attachment":"scroll","background-type":"","background-media":"","overlay-type":"","overlay-color":"","overlay-opacity":"","overlay-gradient":""},"mobile":{"background-color":"","background-image":"","background-repeat":"repeat","background-position":"center center","background-size":"auto","background-attachment":"scroll","background-type":"","background-media":"","overlay-type":"","overlay-color":"","overlay-opacity":"","overlay-gradient":""}},"ast-content-background-meta":{"desktop":{"background-color":"var(--ast-global-color-5)","background-image":"","background-repeat":"repeat","background-position":"center center","background-size":"auto","background-attachment":"scroll","background-type":"","background-media":"","overlay-type":"","overlay-color":"","overlay-opacity":"","overlay-gradient":""},"tablet":{"background-color":"var(--ast-global-color-5)","background-image":"","background-repeat":"repeat","background-position":"center center","background-size":"auto","background-attachment":"scroll","background-type":"","background-media":"","overlay-type":"","overlay-color":"","overlay-opacity":"","overlay-gradient":""},"mobile":{"background-color":"var(--ast-global-color-5)","background-image":"","background-repeat":"repeat","background-position":"center center","background-size":"auto","background-attachment":"scroll","background-type":"","background-media":"","overlay-type":"","overlay-color":"","overlay-opacity":"","overlay-gradient":""}},"footnotes":""},"class_list":["post-1359","page","type-page","status-publish","hentry"],"uagb_featured_image_src":{"full":false,"thumbnail":false,"medium":false,"medium_large":false,"large":false,"1536x1536":false,"2048x2048":false},"uagb_author_info":{"display_name":"Nora Mieke","author_link":"https:\/\/glueck-wunsch.de\/testimonial474\/author\/admin-mieke\/"},"uagb_comment_info":0,"uagb_excerpt":"impressum CLARISSA LENZ | mut &amp; machenArbeits \u2013 und OrganisationspsychologinL\u00f6hstra\u00dfe 4151371 Leverkusen T: 0214 73487795M: 0178 3594728info@clarissalenz.dewww.clarissalenz.de USt-IdNR: DE230\/5216\/1761 ANGABEN ZUR BERUFSHAFTPFLICHTVERSICHERUNG Name und Sitz des Versicherers:Trainerversorgung e.V.Hauptstr. 3950996 K\u00f6lnTelefon: +49 221 640003670Telefax: +49 221 640003679E-Mail: info@trainerversorgung-ev.orgInternet: www.trainerversorgung-ev.org Geltungsraum der Versicherung: Weltweit HAFTUNG F\u00dcR INHALTE Als Diensteanbieter sind wir gem\u00e4\u00df \u00a7 7 Abs.1 TMG f\u00fcr&hellip;","_links":{"self":[{"href":"https:\/\/glueck-wunsch.de\/testimonial474\/wp-json\/wp\/v2\/pages\/1359","targetHints":{"allow":["GET"]}}],"collection":[{"href":"https:\/\/glueck-wunsch.de\/testimonial474\/wp-json\/wp\/v2\/pages"}],"about":[{"href":"https:\/\/glueck-wunsch.de\/testimonial474\/wp-json\/wp\/v2\/types\/page"}],"author":[{"embeddable":true,"href":"https:\/\/glueck-wunsch.de\/testimonial474\/wp-json\/wp\/v2\/users\/4"}],"replies":[{"embeddable":true,"href":"https:\/\/glueck-wunsch.de\/testimonial474\/wp-json\/wp\/v2\/comments?post=1359"}],"version-history":[{"count":47,"href":"https:\/\/glueck-wunsch.de\/testimonial474\/wp-json\/wp\/v2\/pages\/1359\/revisions"}],"predecessor-version":[{"id":7701,"href":"https:\/\/glueck-wunsch.de\/testimonial474\/wp-json\/wp\/v2\/pages\/1359\/revisions\/7701"}],"wp:attachment":[{"href":"https:\/\/glueck-wunsch.de\/testimonial474\/wp-json\/wp\/v2\/media?parent=1359"}],"curies":[{"name":"wp","href":"https:\/\/api.w.org\/{rel}","templated":true}]}}