{"id":5620,"date":"2023-05-18T16:14:18","date_gmt":"2023-05-18T16:14:18","guid":{"rendered":"https:\/\/glueck-wunsch.de\/testimonial474\/?page_id=5620"},"modified":"2026-02-01T10:27:16","modified_gmt":"2026-02-01T10:27:16","slug":"home-2023","status":"publish","type":"page","link":"https:\/\/glueck-wunsch.de\/testimonial474\/","title":{"rendered":"Home-2023"},"content":{"rendered":"\n<div class=\"wp-block-uagb-container uagb-block-54e5ddbf alignfull uagb-is-root-container\"><div class=\"uagb-container-inner-blocks-wrap\">\n<div class=\"wp-block-uagb-container uagb-block-936cae6d\">\n<div class=\"wp-block-uagb-info-box uagb-block-83715182 uagb-infobox__content-wrap  uagb-infobox-icon-above-title uagb-infobox-image-valign-top\"><div class=\"uagb-ifb-content\"><div class=\"uagb-ifb-title-wrap\"><p class=\"uagb-ifb-title-prefix\">Pragmatische Beratung &amp; Umsetzungsbegleitung<\/p><h1 class=\"uagb-ifb-title\">Wertsch\u00f6pfung im Mittelpunkt<\/h1><\/div><div class=\"uagb-ifb-separator\"><\/div><p class=\"uagb-ifb-desc\">Seit \u00fcber 20 Jahren begleite ich als externe Organisationsberaterin, Moderatorin und Coach Unternehmen. Mit einem klaren Blick von au\u00dfen identifiziere ich zentrale Hebel, um Strategien, Prozesse und Strukturen wirksam zu entwickeln und umzusetzen \u2013 mit dem Ziel, wertsch\u00f6pfendes Arbeiten zu erm\u00f6glichen.<\/p><div class=\"uagb-ifb-button-wrapper wp-block-button\"><a href=\"https:\/\/glueck-wunsch.de\/testimonial474\/angebot-2\/\" class=\"uagb-infobox-cta-link wp-block-button__link\" target=\"_self\" rel=\"noopener noreferrer\" onclick=\"return true;\"><span class=\"uagb-inline-editing\">Angebot<\/span><\/a><\/div><\/div><\/div>\n<\/div>\n\n\n\n<div class=\"wp-block-uagb-container uagb-block-015110c6\">\n<figure class=\"wp-block-image aligncenter size-full is-resized\"><img loading=\"lazy\" decoding=\"async\" width=\"600\" height=\"900\" src=\"https:\/\/glueck-wunsch.de\/testimonial474\/wp-content\/uploads\/2023\/11\/clarissa-lenz-steht-stabil-1.jpg\" alt=\"\" class=\"wp-image-7124\" style=\"width:500px\" srcset=\"https:\/\/glueck-wunsch.de\/testimonial474\/wp-content\/uploads\/2023\/11\/clarissa-lenz-steht-stabil-1.jpg 600w, https:\/\/glueck-wunsch.de\/testimonial474\/wp-content\/uploads\/2023\/11\/clarissa-lenz-steht-stabil-1-200x300.jpg 200w\" sizes=\"auto, (max-width: 600px) 100vw, 600px\" \/><\/figure>\n<\/div>\n<\/div><\/div>\n\n\n\n<div class=\"wp-block-uagb-container uagb-block-2d21f639 alignfull uagb-is-root-container\"><div class=\"uagb-container-inner-blocks-wrap\">\n<div class=\"wp-block-uagb-info-box uagb-block-eaf8b96c uagb-infobox__content-wrap  uagb-infobox-icon-above-title uagb-infobox-image-valign-top\"><div class=\"uagb-ifb-content\"><div class=\"uagb-ifb-title-wrap\"><span class=\"uagb-ifb-title-prefix\">Mein Angebot<\/span><h1 class=\"uagb-ifb-title\">Wirksame Hebel<\/h1><\/div><div class=\"uagb-ifb-separator\"><\/div><\/div><\/div>\n<\/div><\/div>\n\n\n\n<div class=\"wp-block-uagb-container uagb-block-da13ee0d alignfull uagb-is-root-container\"><div class=\"uagb-container-inner-blocks-wrap\">\n<div class=\"wp-block-uagb-container uagb-block-40237000\">\n<div class=\"wp-block-uagb-info-box uagb-block-d6637682 uagb-infobox__content-wrap  uagb-infobox_cta-type-all uagb-infobox-icon-above-title uagb-infobox-image-valign-top\"><a href=\"https:\/\/glueck-wunsch.de\/testimonial474\/begleitung\/\" class=\"uagb-infobox-link-wrap uagb-infbox__link-to-all\" target=\"_self\" aria-label=\"Infobox Link\" rel=\"noopener noreferrer\" onclick=\"return true;\"><\/a><div class=\"uagb-ifb-content\"><div class=\"uagb-ifb-image-content\"><img decoding=\"async\" src=\"https:\/\/glueck-wunsch.de\/testimonial474\/wp-content\/uploads\/2023\/11\/Kulturmuster.png\" alt=\"\" width=\"237\" height=\"198\" loading=\"lazy\"\/><\/div><div class=\"uagb-ifb-title-wrap\"><h2 class=\"uagb-ifb-title\">Prozessbegleitung<\/h2><\/div><div class=\"uagb-ifb-separator\"><\/div><p class=\"uagb-ifb-desc\">Klarheit schaffen. Ver\u00e4nderung gestalten. Umsetzung erm\u00f6glichen.<\/p><div class=\"uagb-ifb-button-wrapper wp-block-button\"><\/div><\/div><\/div>\n<\/div>\n\n\n\n<div class=\"wp-block-uagb-container uagb-block-e28f528b\">\n<div class=\"wp-block-uagb-info-box uagb-block-b7557aa2 uagb-infobox__content-wrap  uagb-infobox_cta-type-all uagb-infobox-icon-above-title uagb-infobox-image-valign-top\"><a href=\"https:\/\/glueck-wunsch.de\/testimonial474\/coaching\/\" class=\"uagb-infobox-link-wrap uagb-infbox__link-to-all\" target=\"_self\" aria-label=\"Infobox Link\" rel=\"noopener noreferrer\" onclick=\"return true;\"><\/a><div class=\"uagb-ifb-content\"><div class=\"uagb-ifb-image-content\"><img decoding=\"async\" src=\"https:\/\/glueck-wunsch.de\/testimonial474\/wp-content\/uploads\/2023\/11\/Vision.png\" alt=\"\" width=\"215\" height=\"204\" loading=\"lazy\"\/><\/div><div class=\"uagb-ifb-title-wrap\"><h2 class=\"uagb-ifb-title\">Moderation<\/h2><\/div><div class=\"uagb-ifb-separator\"><\/div><p class=\"uagb-ifb-desc\">Struktur f\u00fcr Dialog. Raum f\u00fcr Ergebnisse.<\/p><div class=\"uagb-ifb-button-wrapper wp-block-button\"><\/div><\/div><\/div>\n<\/div>\n<\/div><\/div>\n\n\n\n<div class=\"wp-block-uagb-container uagb-block-8bc7b04e alignfull uagb-is-root-container\"><div class=\"uagb-container-inner-blocks-wrap\">\n<div class=\"wp-block-uagb-container uagb-block-0860fa68\">\n<div class=\"wp-block-uagb-info-box uagb-block-35232809 uagb-infobox__content-wrap  uagb-infobox_cta-type-all uagb-infobox-icon-above-title uagb-infobox-image-valign-top\"><a href=\"https:\/\/glueck-wunsch.de\/testimonial474\/fuehrungskraefteschulung-ein-leadershipprogramm\/\" class=\"uagb-infobox-link-wrap uagb-infbox__link-to-all\" target=\"_self\" aria-label=\"Infobox Link\" rel=\"noopener noreferrer\" onclick=\"return true;\"><\/a><div class=\"uagb-ifb-content\"><div class=\"uagb-ifb-image-content\"><img decoding=\"async\" src=\"https:\/\/glueck-wunsch.de\/testimonial474\/wp-content\/uploads\/2023\/11\/Leadership_.png\" alt=\"\" width=\"215\" height=\"208\" loading=\"lazy\"\/><\/div><div class=\"uagb-ifb-title-wrap\"><h2 class=\"uagb-ifb-title\">Leadership<\/h2><\/div><div class=\"uagb-ifb-separator\"><\/div><p class=\"uagb-ifb-desc\">F\u00fchrung entwickeln. Zukunft gestalten.<\/p><div class=\"uagb-ifb-button-wrapper wp-block-button\"><\/div><\/div><\/div>\n<\/div>\n\n\n\n<div class=\"wp-block-uagb-container uagb-block-34de34eb\">\n<div class=\"wp-block-uagb-info-box uagb-block-3427d082 uagb-infobox__content-wrap  uagb-infobox_cta-type-all uagb-infobox-icon-above-title uagb-infobox-image-valign-top\"><a href=\"https:\/\/glueck-wunsch.de\/testimonial474\/workshops-moderation\/\" class=\"uagb-infobox-link-wrap uagb-infbox__link-to-all\" target=\"_self\" aria-label=\"Infobox Link\" rel=\"noopener noreferrer\" onclick=\"return true;\"><\/a><div class=\"uagb-ifb-content\"><div class=\"uagb-ifb-image-content\"><img decoding=\"async\" src=\"https:\/\/glueck-wunsch.de\/testimonial474\/wp-content\/uploads\/2023\/12\/Leadership_Self.png\" alt=\"\" width=\"215\" height=\"222\" loading=\"lazy\"\/><\/div><div class=\"uagb-ifb-title-wrap\"><h2 class=\"uagb-ifb-title\">Coaching &amp; Sparring<\/h2><\/div><div class=\"uagb-ifb-separator\"><\/div><p class=\"uagb-ifb-desc\">Handlungsf\u00e4higkeit erweitern. Perspektiven sch\u00e4rfen. Selbstf\u00fchrung st\u00e4rken.<\/p><div class=\"uagb-ifb-button-wrapper wp-block-button\"><\/div><\/div><\/div>\n<\/div>\n<\/div><\/div>\n\n\n\n<div class=\"wp-block-uagb-container uagb-block-b5ab4244 alignfull uagb-is-root-container\"><div class=\"uagb-container-inner-blocks-wrap\">\n<div class=\"wp-block-uagb-container uagb-block-5ccf2f31\">\n<div class=\"wp-block-uagb-info-box uagb-block-1f368fa8 uagb-infobox__content-wrap  uagb-infobox-icon-above-title uagb-infobox-image-valign-top\"><div class=\"uagb-ifb-content\"><div class=\"uagb-ifb-title-wrap\"><p class=\"uagb-ifb-title-prefix\">Pragmatische Organisationsentwicklung<\/p><h1 class=\"uagb-ifb-title\">Mit Klarheit und Fokus die Wertsch\u00f6fpfung im Blick<\/h1><\/div><div class=\"uagb-ifb-separator\"><\/div><\/div><\/div>\n<\/div>\n<\/div><\/div>\n\n\n\n<div class=\"wp-block-uagb-container uagb-block-3ad176fa alignfull uagb-is-root-container\"><div class=\"uagb-container-inner-blocks-wrap\">\n<div class=\"wp-block-uagb-container uagb-block-8df4aa4b\">\n<figure class=\"wp-block-image size-large\"><img loading=\"lazy\" decoding=\"async\" width=\"1024\" height=\"677\" src=\"https:\/\/glueck-wunsch.de\/testimonial474\/wp-content\/uploads\/2023\/11\/Clarissa-Analyse-Kreativ-ohne-rand-1024x677.jpg\" alt=\"\" class=\"wp-image-7312\" srcset=\"https:\/\/glueck-wunsch.de\/testimonial474\/wp-content\/uploads\/2023\/11\/Clarissa-Analyse-Kreativ-ohne-rand-1024x677.jpg 1024w, https:\/\/glueck-wunsch.de\/testimonial474\/wp-content\/uploads\/2023\/11\/Clarissa-Analyse-Kreativ-ohne-rand-300x198.jpg 300w, https:\/\/glueck-wunsch.de\/testimonial474\/wp-content\/uploads\/2023\/11\/Clarissa-Analyse-Kreativ-ohne-rand-768x508.jpg 768w, https:\/\/glueck-wunsch.de\/testimonial474\/wp-content\/uploads\/2023\/11\/Clarissa-Analyse-Kreativ-ohne-rand-1536x1015.jpg 1536w, https:\/\/glueck-wunsch.de\/testimonial474\/wp-content\/uploads\/2023\/11\/Clarissa-Analyse-Kreativ-ohne-rand-2048x1353.jpg 2048w\" sizes=\"auto, (max-width: 1024px) 100vw, 1024px\" \/><\/figure>\n<\/div>\n\n\n\n<div class=\"wp-block-uagb-container uagb-block-31f934e0\">\n<div class=\"wp-block-uagb-info-box uagb-block-f124d82d uagb-infobox__content-wrap  uagb-infobox-icon-above-title uagb-infobox-image-valign-top\"><div class=\"uagb-ifb-content\"><div class=\"uagb-ifb-title-wrap\"><p class=\"uagb-ifb-title-prefix\">mut &amp; machen<\/p><h1 class=\"uagb-ifb-title\">Clarissa Lenz <\/h1><\/div><div class=\"uagb-ifb-separator\"><\/div><p class=\"uagb-ifb-desc\">Mit mir entwickeln Menschen in Unternehmen Klarheit und gestalten neue Wege f\u00fcr mehr Flexibilit\u00e4t &amp; Wirksamkeit. <br>Nicht nur reden, sondern mutig &amp; konsequent ins Machen kommen. <\/p><div class=\"uagb-ifb-button-wrapper wp-block-button\"><a href=\"https:\/\/glueck-wunsch.de\/testimonial474\/ueber-mich\/\" class=\"uagb-infobox-cta-link wp-block-button__link\" target=\"_self\" rel=\"noopener noreferrer\" onclick=\"return true;\"><span class=\"uagb-inline-editing\">mehr lesen<\/span><\/a><\/div><\/div><\/div>\n<\/div>\n<\/div><\/div>\n\n\n\n<div class=\"wp-block-uagb-container uagb-block-2ffdaccf alignfull uagb-is-root-container\"><div class=\"uagb-container-inner-blocks-wrap\">\n<div class=\"wp-block-uagb-info-box uagb-block-1e84b1c7 uagb-infobox__content-wrap  uagb-infobox-icon-above-title uagb-infobox-image-valign-top\"><div class=\"uagb-ifb-content\"><div class=\"uagb-ifb-title-wrap\"><h2 class=\"uagb-ifb-title\">Pragmatische Beratung gibt&#8217;s hier<\/h2><\/div><div class=\"uagb-ifb-button-wrapper wp-block-button\"><a href=\"https:\/\/zeeg.me\/clarissalenz\" class=\"uagb-infobox-cta-link wp-block-button__link\" target=\"_blank\" rel=\"noopener noreferrer\" onclick=\"return true;\"><span class=\"uagb-inline-editing\">Termin vereinbaren!<\/span><\/a><\/div><\/div><\/div>\n<\/div><\/div>\n\n\n\n<p><\/p>\n","protected":false},"excerpt":{"rendered":"","protected":false},"author":4,"featured_media":5719,"parent":0,"menu_order":0,"comment_status":"closed","ping_status":"closed","template":"","meta":{"_coblocks_attr":"","_coblocks_dimensions":"","_coblocks_responsive_height":"","_coblocks_accordion_ie_support":"","_uag_custom_page_level_css":"","site-sidebar-layout":"default","site-content-layout":"","ast-site-content-layout":"default","site-content-style":"default","site-sidebar-style":"default","ast-global-header-display":"","ast-banner-title-visibility":"","ast-main-header-display":"","ast-hfb-above-header-display":"","ast-hfb-below-header-display":"","ast-hfb-mobile-header-display":"","site-post-title":"disabled","ast-breadcrumbs-content":"","ast-featured-img":"","footer-sml-layout":"","theme-transparent-header-meta":"","adv-header-id-meta":"","stick-header-meta":"","header-above-stick-meta":"","header-main-stick-meta":"","header-below-stick-meta":"","astra-migrate-meta-layouts":"set","ast-page-background-enabled":"default","ast-page-background-meta":{"desktop":{"background-color":"","background-image":"","background-repeat":"repeat","background-position":"center center","background-size":"auto","background-attachment":"scroll","background-type":"","background-media":"","overlay-type":"","overlay-color":"","overlay-opacity":"","overlay-gradient":""},"tablet":{"background-color":"","background-image":"","background-repeat":"repeat","background-position":"center center","background-size":"auto","background-attachment":"scroll","background-type":"","background-media":"","overlay-type":"","overlay-color":"","overlay-opacity":"","overlay-gradient":""},"mobile":{"background-color":"","background-image":"","background-repeat":"repeat","background-position":"center center","background-size":"auto","background-attachment":"scroll","background-type":"","background-media":"","overlay-type":"","overlay-color":"","overlay-opacity":"","overlay-gradient":""}},"ast-content-background-meta":{"desktop":{"background-color":"var(--ast-global-color-5)","background-image":"","background-repeat":"repeat","background-position":"center center","background-size":"auto","background-attachment":"scroll","background-type":"","background-media":"","overlay-type":"","overlay-color":"","overlay-opacity":"","overlay-gradient":""},"tablet":{"background-color":"var(--ast-global-color-5)","background-image":"","background-repeat":"repeat","background-position":"center center","background-size":"auto","background-attachment":"scroll","background-type":"","background-media":"","overlay-type":"","overlay-color":"","overlay-opacity":"","overlay-gradient":""},"mobile":{"background-color":"var(--ast-global-color-5)","background-image":"","background-repeat":"repeat","background-position":"center center","background-size":"auto","background-attachment":"scroll","background-type":"","background-media":"","overlay-type":"","overlay-color":"","overlay-opacity":"","overlay-gradient":""}},"footnotes":""},"class_list":["post-5620","page","type-page","status-publish","has-post-thumbnail","hentry"],"uagb_featured_image_src":{"full":["https:\/\/glueck-wunsch.de\/testimonial474\/wp-content\/uploads\/2023\/05\/USH_6464-Ret.jpeg",853,1280,false],"thumbnail":["https:\/\/glueck-wunsch.de\/testimonial474\/wp-content\/uploads\/2023\/05\/USH_6464-Ret-150x150.jpeg",150,150,true],"medium":["https:\/\/glueck-wunsch.de\/testimonial474\/wp-content\/uploads\/2023\/05\/USH_6464-Ret-200x300.jpeg",200,300,true],"medium_large":["https:\/\/glueck-wunsch.de\/testimonial474\/wp-content\/uploads\/2023\/05\/USH_6464-Ret-768x1152.jpeg",768,1152,true],"large":["https:\/\/glueck-wunsch.de\/testimonial474\/wp-content\/uploads\/2023\/05\/USH_6464-Ret-682x1024.jpeg",682,1024,true],"1536x1536":["https:\/\/glueck-wunsch.de\/testimonial474\/wp-content\/uploads\/2023\/05\/USH_6464-Ret.jpeg",853,1280,false],"2048x2048":["https:\/\/glueck-wunsch.de\/testimonial474\/wp-content\/uploads\/2023\/05\/USH_6464-Ret.jpeg",853,1280,false]},"uagb_author_info":{"display_name":"Nora Mieke","author_link":"https:\/\/glueck-wunsch.de\/testimonial474\/author\/admin-mieke\/"},"uagb_comment_info":0,"uagb_excerpt":null,"_links":{"self":[{"href":"https:\/\/glueck-wunsch.de\/testimonial474\/wp-json\/wp\/v2\/pages\/5620","targetHints":{"allow":["GET"]}}],"collection":[{"href":"https:\/\/glueck-wunsch.de\/testimonial474\/wp-json\/wp\/v2\/pages"}],"about":[{"href":"https:\/\/glueck-wunsch.de\/testimonial474\/wp-json\/wp\/v2\/types\/page"}],"author":[{"embeddable":true,"href":"https:\/\/glueck-wunsch.de\/testimonial474\/wp-json\/wp\/v2\/users\/4"}],"replies":[{"embeddable":true,"href":"https:\/\/glueck-wunsch.de\/testimonial474\/wp-json\/wp\/v2\/comments?post=5620"}],"version-history":[{"count":520,"href":"https:\/\/glueck-wunsch.de\/testimonial474\/wp-json\/wp\/v2\/pages\/5620\/revisions"}],"predecessor-version":[{"id":8120,"href":"https:\/\/glueck-wunsch.de\/testimonial474\/wp-json\/wp\/v2\/pages\/5620\/revisions\/8120"}],"wp:featuredmedia":[{"embeddable":true,"href":"https:\/\/glueck-wunsch.de\/testimonial474\/wp-json\/wp\/v2\/media\/5719"}],"wp:attachment":[{"href":"https:\/\/glueck-wunsch.de\/testimonial474\/wp-json\/wp\/v2\/media?parent=5620"}],"curies":[{"name":"wp","href":"https:\/\/api.w.org\/{rel}","templated":true}]}}