{"id":6467,"date":"2023-09-11T15:50:08","date_gmt":"2023-09-11T15:50:08","guid":{"rendered":"https:\/\/glueck-wunsch.de\/testimonial474\/?page_id=6467"},"modified":"2023-12-04T13:49:19","modified_gmt":"2023-12-04T13:49:19","slug":"angebot","status":"publish","type":"page","link":"https:\/\/glueck-wunsch.de\/testimonial474\/angebot\/","title":{"rendered":"Kulturmusteranalysen"},"content":{"rendered":"\n<div class=\"wp-block-uagb-container uagb-block-c613c000 alignfull uagb-is-root-container\"><div class=\"uagb-container-inner-blocks-wrap\">\n<div class=\"wp-block-uagb-container uagb-block-2860f48b\">\n<div class=\"wp-block-uagb-info-box uagb-block-9696f4e6 uagb-infobox__content-wrap  uagb-infobox-icon-above-title uagb-infobox-image-valign-top\"><div class=\"uagb-ifb-content\"><div class=\"uagb-ifb-title-wrap\"><p class=\"uagb-ifb-title-prefix\">Wie tickt es bei Ihnen?<\/p><h1 class=\"uagb-ifb-title\">Kultur- &amp; Struktur-Muster-Analysen<\/h1><\/div><div class=\"uagb-ifb-separator\"><\/div><p class=\"uagb-ifb-desc\">Sie haben einen 1a Transformationsprozess aufgesetzt und trotzdem funktioniert es nicht. Mitarbeitende sind \u00fcberfordert, genervt oder k\u00fcndigen sogar. Der neue Prozess ist eigentlich super, aber trotzdem h\u00e4lt sich Niemand dran. Jetzt kann man auf die Suche nach dem\/der Schuldigen gehen &#8211; oft bekomme ich dann auch eine Anfrage mit der \u00dcberschrift &#8222;Mach&#8216; unsere Mitarbeitende ver\u00e4nderungsbereiter&#8220;. Sch\u00f6ne Idee, aber das wird aus Erfahrung wenig bis gar keine Wirkung erzielen &#8230; <\/p><\/div><\/div>\n<\/div>\n\n\n\n<div class=\"wp-block-uagb-container uagb-block-4006a267\">\n<figure class=\"wp-block-image aligncenter size-full is-resized\"><img loading=\"lazy\" decoding=\"async\" width=\"643\" height=\"800\" src=\"https:\/\/glueck-wunsch.de\/testimonial474\/wp-content\/uploads\/2023\/11\/clarissa-lenz-steht-halb-1.jpeg\" alt=\"\" class=\"wp-image-7117\" style=\"width:479px;height:auto\" srcset=\"https:\/\/glueck-wunsch.de\/testimonial474\/wp-content\/uploads\/2023\/11\/clarissa-lenz-steht-halb-1.jpeg 643w, https:\/\/glueck-wunsch.de\/testimonial474\/wp-content\/uploads\/2023\/11\/clarissa-lenz-steht-halb-1-241x300.jpeg 241w\" sizes=\"auto, (max-width: 643px) 100vw, 643px\" \/><\/figure>\n<\/div>\n<\/div><\/div>\n\n\n\n<div class=\"wp-block-uagb-container uagb-block-c6500016 alignfull uagb-is-root-container\"><div class=\"uagb-container-inner-blocks-wrap\">\n<div class=\"wp-block-uagb-container uagb-block-fc5f3514\">\n<figure class=\"wp-block-image size-full has-custom-border is-style-rounded\"><img loading=\"lazy\" decoding=\"async\" width=\"450\" height=\"441\" src=\"https:\/\/glueck-wunsch.de\/testimonial474\/wp-content\/uploads\/2023\/11\/Hinterbuehne.png\" alt=\"\" class=\"wp-image-7524\" style=\"border-radius:25px\" srcset=\"https:\/\/glueck-wunsch.de\/testimonial474\/wp-content\/uploads\/2023\/11\/Hinterbuehne.png 450w, https:\/\/glueck-wunsch.de\/testimonial474\/wp-content\/uploads\/2023\/11\/Hinterbuehne-300x294.png 300w\" sizes=\"auto, (max-width: 450px) 100vw, 450px\" \/><\/figure>\n<\/div>\n\n\n\n<div class=\"wp-block-uagb-container uagb-block-0758d68e\">\n<div class=\"wp-block-uagb-info-box uagb-block-d8481a12 uagb-infobox__content-wrap  uagb-infobox-icon-above-title uagb-infobox-image-valign-top\"><div class=\"uagb-ifb-content\"><div class=\"uagb-ifb-title-wrap\"><p class=\"uagb-ifb-title-prefix\">Muster erkennen<\/p><h1 class=\"uagb-ifb-title\">Sinn im Unsinn finden<\/h1><\/div><div class=\"uagb-ifb-separator\"><\/div><p class=\"uagb-ifb-desc\">Im Rahmen einer Struktur- und Kulturmusteranalyse, geht es darum herauszufinden, warum sich die Mitarbeitenden in einem Unternehmen so verhalten wie sie es tun. Was auf der Vorderb\u00fchne &#8211; quasi im Rampenlicht passiert ist gut erkennbar. Was aber ist auf der Hinterb\u00fchne los? Was tun Mitarbeitende im Schatten, um die Organisation am Laufen zu halten? Was f\u00fchrt auf der Hinterb\u00fchne dazu, dass das, was gew\u00fcnscht ist, sich nicht umsetzen l\u00e4sst? <br>Das Resultat einer Struktur- und Kulturmusteranalyse ist auch hier: Klarheit. Und da wo Klarheit ist, kann \u00fcberlegt werden, was sinnvolle n\u00e4chste Schritte sind.<\/p><\/div><\/div>\n<\/div>\n<\/div><\/div>\n\n\n\n<div class=\"wp-block-uagb-container uagb-block-7d0dfe8f alignfull uagb-is-root-container\"><div class=\"uagb-container-inner-blocks-wrap\">\n<div class=\"wp-block-uagb-container uagb-block-2ffdaccf\">\n<div class=\"wp-block-uagb-info-box uagb-block-1e84b1c7 uagb-infobox__content-wrap  uagb-infobox-icon-above-title uagb-infobox-image-valign-top\"><div class=\"uagb-ifb-content\"><div class=\"uagb-ifb-title-wrap\"><h2 class=\"uagb-ifb-title\">Was braucht es f\u00fcr Sie?<\/h2><\/div><div class=\"uagb-ifb-button-wrapper wp-block-button\"><a href=\"https:\/\/www.terminland.de\/clarissalenz\/\" class=\"uagb-infobox-cta-link wp-block-button__link\" target=\"_blank\" rel=\"noopener noreferrer\" onclick=\"return true;\" alt=\"\"><span class=\"uagb-inline-editing\">machen!<\/span><\/a><\/div><\/div><\/div>\n<\/div>\n<\/div><\/div>\n\n\n\n<div class=\"wp-block-uagb-container uagb-block-2d21f639 alignfull uagb-is-root-container\"><div class=\"uagb-container-inner-blocks-wrap\">\n<div class=\"wp-block-uagb-info-box uagb-block-eaf8b96c uagb-infobox__content-wrap  uagb-infobox-icon-above-title uagb-infobox-image-valign-top\"><div class=\"uagb-ifb-content\"><div class=\"uagb-ifb-title-wrap\"><span class=\"uagb-ifb-title-prefix\">Wirklich Machen<\/span><h1 class=\"uagb-ifb-title\">Weitere Wirksame Hebel<\/h1><\/div><div class=\"uagb-ifb-separator\"><\/div><\/div><\/div>\n<\/div><\/div>\n\n\n\n<div class=\"wp-block-uagb-container uagb-block-da13ee0d alignfull uagb-is-root-container\"><div class=\"uagb-container-inner-blocks-wrap\">\n<div class=\"wp-block-uagb-container uagb-block-40237000\">\n<div class=\"wp-block-uagb-info-box uagb-block-d6637682 uagb-infobox__content-wrap  uagb-infobox_cta-type-all uagb-infobox-icon-above-title uagb-infobox-image-valign-top\"><a href=\"https:\/\/glueck-wunsch.de\/testimonial474\/begleitung\/\" class=\"uagb-infobox-link-wrap uagb-infbox__link-to-all\" target=\"_self\" aria-label=\"Infobox Link\" rel=\"noopener noreferrer\" onclick=\"return true;\"><\/a><div class=\"uagb-ifb-content\"><div class=\"uagb-ifb-image-content\"><img decoding=\"async\" src=\"https:\/\/glueck-wunsch.de\/testimonial474\/wp-content\/uploads\/2023\/11\/Organisationsdesign.png\" alt=\"\" width=\"289\" height=\"200\" loading=\"lazy\"\/><\/div><div class=\"uagb-ifb-title-wrap\"><h2 class=\"uagb-ifb-title\">Organisationsdesign<\/h2><\/div><div class=\"uagb-ifb-separator\"><\/div><p class=\"uagb-ifb-desc\">Beratung &amp; <br>Transformationsbegleitung<\/p><div class=\"uagb-ifb-button-wrapper wp-block-button\"><\/div><\/div><\/div>\n<\/div>\n\n\n\n<div class=\"wp-block-uagb-container uagb-block-e28f528b\">\n<div class=\"wp-block-uagb-info-box uagb-block-b7557aa2 uagb-infobox__content-wrap  uagb-infobox_cta-type-all uagb-infobox-icon-above-title uagb-infobox-image-valign-top\"><a href=\"https:\/\/glueck-wunsch.de\/testimonial474\/coaching\/\" class=\"uagb-infobox-link-wrap uagb-infbox__link-to-all\" target=\"_self\" aria-label=\"Infobox Link\" rel=\"noopener noreferrer\" onclick=\"return true;\"><\/a><div class=\"uagb-ifb-content\"><div class=\"uagb-ifb-image-content\"><img decoding=\"async\" src=\"https:\/\/glueck-wunsch.de\/testimonial474\/wp-content\/uploads\/2023\/11\/Coaching.png\" alt=\"\" width=\"215\" height=\"196\" loading=\"lazy\"\/><\/div><div class=\"uagb-ifb-title-wrap\"><h2 class=\"uagb-ifb-title\">Coaching &amp; Sparring<\/h2><\/div><div class=\"uagb-ifb-separator\"><\/div><p class=\"uagb-ifb-desc\">Coaching &amp; Sparring f\u00fcr <br>F\u00fchrungskr\u00e4fte<\/p><div class=\"uagb-ifb-button-wrapper wp-block-button\"><\/div><\/div><\/div>\n<\/div>\n<\/div><\/div>\n\n\n\n<div class=\"wp-block-uagb-container uagb-block-8bc7b04e alignfull uagb-is-root-container\"><div class=\"uagb-container-inner-blocks-wrap\">\n<div class=\"wp-block-uagb-container uagb-block-0860fa68\">\n<div class=\"wp-block-uagb-info-box uagb-block-35232809 uagb-infobox__content-wrap  uagb-infobox_cta-type-all uagb-infobox-icon-above-title uagb-infobox-image-valign-top\"><a href=\"https:\/\/glueck-wunsch.de\/testimonial474\/fuehrungskraefteschulung-ein-leadershipprogramm\/\" class=\"uagb-infobox-link-wrap uagb-infbox__link-to-all\" target=\"_self\" aria-label=\"Infobox Link\" rel=\"noopener noreferrer\" onclick=\"return true;\"><\/a><div class=\"uagb-ifb-content\"><div class=\"uagb-ifb-image-content\"><img decoding=\"async\" src=\"https:\/\/glueck-wunsch.de\/testimonial474\/wp-content\/uploads\/2023\/11\/Leadership_.png\" alt=\"\" width=\"215\" height=\"208\" loading=\"lazy\"\/><\/div><div class=\"uagb-ifb-title-wrap\"><h2 class=\"uagb-ifb-title\">Leadership<\/h2><\/div><div class=\"uagb-ifb-separator\"><\/div><p class=\"uagb-ifb-desc\">Self-\/Leadership<br>Programme<\/p><div class=\"uagb-ifb-button-wrapper wp-block-button\"><\/div><\/div><\/div>\n<\/div>\n\n\n\n<div class=\"wp-block-uagb-container uagb-block-34de34eb\">\n<div class=\"wp-block-uagb-info-box uagb-block-3427d082 uagb-infobox__content-wrap  uagb-infobox_cta-type-all uagb-infobox-icon-above-title uagb-infobox-image-valign-top\"><a href=\"https:\/\/glueck-wunsch.de\/testimonial474\/workshops-moderation\/\" class=\"uagb-infobox-link-wrap uagb-infbox__link-to-all\" target=\"_self\" aria-label=\"Infobox Link\" rel=\"noopener noreferrer\" onclick=\"return true;\"><\/a><div class=\"uagb-ifb-content\"><div class=\"uagb-ifb-image-content\"><img decoding=\"async\" src=\"https:\/\/glueck-wunsch.de\/testimonial474\/wp-content\/uploads\/2023\/11\/Vision.png\" alt=\"\" width=\"215\" height=\"204\" loading=\"lazy\"\/><\/div><div class=\"uagb-ifb-title-wrap\"><h2 class=\"uagb-ifb-title\">Vision &amp; Strategie<\/h2><\/div><div class=\"uagb-ifb-separator\"><\/div><p class=\"uagb-ifb-desc\">Mission-, Vision-, Strategie-<br>Entwicklung &amp; Umsetzung<\/p><div class=\"uagb-ifb-button-wrapper wp-block-button\"><\/div><\/div><\/div>\n<\/div>\n\n\n\n<div class=\"wp-block-uagb-container uagb-block-6d25b298\">\n<div class=\"wp-block-uagb-info-box uagb-block-7e2543e5 uagb-infobox__content-wrap  uagb-infobox_cta-type-all uagb-infobox-icon-above-title uagb-infobox-image-valign-top\"><a href=\"https:\/\/glueck-wunsch.de\/testimonial474\/teamentwicklung\/\" class=\"uagb-infobox-link-wrap uagb-infbox__link-to-all\" target=\"_self\" aria-label=\"Infobox Link\" rel=\"noopener noreferrer\" onclick=\"return true;\"><\/a><div class=\"uagb-ifb-content\"><div class=\"uagb-ifb-image-content\"><img decoding=\"async\" src=\"https:\/\/glueck-wunsch.de\/testimonial474\/wp-content\/uploads\/2023\/11\/Teamwork_-1.png\" alt=\"\" width=\"258\" height=\"194\" loading=\"lazy\"\/><\/div><div class=\"uagb-ifb-title-wrap\"><h2 class=\"uagb-ifb-title\">Teamentwicklung<\/h2><\/div><div class=\"uagb-ifb-separator\"><\/div><p class=\"uagb-ifb-desc\">Neue &amp; bestehende Teams <br>entwickeln<\/p><div class=\"uagb-ifb-button-wrapper wp-block-button\"><\/div><\/div><\/div>\n<\/div>\n<\/div><\/div>\n\n\n\n<div class=\"wp-block-uagb-container uagb-block-5eb5be98 alignfull uagb-is-root-container\"><div class=\"uagb-container-inner-blocks-wrap\">\n<div class=\"wp-block-uagb-container uagb-block-6bd925a0\">\n<div class=\"wp-block-uagb-info-box uagb-block-f4149524 uagb-infobox__content-wrap  uagb-infobox-icon-above-title uagb-infobox-image-valign-top\"><div class=\"uagb-ifb-content\"><div class=\"uagb-ifb-title-wrap\"><p class=\"uagb-ifb-title-prefix\">Regelm\u00e4\u00dfige Updates<\/p><h1 class=\"uagb-ifb-title\">NEWSLETTER<\/h1><\/div><div class=\"uagb-ifb-separator\"><\/div><\/div><\/div>\n\n\n\n<div class=\"wp-block-uagb-forms uagb-forms__outer-wrap uagb-block-08bf8aed uagb-forms__medium-btn\"><form class=\"uagb-forms-main-form\" method=\"post\" autocomplete=\"on\" name=\"uagb-form-08bf8aed\">\n<div class=\"wp-block-uagb-forms-name uagb-forms-name-wrap uagb-forms-field-set uagb-block-a060cca0\"><div class=\"uagb-forms-name-label required uagb-forms-input-label\" id=\"a060cca0\">Name<\/div><input type=\"text\" placeholder=\"Name\" required class=\"uagb-forms-name-input uagb-forms-input\" name=\"a060cca0\" autocomplete=\"name\"\/><\/div>\n\n\n\n<div class=\"wp-block-uagb-forms-email uagb-forms-email-wrap uagb-forms-field-set uagb-block-4ae59739\"><div class=\"uagb-forms-email-label required uagb-forms-input-label\" id=\"4ae59739\">Email<\/div><input type=\"email\" class=\"uagb-forms-email-input uagb-forms-input\" placeholder=\"E-Mail\" required name=\"4ae59739\" autocomplete=\"email\"\/><\/div>\n\n\n\n<div class=\"wp-block-uagb-forms-checkbox uagb-forms-checkbox-wrap uagb-forms-field-set uagb-block-9e07509a\"><div class=\"uagb-forms-checkbox-label required uagb-forms-input-label\" id=\"9e07509a\">Checkbox Title<\/div><input type=\"checkbox\" class=\"uagb-forms-checkbox\" id=\"checkbox-ich-stimme-den-datenschutzbestimmungen-zu-9e07509a\" name=\"Checkbox Title[]\" value=\"Ich stimme den Datenschutzbestimmungen  zu\" required\/><label for=\"checkbox-ich-stimme-den-datenschutzbestimmungen-zu-9e07509a\">Ich stimme den Datenschutzbestimmungen  zu<\/label><br\/><\/div>\n<div class=\"uagb-forms-form-hidden-data\"><input type=\"hidden\" class=\"uagb_forms_form_label\" value=\"Spectra Form\"\/><input type=\"hidden\" class=\"uagb_forms_form_id\" value=\"uagb-form-08bf8aed\"\/><\/div><div class=\"uagb-form-reacaptcha-error-08bf8aed\"><\/div><div class=\"uagb-forms-main-submit-button-wrap wp-block-button\"><button class=\"uagb-forms-main-submit-button wp-block-button__link\"><div class=\"uagb-forms-main-submit-button-text\">senden<\/div><\/button><\/div><\/form><div class=\"uagb-forms-success-message-08bf8aed uagb-forms-submit-message-hide\"><span>Ihr Eintrag war erfolgreich!<\/span><\/div><div class=\"uagb-forms-failed-message-08bf8aed uagb-forms-submit-message-hide\"><span>Leider gab es einen \u00dcbertragungsfehler. Bitte f\u00fcllen Sie die Felder noch einmal aus.<\/span><\/div><\/div>\n<\/div>\n\n\n\n<div class=\"wp-block-uagb-container uagb-block-52afa12d\"><\/div>\n<\/div><\/div>\n","protected":false},"excerpt":{"rendered":"","protected":false},"author":4,"featured_media":0,"parent":0,"menu_order":0,"comment_status":"closed","ping_status":"closed","template":"","meta":{"_coblocks_attr":"","_coblocks_dimensions":"","_coblocks_responsive_height":"","_coblocks_accordion_ie_support":"","_uag_custom_page_level_css":"","site-sidebar-layout":"default","site-content-layout":"","ast-site-content-layout":"default","site-content-style":"default","site-sidebar-style":"default","ast-global-header-display":"","ast-banner-title-visibility":"","ast-main-header-display":"","ast-hfb-above-header-display":"","ast-hfb-below-header-display":"","ast-hfb-mobile-header-display":"","site-post-title":"","ast-breadcrumbs-content":"","ast-featured-img":"","footer-sml-layout":"","theme-transparent-header-meta":"","adv-header-id-meta":"","stick-header-meta":"","header-above-stick-meta":"","header-main-stick-meta":"","header-below-stick-meta":"","astra-migrate-meta-layouts":"set","ast-page-background-enabled":"default","ast-page-background-meta":{"desktop":{"background-color":"","background-image":"","background-repeat":"repeat","background-position":"center center","background-size":"auto","background-attachment":"scroll","background-type":"","background-media":"","overlay-type":"","overlay-color":"","overlay-opacity":"","overlay-gradient":""},"tablet":{"background-color":"","background-image":"","background-repeat":"repeat","background-position":"center center","background-size":"auto","background-attachment":"scroll","background-type":"","background-media":"","overlay-type":"","overlay-color":"","overlay-opacity":"","overlay-gradient":""},"mobile":{"background-color":"","background-image":"","background-repeat":"repeat","background-position":"center center","background-size":"auto","background-attachment":"scroll","background-type":"","background-media":"","overlay-type":"","overlay-color":"","overlay-opacity":"","overlay-gradient":""}},"ast-content-background-meta":{"desktop":{"background-color":"var(--ast-global-color-5)","background-image":"","background-repeat":"repeat","background-position":"center center","background-size":"auto","background-attachment":"scroll","background-type":"","background-media":"","overlay-type":"","overlay-color":"","overlay-opacity":"","overlay-gradient":""},"tablet":{"background-color":"var(--ast-global-color-5)","background-image":"","background-repeat":"repeat","background-position":"center center","background-size":"auto","background-attachment":"scroll","background-type":"","background-media":"","overlay-type":"","overlay-color":"","overlay-opacity":"","overlay-gradient":""},"mobile":{"background-color":"var(--ast-global-color-5)","background-image":"","background-repeat":"repeat","background-position":"center center","background-size":"auto","background-attachment":"scroll","background-type":"","background-media":"","overlay-type":"","overlay-color":"","overlay-opacity":"","overlay-gradient":""}},"footnotes":""},"class_list":["post-6467","page","type-page","status-publish","hentry"],"uagb_featured_image_src":{"full":false,"thumbnail":false,"medium":false,"medium_large":false,"large":false,"1536x1536":false,"2048x2048":false},"uagb_author_info":{"display_name":"Nora Mieke","author_link":"https:\/\/glueck-wunsch.de\/testimonial474\/author\/admin-mieke\/"},"uagb_comment_info":0,"uagb_excerpt":null,"_links":{"self":[{"href":"https:\/\/glueck-wunsch.de\/testimonial474\/wp-json\/wp\/v2\/pages\/6467","targetHints":{"allow":["GET"]}}],"collection":[{"href":"https:\/\/glueck-wunsch.de\/testimonial474\/wp-json\/wp\/v2\/pages"}],"about":[{"href":"https:\/\/glueck-wunsch.de\/testimonial474\/wp-json\/wp\/v2\/types\/page"}],"author":[{"embeddable":true,"href":"https:\/\/glueck-wunsch.de\/testimonial474\/wp-json\/wp\/v2\/users\/4"}],"replies":[{"embeddable":true,"href":"https:\/\/glueck-wunsch.de\/testimonial474\/wp-json\/wp\/v2\/comments?post=6467"}],"version-history":[{"count":100,"href":"https:\/\/glueck-wunsch.de\/testimonial474\/wp-json\/wp\/v2\/pages\/6467\/revisions"}],"predecessor-version":[{"id":7894,"href":"https:\/\/glueck-wunsch.de\/testimonial474\/wp-json\/wp\/v2\/pages\/6467\/revisions\/7894"}],"wp:attachment":[{"href":"https:\/\/glueck-wunsch.de\/testimonial474\/wp-json\/wp\/v2\/media?parent=6467"}],"curies":[{"name":"wp","href":"https:\/\/api.w.org\/{rel}","templated":true}]}}