{"id":6580,"date":"2023-09-12T08:22:35","date_gmt":"2023-09-12T08:22:35","guid":{"rendered":"https:\/\/glueck-wunsch.de\/testimonial474\/?page_id=6580"},"modified":"2023-12-03T13:49:53","modified_gmt":"2023-12-03T13:49:53","slug":"begleitung","status":"publish","type":"page","link":"https:\/\/glueck-wunsch.de\/testimonial474\/begleitung\/","title":{"rendered":"Organisationsdesign"},"content":{"rendered":"\n<div class=\"wp-block-uagb-container uagb-block-f65b5544 alignfull uagb-is-root-container\"><div class=\"uagb-container-inner-blocks-wrap\">\n<div class=\"wp-block-uagb-container uagb-block-65289094\">\n<div class=\"wp-block-uagb-info-box uagb-block-6533e609 uagb-infobox__content-wrap  uagb-infobox-icon-above-title uagb-infobox-image-valign-top\"><div class=\"uagb-ifb-content\"><div class=\"uagb-ifb-title-wrap\"><h1 class=\"uagb-ifb-title\">Organisations Design &amp; <br>Transformations begleitung<\/h1><\/div><div class=\"uagb-ifb-separator\"><\/div><p class=\"uagb-ifb-desc\">Die Voraussetzung f\u00fcr eine erfolgreiche Wertsch\u00f6pfung sind Strukturen, die selbstverantwortliches Denken und Handeln von Mitarbeitenden \u00fcberhaupt zulassen.  Meistens ist es recht schwierig, den Stein umzudrehen, auf dem man steht. Da kann es sehr zielf\u00fchrend sein, eine erfahrene externe Organisationsgestalterin zu beauftragen, die gemeinsam mit Ihnen unter den Stein schaut. <\/p><\/div><\/div>\n<\/div>\n<\/div><\/div>\n\n\n\n<div class=\"wp-block-uagb-container uagb-block-c70a177f alignfull uagb-is-root-container\"><div class=\"uagb-container-inner-blocks-wrap\">\n<div class=\"wp-block-uagb-container uagb-block-4e682864\">\n<h2 class=\"wp-block-heading has-text-align-left\">Spiegel f\u00fcr Ihr Unternehmen<\/h2>\n\n\n\n<p>Yep, eigentlich geht es darum, L\u00f6sungen zu finden. Probleme gibt es schon genug, und jetzt kommt die oberste F\u00fchrungsriege zusammen und will L\u00f6sungen erarbeiten. Und h\u00e4ufig hei\u00dft es dann, wir m\u00fcssen agiler werden. Und auch wenn es furchtbar l\u00e4stig ist und man doch sowieso keine Zeit hat &#8211; es hilft nix. Ohne Problem, keine L\u00f6sung.<\/p>\n<\/div>\n\n\n\n<div class=\"wp-block-uagb-container uagb-block-6e159249 alignfull uagb-is-root-container\"><div class=\"uagb-container-inner-blocks-wrap\">\n<figure class=\"wp-block-image aligncenter size-full is-resized\"><img loading=\"lazy\" decoding=\"async\" width=\"790\" height=\"785\" src=\"https:\/\/glueck-wunsch.de\/testimonial474\/wp-content\/uploads\/2023\/11\/clarissa-lenz-steht.jpg\" alt=\"\" class=\"wp-image-6941\" style=\"width:533px;height:auto\" srcset=\"https:\/\/glueck-wunsch.de\/testimonial474\/wp-content\/uploads\/2023\/11\/clarissa-lenz-steht.jpg 790w, https:\/\/glueck-wunsch.de\/testimonial474\/wp-content\/uploads\/2023\/11\/clarissa-lenz-steht-300x298.jpg 300w, https:\/\/glueck-wunsch.de\/testimonial474\/wp-content\/uploads\/2023\/11\/clarissa-lenz-steht-150x150.jpg 150w, https:\/\/glueck-wunsch.de\/testimonial474\/wp-content\/uploads\/2023\/11\/clarissa-lenz-steht-768x763.jpg 768w\" sizes=\"auto, (max-width: 790px) 100vw, 790px\" \/><\/figure>\n<\/div><\/div>\n<\/div><\/div>\n\n\n\n<div class=\"wp-block-uagb-container uagb-block-47c3ea0d alignfull uagb-is-root-container\"><div class=\"uagb-container-inner-blocks-wrap\">\n<div class=\"wp-block-uagb-container uagb-block-508a143b\">\n<figure class=\"wp-block-image size-full is-resized\"><img loading=\"lazy\" decoding=\"async\" width=\"700\" height=\"672\" src=\"https:\/\/glueck-wunsch.de\/testimonial474\/wp-content\/uploads\/2023\/11\/Klarheit.png\" alt=\"\" class=\"wp-image-7425\" style=\"width:339px;height:auto\" srcset=\"https:\/\/glueck-wunsch.de\/testimonial474\/wp-content\/uploads\/2023\/11\/Klarheit.png 700w, https:\/\/glueck-wunsch.de\/testimonial474\/wp-content\/uploads\/2023\/11\/Klarheit-300x288.png 300w\" sizes=\"auto, (max-width: 700px) 100vw, 700px\" \/><\/figure>\n<\/div>\n\n\n\n<div class=\"wp-block-uagb-container uagb-block-61f8db7e\">\n<h2 class=\"wp-block-heading has-text-align-left\">Klarheit erm\u00f6glicht Zielgerichtetes Handeln<\/h2>\n\n\n\n<p>Transformationsbegleitung braucht es immer dann, wenn es darum geht, Vorgehensweisen auf den Kopf zu stellen. Wenn es darum geht, Silos aufzubrechen, weil in fr\u00fcheren Jahren ein streng hierarchischer Unternehmensaufbau gut funktioniert hat &#8211; was in einer immer schneller und unberechenbareren Welt an Grenzen st\u00f6\u00dft.<\/p>\n\n\n\n<p>Wenn Strukturen, die &#8222;historisch gewachsen&#8220; sind, neu gestaltet werden sollen. Wenn es um mehr Agilit\u00e4t oder Marktorientierung geht. Wenn Unternehmen mehr sinnvolle und wertsch\u00f6pfende Arbeit tun wollen, statt Mitarbeitende zu besch\u00e4ftigen &#8211; genau dann ist ein externer Blick notwendig.<\/p>\n\n\n\n<div class=\"wp-block-buttons is-content-justification-left is-layout-flex wp-container-core-buttons-is-layout-fc4fd283 wp-block-buttons-is-layout-flex\">\n<div class=\"wp-block-button\"><a class=\"wp-block-button__link has-text-align-center wp-element-button\" href=\"https:\/\/glueck-wunsch.de\/testimonial474\/contact\/\">Klarheit gew\u00fcnscht?<\/a><\/div>\n<\/div>\n<\/div>\n<\/div><\/div>\n\n\n\n<div class=\"wp-block-uagb-container uagb-block-c6500016 alignfull uagb-is-root-container\"><div class=\"uagb-container-inner-blocks-wrap\">\n<div class=\"wp-block-uagb-container uagb-block-fc5f3514\">\n<figure class=\"wp-block-image size-large has-custom-border is-style-rounded\"><img loading=\"lazy\" decoding=\"async\" width=\"1024\" height=\"644\" src=\"https:\/\/glueck-wunsch.de\/testimonial474\/wp-content\/uploads\/2023\/10\/Silos-1024x644.jpg\" alt=\"\" class=\"wp-image-6815\" style=\"border-radius:25px\" srcset=\"https:\/\/glueck-wunsch.de\/testimonial474\/wp-content\/uploads\/2023\/10\/Silos-1024x644.jpg 1024w, https:\/\/glueck-wunsch.de\/testimonial474\/wp-content\/uploads\/2023\/10\/Silos-300x189.jpg 300w, https:\/\/glueck-wunsch.de\/testimonial474\/wp-content\/uploads\/2023\/10\/Silos-768x483.jpg 768w, https:\/\/glueck-wunsch.de\/testimonial474\/wp-content\/uploads\/2023\/10\/Silos-1536x966.jpg 1536w, https:\/\/glueck-wunsch.de\/testimonial474\/wp-content\/uploads\/2023\/10\/Silos.jpg 1912w\" sizes=\"auto, (max-width: 1024px) 100vw, 1024px\" \/><\/figure>\n<\/div>\n\n\n\n<div class=\"wp-block-uagb-container uagb-block-0758d68e\">\n<div class=\"wp-block-uagb-info-box uagb-block-d8481a12 uagb-infobox__content-wrap  uagb-infobox-icon-above-title uagb-infobox-image-valign-top\"><div class=\"uagb-ifb-content\"><div class=\"uagb-ifb-title-wrap\"><p class=\"uagb-ifb-title-prefix\">M\u00f6glichkeiten erweitern<\/p><h1 class=\"uagb-ifb-title\">Echte Probleme l\u00f6sen<\/h1><\/div><div class=\"uagb-ifb-separator\"><\/div><p class=\"uagb-ifb-desc\">Irgendwie wissen Sie, dass es anders werden muss &#8211; hilft da ein Kicker im B\u00fcro oder die Abschaffung einer Hierarchie-Ebene? Am Anfang steht f\u00fcr mich immer die Suche nach dem echten Problem &#8230; Wenn XY die L\u00f6sung ist, was ist dann wirklich das Problem? <br>Ich biete Ihnen einen radikalen Blick auf Ihre Wertsch\u00f6pfung.<\/p><\/div><\/div>\n<\/div>\n<\/div><\/div>\n\n\n\n<div class=\"wp-block-uagb-container uagb-block-7d0dfe8f alignfull uagb-is-root-container\"><div class=\"uagb-container-inner-blocks-wrap\">\n<div class=\"wp-block-uagb-container uagb-block-2ffdaccf\">\n<div class=\"wp-block-uagb-info-box uagb-block-1e84b1c7 uagb-infobox__content-wrap  uagb-infobox-icon-above-title uagb-infobox-image-valign-top\"><div class=\"uagb-ifb-content\"><div class=\"uagb-ifb-title-wrap\"><h2 class=\"uagb-ifb-title\">Wirksame Transformation?<\/h2><\/div><div class=\"uagb-ifb-button-wrapper wp-block-button\"><a href=\"https:\/\/www.terminland.de\/clarissalenz\/\" class=\"uagb-infobox-cta-link wp-block-button__link\" target=\"_blank\" rel=\"noopener noreferrer\" onclick=\"return true;\" alt=\"\"><span class=\"uagb-inline-editing\">JA!<\/span><\/a><\/div><\/div><\/div>\n<\/div>\n<\/div><\/div>\n\n\n\n<div class=\"wp-block-uagb-container uagb-block-2d21f639 alignfull uagb-is-root-container\"><div class=\"uagb-container-inner-blocks-wrap\">\n<div class=\"wp-block-uagb-info-box uagb-block-eaf8b96c uagb-infobox__content-wrap  uagb-infobox-icon-above-title uagb-infobox-image-valign-top\"><div class=\"uagb-ifb-content\"><div class=\"uagb-ifb-title-wrap\"><span class=\"uagb-ifb-title-prefix\">Wirklich Machen<\/span><h1 class=\"uagb-ifb-title\">Weitere Wirksame Hebel<\/h1><\/div><div class=\"uagb-ifb-separator\"><\/div><\/div><\/div>\n<\/div><\/div>\n\n\n\n<div class=\"wp-block-uagb-container uagb-block-da13ee0d alignfull uagb-is-root-container\"><div class=\"uagb-container-inner-blocks-wrap\">\n<div class=\"wp-block-uagb-container uagb-block-e28f528b\">\n<div class=\"wp-block-uagb-info-box uagb-block-b7557aa2 uagb-infobox__content-wrap  uagb-infobox_cta-type-all uagb-infobox-icon-above-title uagb-infobox-image-valign-top\"><a href=\"https:\/\/glueck-wunsch.de\/testimonial474\/coaching\/\" class=\"uagb-infobox-link-wrap uagb-infbox__link-to-all\" target=\"_self\" aria-label=\"Infobox Link\" rel=\"noopener noreferrer\" onclick=\"return true;\"><\/a><div class=\"uagb-ifb-content\"><div class=\"uagb-ifb-image-content\"><img decoding=\"async\" src=\"https:\/\/glueck-wunsch.de\/testimonial474\/wp-content\/uploads\/2023\/11\/Coaching.png\" alt=\"\" width=\"215\" height=\"196\" loading=\"lazy\"\/><\/div><div class=\"uagb-ifb-title-wrap\"><h2 class=\"uagb-ifb-title\">Coaching &amp; Sparring<\/h2><\/div><div class=\"uagb-ifb-separator\"><\/div><p class=\"uagb-ifb-desc\">Coaching &amp; Sparring f\u00fcr <br>F\u00fchrungskr\u00e4fte<\/p><div class=\"uagb-ifb-button-wrapper wp-block-button\"><\/div><\/div><\/div>\n<\/div>\n\n\n\n<div class=\"wp-block-uagb-container uagb-block-5a30ab59\">\n<div class=\"wp-block-uagb-info-box uagb-block-2e15a317 uagb-infobox__content-wrap  uagb-infobox_cta-type-all uagb-infobox-icon-above-title uagb-infobox-image-valign-top\"><a href=\"https:\/\/glueck-wunsch.de\/testimonial474\/angebot\/\" class=\"uagb-infobox-link-wrap uagb-infbox__link-to-all\" target=\"_self\" aria-label=\"Infobox Link\" rel=\"noopener noreferrer\" onclick=\"return true;\"><\/a><div class=\"uagb-ifb-content\"><div class=\"uagb-ifb-image-content\"><img decoding=\"async\" src=\"https:\/\/glueck-wunsch.de\/testimonial474\/wp-content\/uploads\/2023\/11\/Kulturmuster.png\" alt=\"\" width=\"215\" height=\"179\" loading=\"lazy\"\/><\/div><div class=\"uagb-ifb-title-wrap\"><h2 class=\"uagb-ifb-title\">Kulturmuster<\/h2><\/div><div class=\"uagb-ifb-separator\"><\/div><p class=\"uagb-ifb-desc\">Kultur- und Strukturmuster<br>Analysen<\/p><div class=\"uagb-ifb-button-wrapper wp-block-button\"><\/div><\/div><\/div>\n<\/div>\n<\/div><\/div>\n\n\n\n<div class=\"wp-block-uagb-container uagb-block-8bc7b04e alignfull uagb-is-root-container\"><div class=\"uagb-container-inner-blocks-wrap\">\n<div class=\"wp-block-uagb-container uagb-block-0860fa68\">\n<div class=\"wp-block-uagb-info-box uagb-block-35232809 uagb-infobox__content-wrap  uagb-infobox_cta-type-all uagb-infobox-icon-above-title uagb-infobox-image-valign-top\"><a href=\"https:\/\/glueck-wunsch.de\/testimonial474\/fuehrungskraefteschulung-ein-leadershipprogramm\/\" class=\"uagb-infobox-link-wrap uagb-infbox__link-to-all\" target=\"_self\" aria-label=\"Infobox Link\" rel=\"noopener noreferrer\" onclick=\"return true;\"><\/a><div class=\"uagb-ifb-content\"><div class=\"uagb-ifb-image-content\"><img decoding=\"async\" src=\"https:\/\/glueck-wunsch.de\/testimonial474\/wp-content\/uploads\/2023\/11\/Leadership_.png\" alt=\"\" width=\"215\" height=\"208\" loading=\"lazy\"\/><\/div><div class=\"uagb-ifb-title-wrap\"><h2 class=\"uagb-ifb-title\">Leadership<\/h2><\/div><div class=\"uagb-ifb-separator\"><\/div><p class=\"uagb-ifb-desc\">Self-\/Leadership<br>Programme<\/p><div class=\"uagb-ifb-button-wrapper wp-block-button\"><\/div><\/div><\/div>\n<\/div>\n\n\n\n<div class=\"wp-block-uagb-container uagb-block-34de34eb\">\n<div class=\"wp-block-uagb-info-box uagb-block-3427d082 uagb-infobox__content-wrap  uagb-infobox_cta-type-all uagb-infobox-icon-above-title uagb-infobox-image-valign-top\"><a href=\"https:\/\/glueck-wunsch.de\/testimonial474\/workshops-moderation\/\" class=\"uagb-infobox-link-wrap uagb-infbox__link-to-all\" target=\"_self\" aria-label=\"Infobox Link\" rel=\"noopener noreferrer\" onclick=\"return true;\"><\/a><div class=\"uagb-ifb-content\"><div class=\"uagb-ifb-image-content\"><img decoding=\"async\" src=\"https:\/\/glueck-wunsch.de\/testimonial474\/wp-content\/uploads\/2023\/11\/Vision.png\" alt=\"\" width=\"215\" height=\"204\" loading=\"lazy\"\/><\/div><div class=\"uagb-ifb-title-wrap\"><h2 class=\"uagb-ifb-title\">Vision &amp; Strategie<\/h2><\/div><div class=\"uagb-ifb-separator\"><\/div><p class=\"uagb-ifb-desc\">Mission-, Vision-, Strategie-<br>Entwicklung &amp; Umsetzung<\/p><div class=\"uagb-ifb-button-wrapper wp-block-button\"><\/div><\/div><\/div>\n<\/div>\n\n\n\n<div class=\"wp-block-uagb-container uagb-block-6d25b298\">\n<div class=\"wp-block-uagb-info-box uagb-block-7e2543e5 uagb-infobox__content-wrap  uagb-infobox_cta-type-all uagb-infobox-icon-above-title uagb-infobox-image-valign-top\"><a href=\"https:\/\/glueck-wunsch.de\/testimonial474\/teamentwicklung\/\" class=\"uagb-infobox-link-wrap uagb-infbox__link-to-all\" target=\"_self\" aria-label=\"Infobox Link\" rel=\"noopener noreferrer\" onclick=\"return true;\"><\/a><div class=\"uagb-ifb-content\"><div class=\"uagb-ifb-image-content\"><img decoding=\"async\" src=\"https:\/\/glueck-wunsch.de\/testimonial474\/wp-content\/uploads\/2023\/11\/Teamwork_-1.png\" alt=\"\" width=\"260\" height=\"196\" loading=\"lazy\"\/><\/div><div class=\"uagb-ifb-title-wrap\"><h2 class=\"uagb-ifb-title\">Teamentwicklung<\/h2><\/div><div class=\"uagb-ifb-separator\"><\/div><p class=\"uagb-ifb-desc\">Neue &amp; bestehende Teams <br>entwickeln<\/p><div class=\"uagb-ifb-button-wrapper wp-block-button\"><\/div><\/div><\/div>\n<\/div>\n<\/div><\/div>\n","protected":false},"excerpt":{"rendered":"<p>Spiegel f\u00fcr Ihr Unternehmen Yep, eigentlich geht es darum, L\u00f6sungen zu finden. Probleme gibt es schon genug, und jetzt kommt die oberste F\u00fchrungsriege zusammen und will L\u00f6sungen erarbeiten. Und h\u00e4ufig hei\u00dft es dann, wir m\u00fcssen agiler werden. Und auch wenn es furchtbar l\u00e4stig ist und man doch sowieso keine Zeit hat &#8211; es hilft nix. [&hellip;]<\/p>\n","protected":false},"author":4,"featured_media":0,"parent":0,"menu_order":0,"comment_status":"closed","ping_status":"closed","template":"","meta":{"_coblocks_attr":"","_coblocks_dimensions":"","_coblocks_responsive_height":"","_coblocks_accordion_ie_support":"","_uag_custom_page_level_css":"","site-sidebar-layout":"default","site-content-layout":"","ast-site-content-layout":"default","site-content-style":"default","site-sidebar-style":"default","ast-global-header-display":"","ast-banner-title-visibility":"","ast-main-header-display":"","ast-hfb-above-header-display":"","ast-hfb-below-header-display":"","ast-hfb-mobile-header-display":"","site-post-title":"","ast-breadcrumbs-content":"","ast-featured-img":"","footer-sml-layout":"","theme-transparent-header-meta":"","adv-header-id-meta":"","stick-header-meta":"","header-above-stick-meta":"","header-main-stick-meta":"","header-below-stick-meta":"","astra-migrate-meta-layouts":"set","ast-page-background-enabled":"default","ast-page-background-meta":{"desktop":{"background-color":"","background-image":"","background-repeat":"repeat","background-position":"center center","background-size":"auto","background-attachment":"scroll","background-type":"","background-media":"","overlay-type":"","overlay-color":"","overlay-opacity":"","overlay-gradient":""},"tablet":{"background-color":"","background-image":"","background-repeat":"repeat","background-position":"center center","background-size":"auto","background-attachment":"scroll","background-type":"","background-media":"","overlay-type":"","overlay-color":"","overlay-opacity":"","overlay-gradient":""},"mobile":{"background-color":"","background-image":"","background-repeat":"repeat","background-position":"center center","background-size":"auto","background-attachment":"scroll","background-type":"","background-media":"","overlay-type":"","overlay-color":"","overlay-opacity":"","overlay-gradient":""}},"ast-content-background-meta":{"desktop":{"background-color":"var(--ast-global-color-5)","background-image":"","background-repeat":"repeat","background-position":"center center","background-size":"auto","background-attachment":"scroll","background-type":"","background-media":"","overlay-type":"","overlay-color":"","overlay-opacity":"","overlay-gradient":""},"tablet":{"background-color":"var(--ast-global-color-5)","background-image":"","background-repeat":"repeat","background-position":"center center","background-size":"auto","background-attachment":"scroll","background-type":"","background-media":"","overlay-type":"","overlay-color":"","overlay-opacity":"","overlay-gradient":""},"mobile":{"background-color":"var(--ast-global-color-5)","background-image":"","background-repeat":"repeat","background-position":"center center","background-size":"auto","background-attachment":"scroll","background-type":"","background-media":"","overlay-type":"","overlay-color":"","overlay-opacity":"","overlay-gradient":""}},"footnotes":""},"class_list":["post-6580","page","type-page","status-publish","hentry"],"uagb_featured_image_src":{"full":false,"thumbnail":false,"medium":false,"medium_large":false,"large":false,"1536x1536":false,"2048x2048":false},"uagb_author_info":{"display_name":"Nora Mieke","author_link":"https:\/\/glueck-wunsch.de\/testimonial474\/author\/admin-mieke\/"},"uagb_comment_info":0,"uagb_excerpt":"Spiegel f\u00fcr Ihr Unternehmen Yep, eigentlich geht es darum, L\u00f6sungen zu finden. Probleme gibt es schon genug, und jetzt kommt die oberste F\u00fchrungsriege zusammen und will L\u00f6sungen erarbeiten. Und h\u00e4ufig hei\u00dft es dann, wir m\u00fcssen agiler werden. Und auch wenn es furchtbar l\u00e4stig ist und man doch sowieso keine Zeit hat &#8211; es hilft nix.&hellip;","_links":{"self":[{"href":"https:\/\/glueck-wunsch.de\/testimonial474\/wp-json\/wp\/v2\/pages\/6580","targetHints":{"allow":["GET"]}}],"collection":[{"href":"https:\/\/glueck-wunsch.de\/testimonial474\/wp-json\/wp\/v2\/pages"}],"about":[{"href":"https:\/\/glueck-wunsch.de\/testimonial474\/wp-json\/wp\/v2\/types\/page"}],"author":[{"embeddable":true,"href":"https:\/\/glueck-wunsch.de\/testimonial474\/wp-json\/wp\/v2\/users\/4"}],"replies":[{"embeddable":true,"href":"https:\/\/glueck-wunsch.de\/testimonial474\/wp-json\/wp\/v2\/comments?post=6580"}],"version-history":[{"count":105,"href":"https:\/\/glueck-wunsch.de\/testimonial474\/wp-json\/wp\/v2\/pages\/6580\/revisions"}],"predecessor-version":[{"id":7830,"href":"https:\/\/glueck-wunsch.de\/testimonial474\/wp-json\/wp\/v2\/pages\/6580\/revisions\/7830"}],"wp:attachment":[{"href":"https:\/\/glueck-wunsch.de\/testimonial474\/wp-json\/wp\/v2\/media?parent=6580"}],"curies":[{"name":"wp","href":"https:\/\/api.w.org\/{rel}","templated":true}]}}