{"id":6984,"date":"2023-11-23T12:06:37","date_gmt":"2023-11-23T12:06:37","guid":{"rendered":"https:\/\/glueck-wunsch.de\/testimonial474\/?page_id=6984"},"modified":"2023-12-03T14:12:42","modified_gmt":"2023-12-03T14:12:42","slug":"netzwerkpartnerinnen","status":"publish","type":"page","link":"https:\/\/glueck-wunsch.de\/testimonial474\/netzwerkpartnerinnen\/","title":{"rendered":"Netzwerk"},"content":{"rendered":"\n<div class=\"wp-block-uagb-container uagb-block-e2ac182f alignfull uagb-is-root-container\"><div class=\"uagb-container-inner-blocks-wrap\">\n<div class=\"wp-block-uagb-container uagb-block-3ee8fbb9\">\n<div class=\"wp-block-uagb-info-box uagb-block-9696f4e6 uagb-infobox__content-wrap  uagb-infobox-icon-above-title uagb-infobox-image-valign-top\"><div class=\"uagb-ifb-content\"><div class=\"uagb-ifb-title-wrap\"><p class=\"uagb-ifb-title-prefix\">Potential<\/p><h1 class=\"uagb-ifb-title\">Netzwerk<\/h1><\/div><div class=\"uagb-ifb-separator\"><\/div><\/div><\/div>\n\n\n\n<p>In komplexen Projekten ist es sinnvoll, mit Kolleginnen oder Kollegen zusammenzuarbeiten. <br>Mit allen aufgef\u00fchrten Menschen verbindet mich eine langj\u00e4hrige Expertise<\/p>\n<\/div>\n<\/div><\/div>\n\n\n\n<div class=\"wp-block-uagb-container uagb-block-7d0dfe8f alignfull uagb-is-root-container\"><div class=\"uagb-container-inner-blocks-wrap\">\n<div class=\"wp-block-uagb-container uagb-block-2ffdaccf\">\n<div class=\"wp-block-uagb-info-box uagb-block-1e84b1c7 uagb-infobox__content-wrap  uagb-infobox-icon-above-title uagb-infobox-image-valign-top\"><div class=\"uagb-ifb-content\"><div class=\"uagb-ifb-image-content\"><img decoding=\"async\" src=\"https:\/\/glueck-wunsch.de\/testimonial474\/wp-content\/uploads\/2023\/11\/Ulrich-Geissel-1.jpg\" alt=\"\" width=\"300\" height=\"249\" loading=\"lazy\"\/><\/div><div class=\"uagb-ifb-title-wrap\"><span class=\"uagb-ifb-title-prefix\">Wirtschaftspsychologe <\/span><h2 class=\"uagb-ifb-title\">Ulrich Geissel<\/h2><\/div><div class=\"uagb-ifb-separator\"><\/div><p class=\"uagb-ifb-desc\">erfrischend-humorvoll \u2022 ernsthaft-wirksam<br>Konzepte zu Personal-F\u00fchrungs- &amp; Teamentwicklungen. Als Wirtschaftspsychologe liegt mein Fokus auf dem menschlichen Aspekt bei Ver\u00e4nderungen und Changeprojekten in Organisationen.<\/p><\/div><\/div>\n<\/div>\n\n\n\n<div class=\"wp-block-uagb-container uagb-block-e364208f\">\n<div class=\"wp-block-uagb-info-box uagb-block-44b72c64 uagb-infobox__content-wrap  uagb-infobox-icon-above-title uagb-infobox-image-valign-top\"><div class=\"uagb-ifb-content\"><div class=\"uagb-ifb-image-content\"><img decoding=\"async\" src=\"https:\/\/glueck-wunsch.de\/testimonial474\/wp-content\/uploads\/2023\/11\/Bettina-Hafner-1.jpg\" alt=\"\" width=\"300\" height=\"248\" loading=\"lazy\"\/><\/div><div class=\"uagb-ifb-title-wrap\"><span class=\"uagb-ifb-title-prefix\">Arbeits- &amp; Organisationspsychologin<\/span><h2 class=\"uagb-ifb-title\">Bettina Hafner<\/h2><\/div><div class=\"uagb-ifb-separator\"><\/div><p class=\"uagb-ifb-desc\">inspirierend-erfahren \u2022 strategisch-pragmatisch<br><strong>S<\/strong>eit \u00fcber zwanzig Jahren begleite ich Teams und Einzelpersonen in Beratungen, Workshops und Coachings \u2013 als Fachfrau f\u00fcr Kommunikation und als systemische Beraterin, in unterschiedlichen Branchen.&nbsp;<\/p><\/div><\/div>\n<\/div>\n<\/div><\/div>\n\n\n\n<div class=\"wp-block-uagb-container uagb-block-bb97063b alignfull uagb-is-root-container\"><div class=\"uagb-container-inner-blocks-wrap\">\n<div class=\"wp-block-uagb-container uagb-block-f84ad3b6\">\n<div class=\"wp-block-uagb-info-box uagb-block-f5178236 uagb-infobox__content-wrap  uagb-infobox-icon-above-title uagb-infobox-image-valign-top\"><div class=\"uagb-ifb-content\"><div class=\"uagb-ifb-image-content\"><img decoding=\"async\" src=\"https:\/\/glueck-wunsch.de\/testimonial474\/wp-content\/uploads\/2023\/11\/Andreike-theis-1.jpeg\" alt=\"\" width=\"300\" height=\"251\" loading=\"lazy\"\/><\/div><div class=\"uagb-ifb-title-wrap\"><span class=\"uagb-ifb-title-prefix\">Diplom Psychologin<\/span><h2 class=\"uagb-ifb-title\">Andreike Theis<\/h2><\/div><div class=\"uagb-ifb-separator\"><\/div><p class=\"uagb-ifb-desc\">fokussiert \u2022 unternehmerisch \u2022 menschlich<br>In Zeiten des stetigen Wandels unterst\u00fctze ich Sie gerne mit ma\u00dfgeschneiderten L\u00f6sungen in den Bereichen Change Management und F\u00fchrungskr\u00e4fteentwicklung f\u00fcr Ihren Erfolg.<br><br><\/p><\/div><\/div>\n<\/div>\n\n\n\n<div class=\"wp-block-uagb-container uagb-block-42eae04a\">\n<div class=\"wp-block-uagb-info-box uagb-block-b724ed6d uagb-infobox__content-wrap  uagb-infobox-icon-above-title uagb-infobox-image-valign-top\"><div class=\"uagb-ifb-content\"><div class=\"uagb-ifb-image-content\"><img decoding=\"async\" src=\"https:\/\/glueck-wunsch.de\/testimonial474\/wp-content\/uploads\/2023\/11\/Barbara-Beyer.jpg\" alt=\"\" width=\"300\" height=\"243\" loading=\"lazy\"\/><\/div><div class=\"uagb-ifb-title-wrap\"><span class=\"uagb-ifb-title-prefix\">Transaktionsanalytikerin &amp; Organisationsgestalterin<\/span><h2 class=\"uagb-ifb-title\">Barbara Beyer<\/h2><\/div><div class=\"uagb-ifb-separator\"><\/div><p class=\"uagb-ifb-desc\">inspiriert \u2022 kreativ \u2022 mutig<br>Ich liebe es, Menschen und Organisationen dazu zu inspirieren, auf Spurensuche zu gehen. Mir geht es darum, Probleme und deren Ursachen tats\u00e4chlich zu verstehen und nicht nur die Seerose an der Oberfl\u00e4che zu verschieben. <\/p><\/div><\/div>\n<\/div>\n<\/div><\/div>\n\n\n\n<div class=\"wp-block-uagb-container uagb-block-6f76c19d alignfull uagb-is-root-container\"><div class=\"uagb-container-inner-blocks-wrap\">\n<div class=\"wp-block-uagb-container uagb-block-16ff2ea4\">\n<div class=\"wp-block-uagb-info-box uagb-block-efa9813f uagb-infobox__content-wrap  uagb-infobox-icon-above-title uagb-infobox-image-valign-top\"><div class=\"uagb-ifb-content\"><div class=\"uagb-ifb-image-content\"><img decoding=\"async\" src=\"https:\/\/glueck-wunsch.de\/testimonial474\/wp-content\/uploads\/2023\/11\/Nikola-Heidrich.png\" alt=\"\" width=\"285\" height=\"261\" loading=\"lazy\"\/><\/div><div class=\"uagb-ifb-title-wrap\"><span class=\"uagb-ifb-title-prefix\">Diplom Psychologin<\/span><h2 class=\"uagb-ifb-title\">Nikola Heidrich<\/h2><\/div><div class=\"uagb-ifb-separator\"><\/div><p class=\"uagb-ifb-desc\">pragmatisch \u2022 international <br>Globales virtuelles Leadership ist meine Passion. Ich unterst\u00fctze internationale Organisationen in der Entwicklung einer virtuellen Kooperationskultur. <br><br><\/p><\/div><\/div>\n<\/div>\n\n\n\n<div class=\"wp-block-uagb-container uagb-block-8040e4e5\">\n<div class=\"wp-block-uagb-info-box uagb-block-48fd4248 uagb-infobox__content-wrap  uagb-infobox-icon-above-title uagb-infobox-image-valign-top\"><div class=\"uagb-ifb-content\"><div class=\"uagb-ifb-image-content\"><img decoding=\"async\" src=\"https:\/\/glueck-wunsch.de\/testimonial474\/wp-content\/uploads\/2023\/11\/Tristan-Meisch.jpeg\" alt=\"\" width=\"300\" height=\"248\" loading=\"lazy\"\/><\/div><div class=\"uagb-ifb-title-wrap\"><span class=\"uagb-ifb-title-prefix\">Diplom Kaufmann<\/span><h2 class=\"uagb-ifb-title\">Tristan Meisch<\/h2><\/div><div class=\"uagb-ifb-separator\"><\/div><p class=\"uagb-ifb-desc\">klar \u2022 sinnvoll \u2022 wirksam<br>Ein wesentliches Anliegen ist mir generell der klare und aufrichtige Kontakt zu Kunden sowie der Fokus auf sinnvolle und sinnstiftende Projekte, die auch erfolgreich umgesetzt werden.<\/p><\/div><\/div>\n<\/div>\n<\/div><\/div>\n","protected":false},"excerpt":{"rendered":"<p>In komplexen Projekten ist es sinnvoll, mit Kolleginnen oder Kollegen zusammenzuarbeiten. Mit allen aufgef\u00fchrten Menschen verbindet mich eine langj\u00e4hrige Expertise<\/p>\n","protected":false},"author":4,"featured_media":0,"parent":0,"menu_order":0,"comment_status":"closed","ping_status":"closed","template":"","meta":{"_coblocks_attr":"","_coblocks_dimensions":"","_coblocks_responsive_height":"","_coblocks_accordion_ie_support":"","_uag_custom_page_level_css":"","site-sidebar-layout":"default","site-content-layout":"","ast-site-content-layout":"default","site-content-style":"default","site-sidebar-style":"default","ast-global-header-display":"","ast-banner-title-visibility":"","ast-main-header-display":"","ast-hfb-above-header-display":"","ast-hfb-below-header-display":"","ast-hfb-mobile-header-display":"","site-post-title":"","ast-breadcrumbs-content":"","ast-featured-img":"","footer-sml-layout":"","theme-transparent-header-meta":"","adv-header-id-meta":"","stick-header-meta":"","header-above-stick-meta":"","header-main-stick-meta":"","header-below-stick-meta":"","astra-migrate-meta-layouts":"set","ast-page-background-enabled":"default","ast-page-background-meta":{"desktop":{"background-color":"","background-image":"","background-repeat":"repeat","background-position":"center center","background-size":"auto","background-attachment":"scroll","background-type":"","background-media":"","overlay-type":"","overlay-color":"","overlay-opacity":"","overlay-gradient":""},"tablet":{"background-color":"","background-image":"","background-repeat":"repeat","background-position":"center center","background-size":"auto","background-attachment":"scroll","background-type":"","background-media":"","overlay-type":"","overlay-color":"","overlay-opacity":"","overlay-gradient":""},"mobile":{"background-color":"","background-image":"","background-repeat":"repeat","background-position":"center center","background-size":"auto","background-attachment":"scroll","background-type":"","background-media":"","overlay-type":"","overlay-color":"","overlay-opacity":"","overlay-gradient":""}},"ast-content-background-meta":{"desktop":{"background-color":"var(--ast-global-color-5)","background-image":"","background-repeat":"repeat","background-position":"center center","background-size":"auto","background-attachment":"scroll","background-type":"","background-media":"","overlay-type":"","overlay-color":"","overlay-opacity":"","overlay-gradient":""},"tablet":{"background-color":"var(--ast-global-color-5)","background-image":"","background-repeat":"repeat","background-position":"center center","background-size":"auto","background-attachment":"scroll","background-type":"","background-media":"","overlay-type":"","overlay-color":"","overlay-opacity":"","overlay-gradient":""},"mobile":{"background-color":"var(--ast-global-color-5)","background-image":"","background-repeat":"repeat","background-position":"center center","background-size":"auto","background-attachment":"scroll","background-type":"","background-media":"","overlay-type":"","overlay-color":"","overlay-opacity":"","overlay-gradient":""}},"footnotes":""},"class_list":["post-6984","page","type-page","status-publish","hentry"],"uagb_featured_image_src":{"full":false,"thumbnail":false,"medium":false,"medium_large":false,"large":false,"1536x1536":false,"2048x2048":false},"uagb_author_info":{"display_name":"Nora Mieke","author_link":"https:\/\/glueck-wunsch.de\/testimonial474\/author\/admin-mieke\/"},"uagb_comment_info":0,"uagb_excerpt":"In komplexen Projekten ist es sinnvoll, mit Kolleginnen oder Kollegen zusammenzuarbeiten. Mit allen aufgef\u00fchrten Menschen verbindet mich eine langj\u00e4hrige Expertise","_links":{"self":[{"href":"https:\/\/glueck-wunsch.de\/testimonial474\/wp-json\/wp\/v2\/pages\/6984","targetHints":{"allow":["GET"]}}],"collection":[{"href":"https:\/\/glueck-wunsch.de\/testimonial474\/wp-json\/wp\/v2\/pages"}],"about":[{"href":"https:\/\/glueck-wunsch.de\/testimonial474\/wp-json\/wp\/v2\/types\/page"}],"author":[{"embeddable":true,"href":"https:\/\/glueck-wunsch.de\/testimonial474\/wp-json\/wp\/v2\/users\/4"}],"replies":[{"embeddable":true,"href":"https:\/\/glueck-wunsch.de\/testimonial474\/wp-json\/wp\/v2\/comments?post=6984"}],"version-history":[{"count":43,"href":"https:\/\/glueck-wunsch.de\/testimonial474\/wp-json\/wp\/v2\/pages\/6984\/revisions"}],"predecessor-version":[{"id":7850,"href":"https:\/\/glueck-wunsch.de\/testimonial474\/wp-json\/wp\/v2\/pages\/6984\/revisions\/7850"}],"wp:attachment":[{"href":"https:\/\/glueck-wunsch.de\/testimonial474\/wp-json\/wp\/v2\/media?parent=6984"}],"curies":[{"name":"wp","href":"https:\/\/api.w.org\/{rel}","templated":true}]}}