{"id":7275,"date":"2023-11-24T22:05:58","date_gmt":"2023-11-24T22:05:58","guid":{"rendered":"https:\/\/glueck-wunsch.de\/testimonial474\/?page_id=7275"},"modified":"2023-12-05T08:46:51","modified_gmt":"2023-12-05T08:46:51","slug":"angebot-2","status":"publish","type":"page","link":"https:\/\/glueck-wunsch.de\/testimonial474\/angebot-2\/","title":{"rendered":"Angebot"},"content":{"rendered":"\n<div class=\"wp-block-uagb-container uagb-block-41811f84 alignfull uagb-is-root-container\"><div class=\"uagb-container-inner-blocks-wrap\">\n<div class=\"wp-block-uagb-container uagb-block-1dbcf396\">\n<div class=\"wp-block-uagb-info-box uagb-block-ef2dbd35 uagb-infobox__content-wrap  uagb-infobox-icon-above-title uagb-infobox-image-valign-top\"><div class=\"uagb-ifb-content\"><div class=\"uagb-ifb-title-wrap\"><p class=\"uagb-ifb-title-prefix\">Pragmatisches Organisationsdesign<\/p><h1 class=\"uagb-ifb-title\">Radikale WErtsch\u00f6pfung<\/h1><\/div><div class=\"uagb-ifb-separator\"><\/div><p class=\"uagb-ifb-desc\">Menschen wollen wertsch\u00f6pfend &#8211; sinnhaft arbeiten und nicht nur besch\u00e4ftigt werden. <br>Menschen wollen selbstverantwortlich arbeiten und mitgestalten. Daf\u00fcr braucht es moderne Konzepte und ein pragmatisches Organisationsdesign, also einen Rahmen f\u00fcr Menschen, in dem vernetztes selbstverantwortliches Arbeiten stattfinden kann. <br>Das bedeutet ein radikales Hinterfragen von aktuellen Strukturen und Managementtechniken, damit die Menschen in Ihrer Organisation wirklich wertsch\u00f6pfend arbeiten k\u00f6nnen.<\/p><\/div><\/div>\n<\/div>\n\n\n\n<div class=\"wp-block-uagb-container uagb-block-804a3a31\">\n<figure class=\"wp-block-image aligncenter size-full is-resized\"><img loading=\"lazy\" decoding=\"async\" width=\"780\" height=\"988\" src=\"https:\/\/glueck-wunsch.de\/testimonial474\/wp-content\/uploads\/2023\/12\/clarissa-lenz-ueberlegend-schmal.jpg\" alt=\"Clarissa Lenz\" class=\"wp-image-7934\" style=\"width:537px;height:auto\" srcset=\"https:\/\/glueck-wunsch.de\/testimonial474\/wp-content\/uploads\/2023\/12\/clarissa-lenz-ueberlegend-schmal.jpg 780w, https:\/\/glueck-wunsch.de\/testimonial474\/wp-content\/uploads\/2023\/12\/clarissa-lenz-ueberlegend-schmal-237x300.jpg 237w, https:\/\/glueck-wunsch.de\/testimonial474\/wp-content\/uploads\/2023\/12\/clarissa-lenz-ueberlegend-schmal-768x973.jpg 768w\" sizes=\"auto, (max-width: 780px) 100vw, 780px\" \/><\/figure>\n<\/div>\n<\/div><\/div>\n\n\n\n<div class=\"wp-block-uagb-container uagb-block-2d21f639 alignfull uagb-is-root-container\"><div class=\"uagb-container-inner-blocks-wrap\">\n<div class=\"wp-block-uagb-info-box uagb-block-eaf8b96c uagb-infobox__content-wrap  uagb-infobox-icon-above-title uagb-infobox-image-valign-top\"><div class=\"uagb-ifb-content\"><div class=\"uagb-ifb-title-wrap\"><span class=\"uagb-ifb-title-prefix\">Wirklich Machen<\/span><h1 class=\"uagb-ifb-title\">Wirksame Hebel<\/h1><\/div><div class=\"uagb-ifb-separator\"><\/div><\/div><\/div>\n<\/div><\/div>\n\n\n\n<div class=\"wp-block-uagb-container uagb-block-da13ee0d alignfull uagb-is-root-container\"><div class=\"uagb-container-inner-blocks-wrap\">\n<div class=\"wp-block-uagb-container uagb-block-40237000\">\n<div class=\"wp-block-uagb-info-box uagb-block-d6637682 uagb-infobox__content-wrap  uagb-infobox_cta-type-all uagb-infobox-icon-above-title uagb-infobox-image-valign-top\"><a href=\"https:\/\/glueck-wunsch.de\/testimonial474\/begleitung\/\" class=\"uagb-infobox-link-wrap uagb-infbox__link-to-all\" target=\"_self\" aria-label=\"Infobox Link\" rel=\"noopener noreferrer\" onclick=\"return true;\"><\/a><div class=\"uagb-ifb-content\"><div class=\"uagb-ifb-image-content\"><img decoding=\"async\" src=\"https:\/\/glueck-wunsch.de\/testimonial474\/wp-content\/uploads\/2023\/11\/Organisationsdesign.png\" alt=\"\" width=\"215\" height=\"148\" loading=\"lazy\"\/><\/div><div class=\"uagb-ifb-title-wrap\"><h2 class=\"uagb-ifb-title\">Organisationsdesign<\/h2><\/div><div class=\"uagb-ifb-separator\"><\/div><p class=\"uagb-ifb-desc\">Beratung &amp; <br>Transformationsbegleitung<\/p><div class=\"uagb-ifb-button-wrapper wp-block-button\"><\/div><\/div><\/div>\n<\/div>\n\n\n\n<div class=\"wp-block-uagb-container uagb-block-e28f528b\">\n<div class=\"wp-block-uagb-info-box uagb-block-b7557aa2 uagb-infobox__content-wrap  uagb-infobox_cta-type-all uagb-infobox-icon-above-title uagb-infobox-image-valign-top\"><a href=\"https:\/\/glueck-wunsch.de\/testimonial474\/coaching\/\" class=\"uagb-infobox-link-wrap uagb-infbox__link-to-all\" target=\"_self\" aria-label=\"Infobox Link\" rel=\"noopener noreferrer\" onclick=\"return true;\"><\/a><div class=\"uagb-ifb-content\"><div class=\"uagb-ifb-image-content\"><img decoding=\"async\" src=\"https:\/\/glueck-wunsch.de\/testimonial474\/wp-content\/uploads\/2023\/11\/Coaching.png\" alt=\"\" width=\"215\" height=\"196\" loading=\"lazy\"\/><\/div><div class=\"uagb-ifb-title-wrap\"><h2 class=\"uagb-ifb-title\">Coaching &amp; Sparring<\/h2><\/div><div class=\"uagb-ifb-separator\"><\/div><p class=\"uagb-ifb-desc\">Coaching &amp; Sparring f\u00fcr <br>F\u00fchrungskr\u00e4fte<\/p><div class=\"uagb-ifb-button-wrapper wp-block-button\"><\/div><\/div><\/div>\n<\/div>\n\n\n\n<div class=\"wp-block-uagb-container uagb-block-5a30ab59\">\n<div class=\"wp-block-uagb-info-box uagb-block-2e15a317 uagb-infobox__content-wrap  uagb-infobox_cta-type-all uagb-infobox-icon-above-title uagb-infobox-image-valign-top\"><a href=\"https:\/\/glueck-wunsch.de\/testimonial474\/angebot\/\" class=\"uagb-infobox-link-wrap uagb-infbox__link-to-all\" target=\"_self\" aria-label=\"Infobox Link\" rel=\"noopener noreferrer\" onclick=\"return true;\"><\/a><div class=\"uagb-ifb-content\"><div class=\"uagb-ifb-image-content\"><img decoding=\"async\" src=\"https:\/\/glueck-wunsch.de\/testimonial474\/wp-content\/uploads\/2023\/11\/Kulturmuster.png\" alt=\"\" width=\"201\" height=\"168\" loading=\"lazy\"\/><\/div><div class=\"uagb-ifb-title-wrap\"><h2 class=\"uagb-ifb-title\">Kulturmuster<\/h2><\/div><div class=\"uagb-ifb-separator\"><\/div><p class=\"uagb-ifb-desc\">Kultur- und Strukturmuster<br>Analysen<\/p><div class=\"uagb-ifb-button-wrapper wp-block-button\"><\/div><\/div><\/div>\n<\/div>\n<\/div><\/div>\n\n\n\n<div class=\"wp-block-uagb-container uagb-block-8bc7b04e alignfull uagb-is-root-container\"><div class=\"uagb-container-inner-blocks-wrap\">\n<div class=\"wp-block-uagb-container uagb-block-0860fa68\">\n<div class=\"wp-block-uagb-info-box uagb-block-35232809 uagb-infobox__content-wrap  uagb-infobox_cta-type-all uagb-infobox-icon-above-title uagb-infobox-image-valign-top\"><a href=\"https:\/\/glueck-wunsch.de\/testimonial474\/fuehrungskraefteschulung-ein-leadershipprogramm\/\" class=\"uagb-infobox-link-wrap uagb-infbox__link-to-all\" target=\"_self\" aria-label=\"Infobox Link\" rel=\"noopener noreferrer\" onclick=\"return true;\"><\/a><div class=\"uagb-ifb-content\"><div class=\"uagb-ifb-image-content\"><img decoding=\"async\" src=\"https:\/\/glueck-wunsch.de\/testimonial474\/wp-content\/uploads\/2023\/11\/Leadership_.png\" alt=\"\" width=\"215\" height=\"208\" loading=\"lazy\"\/><\/div><div class=\"uagb-ifb-title-wrap\"><h2 class=\"uagb-ifb-title\">Leadership<\/h2><\/div><div class=\"uagb-ifb-separator\"><\/div><p class=\"uagb-ifb-desc\">Self-\/Leadership<br>Programme<\/p><div class=\"uagb-ifb-button-wrapper wp-block-button\"><\/div><\/div><\/div>\n<\/div>\n\n\n\n<div class=\"wp-block-uagb-container uagb-block-34de34eb\">\n<div class=\"wp-block-uagb-info-box uagb-block-3427d082 uagb-infobox__content-wrap  uagb-infobox_cta-type-all uagb-infobox-icon-above-title uagb-infobox-image-valign-top\"><a href=\"https:\/\/glueck-wunsch.de\/testimonial474\/workshops-moderation\/\" class=\"uagb-infobox-link-wrap uagb-infbox__link-to-all\" target=\"_self\" aria-label=\"Infobox Link\" rel=\"noopener noreferrer\" onclick=\"return true;\"><\/a><div class=\"uagb-ifb-content\"><div class=\"uagb-ifb-image-content\"><img decoding=\"async\" src=\"https:\/\/glueck-wunsch.de\/testimonial474\/wp-content\/uploads\/2023\/11\/Vision.png\" alt=\"\" width=\"215\" height=\"204\" loading=\"lazy\"\/><\/div><div class=\"uagb-ifb-title-wrap\"><h2 class=\"uagb-ifb-title\">Vision &amp; Strategie<\/h2><\/div><div class=\"uagb-ifb-separator\"><\/div><p class=\"uagb-ifb-desc\">Mission-, Vision-, Strategie-<br>Entwicklung &amp; Umsetzung<\/p><div class=\"uagb-ifb-button-wrapper wp-block-button\"><\/div><\/div><\/div>\n<\/div>\n\n\n\n<div class=\"wp-block-uagb-container uagb-block-6d25b298\">\n<div class=\"wp-block-uagb-info-box uagb-block-7e2543e5 uagb-infobox__content-wrap  uagb-infobox_cta-type-all uagb-infobox-icon-above-title uagb-infobox-image-valign-top\"><a href=\"https:\/\/glueck-wunsch.de\/testimonial474\/teamentwicklung\/\" class=\"uagb-infobox-link-wrap uagb-infbox__link-to-all\" target=\"_self\" aria-label=\"Infobox Link\" rel=\"noopener noreferrer\" onclick=\"return true;\"><\/a><div class=\"uagb-ifb-content\"><div class=\"uagb-ifb-image-content\"><img decoding=\"async\" src=\"https:\/\/glueck-wunsch.de\/testimonial474\/wp-content\/uploads\/2023\/11\/Teamwork_.png\" alt=\"\" width=\"222\" height=\"167\" loading=\"lazy\"\/><\/div><div class=\"uagb-ifb-title-wrap\"><h2 class=\"uagb-ifb-title\">Teamentwicklung<\/h2><\/div><div class=\"uagb-ifb-separator\"><\/div><p class=\"uagb-ifb-desc\">Neue &amp; bestehende Teams <br>entwickeln<\/p><div class=\"uagb-ifb-button-wrapper wp-block-button\"><\/div><\/div><\/div>\n<\/div>\n<\/div><\/div>\n\n\n\n<div class=\"wp-block-uagb-container uagb-block-5eb5be98 alignfull uagb-is-root-container\"><div class=\"uagb-container-inner-blocks-wrap\">\n<div class=\"wp-block-uagb-container uagb-block-6bd925a0\">\n<div class=\"wp-block-uagb-info-box uagb-block-f4149524 uagb-infobox__content-wrap  uagb-infobox-icon-above-title uagb-infobox-image-valign-top\"><div class=\"uagb-ifb-content\"><div class=\"uagb-ifb-title-wrap\"><p class=\"uagb-ifb-title-prefix\">Impulse im Posteingang<\/p><h1 class=\"uagb-ifb-title\">NEWSLETTER<\/h1><\/div><div class=\"uagb-ifb-separator\"><\/div><\/div><\/div>\n\n\n\n<div class=\"wp-block-uagb-forms uagb-forms__outer-wrap uagb-block-08bf8aed uagb-forms__medium-btn\"><form class=\"uagb-forms-main-form\" method=\"post\" autocomplete=\"on\" name=\"uagb-form-08bf8aed\">\n<div class=\"wp-block-uagb-forms-name uagb-forms-name-wrap uagb-forms-field-set uagb-block-a060cca0\"><div class=\"uagb-forms-name-label required uagb-forms-input-label\" id=\"a060cca0\">Name<\/div><input type=\"text\" placeholder=\"Name\" required class=\"uagb-forms-name-input uagb-forms-input\" name=\"a060cca0\" autocomplete=\"name\"\/><\/div>\n\n\n\n<div class=\"wp-block-uagb-forms-email uagb-forms-email-wrap uagb-forms-field-set uagb-block-4ae59739\"><div class=\"uagb-forms-email-label required uagb-forms-input-label\" id=\"4ae59739\">Email<\/div><input type=\"email\" class=\"uagb-forms-email-input uagb-forms-input\" placeholder=\"E-Mail\" required name=\"4ae59739\" autocomplete=\"email\"\/><\/div>\n\n\n\n<div class=\"wp-block-uagb-forms-checkbox uagb-forms-checkbox-wrap uagb-forms-field-set uagb-block-9e07509a\"><div class=\"uagb-forms-checkbox-label required uagb-forms-input-label\" id=\"9e07509a\">Checkbox Title<\/div><input type=\"checkbox\" class=\"uagb-forms-checkbox\" id=\"checkbox-ich-stimme-den-datenschutzbestimmungen-zu-9e07509a\" name=\"Checkbox Title[]\" value=\"Ich stimme den Datenschutzbestimmungen  zu\" required\/><label for=\"checkbox-ich-stimme-den-datenschutzbestimmungen-zu-9e07509a\">Ich stimme den Datenschutzbestimmungen  zu<\/label><br\/><\/div>\n<div class=\"uagb-forms-form-hidden-data\"><input type=\"hidden\" class=\"uagb_forms_form_label\" value=\"Spectra Form\"\/><input type=\"hidden\" class=\"uagb_forms_form_id\" value=\"uagb-form-08bf8aed\"\/><\/div><div class=\"uagb-form-reacaptcha-error-08bf8aed\"><\/div><div class=\"uagb-forms-main-submit-button-wrap wp-block-button\"><button class=\"uagb-forms-main-submit-button wp-block-button__link\"><div class=\"uagb-forms-main-submit-button-text\">senden<\/div><\/button><\/div><\/form><div class=\"uagb-forms-success-message-08bf8aed uagb-forms-submit-message-hide\"><span>Ihr Eintrag war erfolgreich!<\/span><\/div><div class=\"uagb-forms-failed-message-08bf8aed uagb-forms-submit-message-hide\"><span>Leider gab es einen \u00dcbertragungsfehler. Bitte f\u00fcllen Sie die Felder noch einmal aus.<\/span><\/div><\/div>\n<\/div>\n\n\n\n<div class=\"wp-block-uagb-container uagb-block-52afa12d\"><\/div>\n<\/div><\/div>\n","protected":false},"excerpt":{"rendered":"","protected":false},"author":3,"featured_media":0,"parent":0,"menu_order":0,"comment_status":"closed","ping_status":"closed","template":"","meta":{"_coblocks_attr":"","_coblocks_dimensions":"","_coblocks_responsive_height":"","_coblocks_accordion_ie_support":"","_uag_custom_page_level_css":"","site-sidebar-layout":"default","site-content-layout":"","ast-site-content-layout":"default","site-content-style":"default","site-sidebar-style":"default","ast-global-header-display":"","ast-banner-title-visibility":"","ast-main-header-display":"","ast-hfb-above-header-display":"","ast-hfb-below-header-display":"","ast-hfb-mobile-header-display":"","site-post-title":"","ast-breadcrumbs-content":"","ast-featured-img":"","footer-sml-layout":"","theme-transparent-header-meta":"","adv-header-id-meta":"","stick-header-meta":"","header-above-stick-meta":"","header-main-stick-meta":"","header-below-stick-meta":"","astra-migrate-meta-layouts":"set","ast-page-background-enabled":"default","ast-page-background-meta":{"desktop":{"background-color":"","background-image":"","background-repeat":"repeat","background-position":"center center","background-size":"auto","background-attachment":"scroll","background-type":"","background-media":"","overlay-type":"","overlay-color":"","overlay-opacity":"","overlay-gradient":""},"tablet":{"background-color":"","background-image":"","background-repeat":"repeat","background-position":"center center","background-size":"auto","background-attachment":"scroll","background-type":"","background-media":"","overlay-type":"","overlay-color":"","overlay-opacity":"","overlay-gradient":""},"mobile":{"background-color":"","background-image":"","background-repeat":"repeat","background-position":"center center","background-size":"auto","background-attachment":"scroll","background-type":"","background-media":"","overlay-type":"","overlay-color":"","overlay-opacity":"","overlay-gradient":""}},"ast-content-background-meta":{"desktop":{"background-color":"var(--ast-global-color-5)","background-image":"","background-repeat":"repeat","background-position":"center center","background-size":"auto","background-attachment":"scroll","background-type":"","background-media":"","overlay-type":"","overlay-color":"","overlay-opacity":"","overlay-gradient":""},"tablet":{"background-color":"var(--ast-global-color-5)","background-image":"","background-repeat":"repeat","background-position":"center center","background-size":"auto","background-attachment":"scroll","background-type":"","background-media":"","overlay-type":"","overlay-color":"","overlay-opacity":"","overlay-gradient":""},"mobile":{"background-color":"var(--ast-global-color-5)","background-image":"","background-repeat":"repeat","background-position":"center center","background-size":"auto","background-attachment":"scroll","background-type":"","background-media":"","overlay-type":"","overlay-color":"","overlay-opacity":"","overlay-gradient":""}},"footnotes":""},"class_list":["post-7275","page","type-page","status-publish","hentry"],"uagb_featured_image_src":{"full":false,"thumbnail":false,"medium":false,"medium_large":false,"large":false,"1536x1536":false,"2048x2048":false},"uagb_author_info":{"display_name":"Clarissa Lenz","author_link":"https:\/\/glueck-wunsch.de\/testimonial474\/author\/clarissa\/"},"uagb_comment_info":0,"uagb_excerpt":null,"_links":{"self":[{"href":"https:\/\/glueck-wunsch.de\/testimonial474\/wp-json\/wp\/v2\/pages\/7275","targetHints":{"allow":["GET"]}}],"collection":[{"href":"https:\/\/glueck-wunsch.de\/testimonial474\/wp-json\/wp\/v2\/pages"}],"about":[{"href":"https:\/\/glueck-wunsch.de\/testimonial474\/wp-json\/wp\/v2\/types\/page"}],"author":[{"embeddable":true,"href":"https:\/\/glueck-wunsch.de\/testimonial474\/wp-json\/wp\/v2\/users\/3"}],"replies":[{"embeddable":true,"href":"https:\/\/glueck-wunsch.de\/testimonial474\/wp-json\/wp\/v2\/comments?post=7275"}],"version-history":[{"count":39,"href":"https:\/\/glueck-wunsch.de\/testimonial474\/wp-json\/wp\/v2\/pages\/7275\/revisions"}],"predecessor-version":[{"id":7936,"href":"https:\/\/glueck-wunsch.de\/testimonial474\/wp-json\/wp\/v2\/pages\/7275\/revisions\/7936"}],"wp:attachment":[{"href":"https:\/\/glueck-wunsch.de\/testimonial474\/wp-json\/wp\/v2\/media?parent=7275"}],"curies":[{"name":"wp","href":"https:\/\/api.w.org\/{rel}","templated":true}]}}